{"id":939,"date":"2020-09-04T12:53:18","date_gmt":"2020-09-04T10:53:18","guid":{"rendered":"https:\/\/aic-vbc.be\/?page_id=939"},"modified":"2023-05-20T14:41:26","modified_gmt":"2023-05-20T12:41:26","slug":"ontdek-onze-artikelen","status":"publish","type":"page","link":"https:\/\/www.aic-vbc.be\/nl\/ontdek-onze-artikelen\/","title":{"rendered":"Ontdek onze artikelen"},"content":{"rendered":"\t\t<div data-elementor-type=\"wp-page\" data-elementor-id=\"939\" class=\"elementor elementor-939 elementor-1961\" data-elementor-post-type=\"page\">\n\t\t\t\t\t\t<section class=\"elementor-section elementor-top-section elementor-element elementor-element-ded1157 elementor-section-boxed elementor-section-height-default elementor-section-height-default\" data-id=\"ded1157\" data-element_type=\"section\" data-settings=\"{&quot;jet_parallax_layout_list&quot;:[{&quot;jet_parallax_layout_image&quot;:{&quot;url&quot;:&quot;&quot;,&quot;id&quot;:&quot;&quot;,&quot;size&quot;:&quot;&quot;},&quot;_id&quot;:&quot;b0aa9ac&quot;,&quot;jet_parallax_layout_image_tablet&quot;:{&quot;url&quot;:&quot;&quot;,&quot;id&quot;:&quot;&quot;,&quot;size&quot;:&quot;&quot;},&quot;jet_parallax_layout_image_mobile&quot;:{&quot;url&quot;:&quot;&quot;,&quot;id&quot;:&quot;&quot;,&quot;size&quot;:&quot;&quot;},&quot;jet_parallax_layout_speed&quot;:{&quot;unit&quot;:&quot;%&quot;,&quot;size&quot;:50,&quot;sizes&quot;:[]},&quot;jet_parallax_layout_type&quot;:&quot;scroll&quot;,&quot;jet_parallax_layout_direction&quot;:null,&quot;jet_parallax_layout_fx_direction&quot;:null,&quot;jet_parallax_layout_z_index&quot;:&quot;&quot;,&quot;jet_parallax_layout_bg_x&quot;:50,&quot;jet_parallax_layout_bg_x_tablet&quot;:&quot;&quot;,&quot;jet_parallax_layout_bg_x_mobile&quot;:&quot;&quot;,&quot;jet_parallax_layout_bg_y&quot;:50,&quot;jet_parallax_layout_bg_y_tablet&quot;:&quot;&quot;,&quot;jet_parallax_layout_bg_y_mobile&quot;:&quot;&quot;,&quot;jet_parallax_layout_bg_size&quot;:&quot;auto&quot;,&quot;jet_parallax_layout_bg_size_tablet&quot;:&quot;&quot;,&quot;jet_parallax_layout_bg_size_mobile&quot;:&quot;&quot;,&quot;jet_parallax_layout_animation_prop&quot;:&quot;transform&quot;,&quot;jet_parallax_layout_on&quot;:[&quot;desktop&quot;,&quot;tablet&quot;]}]}\">\n\t\t\t\t\t\t<div class=\"elementor-container elementor-column-gap-default\">\n\t\t\t\t\t<div class=\"elementor-column elementor-col-100 elementor-top-column elementor-element elementor-element-e81d390\" data-id=\"e81d390\" data-element_type=\"column\">\n\t\t\t<div class=\"elementor-widget-wrap elementor-element-populated\">\n\t\t\t\t\t\t<div class=\"elementor-element elementor-element-ed83316 elementor-widget elementor-widget-heading\" data-id=\"ed83316\" data-element_type=\"widget\" data-widget_type=\"heading.default\">\n\t\t\t\t<div class=\"elementor-widget-container\">\n\t\t\t\t\t<h1 class=\"elementor-heading-title elementor-size-default\">Ontdek onze artikelen<\/h1>\t\t\t\t<\/div>\n\t\t\t\t<\/div>\n\t\t\t\t\t<\/div>\n\t\t<\/div>\n\t\t\t\t\t<\/div>\n\t\t<\/section>\n\t\t\t\t<section class=\"elementor-section elementor-top-section elementor-element elementor-element-b4a6776 elementor-section-boxed elementor-section-height-default elementor-section-height-default\" data-id=\"b4a6776\" data-element_type=\"section\" data-settings=\"{&quot;jet_parallax_layout_list&quot;:[{&quot;jet_parallax_layout_image&quot;:{&quot;url&quot;:&quot;&quot;,&quot;id&quot;:&quot;&quot;,&quot;size&quot;:&quot;&quot;},&quot;_id&quot;:&quot;1b18ca8&quot;,&quot;jet_parallax_layout_image_tablet&quot;:{&quot;url&quot;:&quot;&quot;,&quot;id&quot;:&quot;&quot;,&quot;size&quot;:&quot;&quot;},&quot;jet_parallax_layout_image_mobile&quot;:{&quot;url&quot;:&quot;&quot;,&quot;id&quot;:&quot;&quot;,&quot;size&quot;:&quot;&quot;},&quot;jet_parallax_layout_speed&quot;:{&quot;unit&quot;:&quot;%&quot;,&quot;size&quot;:50,&quot;sizes&quot;:[]},&quot;jet_parallax_layout_type&quot;:&quot;scroll&quot;,&quot;jet_parallax_layout_direction&quot;:null,&quot;jet_parallax_layout_fx_direction&quot;:null,&quot;jet_parallax_layout_z_index&quot;:&quot;&quot;,&quot;jet_parallax_layout_bg_x&quot;:50,&quot;jet_parallax_layout_bg_x_tablet&quot;:&quot;&quot;,&quot;jet_parallax_layout_bg_x_mobile&quot;:&quot;&quot;,&quot;jet_parallax_layout_bg_y&quot;:50,&quot;jet_parallax_layout_bg_y_tablet&quot;:&quot;&quot;,&quot;jet_parallax_layout_bg_y_mobile&quot;:&quot;&quot;,&quot;jet_parallax_layout_bg_size&quot;:&quot;auto&quot;,&quot;jet_parallax_layout_bg_size_tablet&quot;:&quot;&quot;,&quot;jet_parallax_layout_bg_size_mobile&quot;:&quot;&quot;,&quot;jet_parallax_layout_animation_prop&quot;:&quot;transform&quot;,&quot;jet_parallax_layout_on&quot;:[&quot;desktop&quot;,&quot;tablet&quot;]}]}\">\n\t\t\t\t\t\t<div class=\"elementor-container elementor-column-gap-default\">\n\t\t\t\t\t<div class=\"elementor-column elementor-col-100 elementor-top-column elementor-element elementor-element-0e90614\" data-id=\"0e90614\" data-element_type=\"column\">\n\t\t\t<div class=\"elementor-widget-wrap elementor-element-populated\">\n\t\t\t\t\t\t<div class=\"elementor-element elementor-element-172ec1d elementor-widget elementor-widget-text-editor\" data-id=\"172ec1d\" data-element_type=\"widget\" data-widget_type=\"text-editor.default\">\n\t\t\t\t<div class=\"elementor-widget-container\">\n\t\t\t\t\t\t\t\t\t<p><strong>Ontdek onze artikelen is een pagina waar we u informeren over verschillende uitvaartproducten.<\/strong><\/p><p><strong>U kan nog meer artikelen aangaande de funeraire sector terugvinden op onze pagina <a href=\"https:\/\/aic-vbc.be\/nl\/onze-diensten\/uitvaartartikelen\/\">uitvaartartikelen<\/a><\/strong><\/p>\t\t\t\t\t\t\t\t<\/div>\n\t\t\t\t<\/div>\n\t\t\t\t\t<\/div>\n\t\t<\/div>\n\t\t\t\t\t<\/div>\n\t\t<\/section>\n\t\t\t\t<section class=\"elementor-section elementor-top-section elementor-element elementor-element-84f5872 elementor-section-boxed elementor-section-height-default elementor-section-height-default\" data-id=\"84f5872\" data-element_type=\"section\" data-settings=\"{&quot;jet_parallax_layout_list&quot;:[{&quot;jet_parallax_layout_image&quot;:{&quot;url&quot;:&quot;&quot;,&quot;id&quot;:&quot;&quot;,&quot;size&quot;:&quot;&quot;},&quot;_id&quot;:&quot;c82928a&quot;,&quot;jet_parallax_layout_image_tablet&quot;:{&quot;url&quot;:&quot;&quot;,&quot;id&quot;:&quot;&quot;,&quot;size&quot;:&quot;&quot;},&quot;jet_parallax_layout_image_mobile&quot;:{&quot;url&quot;:&quot;&quot;,&quot;id&quot;:&quot;&quot;,&quot;size&quot;:&quot;&quot;},&quot;jet_parallax_layout_speed&quot;:{&quot;unit&quot;:&quot;%&quot;,&quot;size&quot;:50,&quot;sizes&quot;:[]},&quot;jet_parallax_layout_type&quot;:&quot;scroll&quot;,&quot;jet_parallax_layout_direction&quot;:null,&quot;jet_parallax_layout_fx_direction&quot;:null,&quot;jet_parallax_layout_z_index&quot;:&quot;&quot;,&quot;jet_parallax_layout_bg_x&quot;:50,&quot;jet_parallax_layout_bg_x_tablet&quot;:&quot;&quot;,&quot;jet_parallax_layout_bg_x_mobile&quot;:&quot;&quot;,&quot;jet_parallax_layout_bg_y&quot;:50,&quot;jet_parallax_layout_bg_y_tablet&quot;:&quot;&quot;,&quot;jet_parallax_layout_bg_y_mobile&quot;:&quot;&quot;,&quot;jet_parallax_layout_bg_size&quot;:&quot;auto&quot;,&quot;jet_parallax_layout_bg_size_tablet&quot;:&quot;&quot;,&quot;jet_parallax_layout_bg_size_mobile&quot;:&quot;&quot;,&quot;jet_parallax_layout_animation_prop&quot;:&quot;transform&quot;,&quot;jet_parallax_layout_on&quot;:[&quot;desktop&quot;,&quot;tablet&quot;]}]}\">\n\t\t\t\t\t\t<div class=\"elementor-container elementor-column-gap-default\">\n\t\t\t\t\t<div class=\"elementor-column elementor-col-100 elementor-top-column elementor-element elementor-element-725a147\" data-id=\"725a147\" data-element_type=\"column\">\n\t\t\t<div class=\"elementor-widget-wrap elementor-element-populated\">\n\t\t\t\t\t\t<div class=\"elementor-element elementor-element-07ff657 elementor-widget elementor-widget-raven-categories\" data-id=\"07ff657\" data-element_type=\"widget\" data-settings=\"{&quot;_skin&quot;:&quot;inner_content&quot;,&quot;source&quot;:&quot;product&quot;,&quot;inner_content_layout&quot;:&quot;grid&quot;,&quot;inner_content_columns&quot;:&quot;3&quot;,&quot;inner_content_columns_tablet&quot;:&quot;2&quot;,&quot;inner_content_columns_mobile&quot;:&quot;1&quot;}\" data-widget_type=\"raven-categories.inner_content\">\n\t\t\t\t<div class=\"elementor-widget-container\">\n\t\t\t\t\t\t\t<div class=\"raven-categories-grid raven-categories-skin-inner_content\">\n\t\t\t\t\t<article class=\"raven-categories-item elementor-animation-grow post-939 page type-page status-publish hentry\">\n\t\t\t\t\t<div class=\"raven-categories-img\" style=\"background-image: url('https:\/\/www.aic-vbc.be\/wp-content\/uploads\/2020\/10\/999999999.20200921203011987.999999999.20200921203011987K9rvE.jpg')\"><\/div>\n\t\t\t\t\t<div class=\"raven-categories-content\">\n\t\t\t<h3 class=\"raven-categories-title\"><a href=\"https:\/\/www.aic-vbc.be\/nl\/shop\/natuurlijke-bloemen\/\">Natuurlijke bloemen<\/a><\/h3>\t\t\t<\/div>\n\t\t<\/article>\n\t\t\t\t<article class=\"raven-categories-item elementor-animation-grow post-939 page type-page status-publish hentry\">\n\t\t\t\t\t<div class=\"raven-categories-img\" style=\"background-image: url('https:\/\/www.aic-vbc.be\/wp-content\/uploads\/2022\/12\/2022-08-03-1024x768.jpg')\"><\/div>\n\t\t\t\t\t<div class=\"raven-categories-content\">\n\t\t\t<h3 class=\"raven-categories-title\"><a href=\"https:\/\/www.aic-vbc.be\/nl\/shop\/zijden-bloemen-2\/\">Zijden bloemen<\/a><\/h3>\t\t\t<\/div>\n\t\t<\/article>\n\t\t\t\t<article class=\"raven-categories-item elementor-animation-grow post-939 page type-page status-publish hentry\">\n\t\t\t\t\t<div class=\"raven-categories-img\" style=\"background-image: url('https:\/\/www.aic-vbc.be\/wp-content\/uploads\/2023\/05\/2023-04-19-1024x724.jpg')\"><\/div>\n\t\t\t\t\t<div class=\"raven-categories-content\">\n\t\t\t<h3 class=\"raven-categories-title\"><a href=\"https:\/\/www.aic-vbc.be\/nl\/shop\/hanger-voor-as-memorial-nl\/\">Hanger voor as MEMORIAL<\/a><\/h3>\t\t\t<\/div>\n\t\t<\/article>\n\t\t\t\t<article class=\"raven-categories-item elementor-animation-grow post-939 page type-page status-publish hentry\">\n\t\t\t\t\t<div class=\"raven-categories-img\" style=\"background-image: url('https:\/\/www.aic-vbc.be\/wp-content\/uploads\/2023\/03\/Porte-cles-Pompes-funebres-AIC-Heirbrant.jpg')\"><\/div>\n\t\t\t\t\t<div class=\"raven-categories-content\">\n\t\t\t<h3 class=\"raven-categories-title\"><a href=\"https:\/\/www.aic-vbc.be\/nl\/shop\/sleutelhanger-voor-as\/nl\/\">Sleutelhanger voor as<\/a><\/h3>\t\t\t<\/div>\n\t\t<\/article>\n\t\t\t\t<\/div>\n\t\t\t\t\t\t<\/div>\n\t\t\t\t<\/div>\n\t\t\t\t\t<\/div>\n\t\t<\/div>\n\t\t\t\t\t<\/div>\n\t\t<\/section>\n\t\t\t\t<section class=\"elementor-section elementor-top-section elementor-element elementor-element-a3aa1ec elementor-section-boxed elementor-section-height-default elementor-section-height-default\" data-id=\"a3aa1ec\" data-element_type=\"section\" data-settings=\"{&quot;jet_parallax_layout_list&quot;:[{&quot;jet_parallax_layout_image&quot;:{&quot;url&quot;:&quot;&quot;,&quot;id&quot;:&quot;&quot;,&quot;size&quot;:&quot;&quot;},&quot;_id&quot;:&quot;b99f28c&quot;,&quot;jet_parallax_layout_image_tablet&quot;:{&quot;url&quot;:&quot;&quot;,&quot;id&quot;:&quot;&quot;,&quot;size&quot;:&quot;&quot;},&quot;jet_parallax_layout_image_mobile&quot;:{&quot;url&quot;:&quot;&quot;,&quot;id&quot;:&quot;&quot;,&quot;size&quot;:&quot;&quot;},&quot;jet_parallax_layout_speed&quot;:{&quot;unit&quot;:&quot;%&quot;,&quot;size&quot;:50,&quot;sizes&quot;:[]},&quot;jet_parallax_layout_type&quot;:&quot;scroll&quot;,&quot;jet_parallax_layout_direction&quot;:null,&quot;jet_parallax_layout_fx_direction&quot;:null,&quot;jet_parallax_layout_z_index&quot;:&quot;&quot;,&quot;jet_parallax_layout_bg_x&quot;:50,&quot;jet_parallax_layout_bg_x_tablet&quot;:&quot;&quot;,&quot;jet_parallax_layout_bg_x_mobile&quot;:&quot;&quot;,&quot;jet_parallax_layout_bg_y&quot;:50,&quot;jet_parallax_layout_bg_y_tablet&quot;:&quot;&quot;,&quot;jet_parallax_layout_bg_y_mobile&quot;:&quot;&quot;,&quot;jet_parallax_layout_bg_size&quot;:&quot;auto&quot;,&quot;jet_parallax_layout_bg_size_tablet&quot;:&quot;&quot;,&quot;jet_parallax_layout_bg_size_mobile&quot;:&quot;&quot;,&quot;jet_parallax_layout_animation_prop&quot;:&quot;transform&quot;,&quot;jet_parallax_layout_on&quot;:[&quot;desktop&quot;,&quot;tablet&quot;]}]}\">\n\t\t\t\t\t\t<div class=\"elementor-container elementor-column-gap-default\">\n\t\t\t\t\t<div class=\"elementor-column elementor-col-100 elementor-top-column elementor-element elementor-element-8d12872\" data-id=\"8d12872\" data-element_type=\"column\">\n\t\t\t<div class=\"elementor-widget-wrap elementor-element-populated\">\n\t\t\t\t\t\t<div class=\"elementor-element elementor-element-47ed0ee elementor-widget elementor-widget-image\" data-id=\"47ed0ee\" data-element_type=\"widget\" data-widget_type=\"image.default\">\n\t\t\t\t<div class=\"elementor-widget-container\">\n\t\t\t\t\t\t\t\t\t\t\t\t\t\t\t<img decoding=\"async\" width=\"150\" height=\"150\" src=\"https:\/\/www.aic-vbc.be\/wp-content\/uploads\/2020\/10\/cropped-A.I.C-150x150.png\" class=\"attachment-thumbnail size-thumbnail wp-image-2456\" alt=\"Voorzorg zorg voor uitvaart Begrafenisondernemer AIC Heirbrant Brussel Strombeek Meise Grimbergen\" srcset=\"https:\/\/www.aic-vbc.be\/wp-content\/uploads\/2020\/10\/cropped-A.I.C-150x150.png 150w, https:\/\/www.aic-vbc.be\/wp-content\/uploads\/2020\/10\/cropped-A.I.C-300x300.png 300w, https:\/\/www.aic-vbc.be\/wp-content\/uploads\/2020\/10\/cropped-A.I.C-500x500.png 500w, https:\/\/www.aic-vbc.be\/wp-content\/uploads\/2020\/10\/cropped-A.I.C-100x100.png 100w, https:\/\/www.aic-vbc.be\/wp-content\/uploads\/2020\/10\/cropped-A.I.C-270x270.png 270w, https:\/\/www.aic-vbc.be\/wp-content\/uploads\/2020\/10\/cropped-A.I.C-192x192.png 192w, https:\/\/www.aic-vbc.be\/wp-content\/uploads\/2020\/10\/cropped-A.I.C-180x180.png 180w, https:\/\/www.aic-vbc.be\/wp-content\/uploads\/2020\/10\/cropped-A.I.C-32x32.png 32w, https:\/\/www.aic-vbc.be\/wp-content\/uploads\/2020\/10\/cropped-A.I.C.png 512w\" sizes=\"(max-width: 150px) 100vw, 150px\" \/>\t\t\t\t\t\t\t\t\t\t\t\t\t\t\t<\/div>\n\t\t\t\t<\/div>\n\t\t\t\t\t<\/div>\n\t\t<\/div>\n\t\t\t\t\t<\/div>\n\t\t<\/section>\n\t\t\t\t<\/div>\n\t\t","protected":false},"excerpt":{"rendered":"<p>Ontdek onze artikelen Ontdek onze artikelen is een pagina waar we u informeren over verschillende uitvaartproducten. U kan nog meer artikelen aangaande de funeraire sector terugvinden op onze pagina uitvaartartikelen Fleurs naturelles Fleurs en soie Porte cl\u00e9s Urnes exclusives et artisanales Bijoux de deuil &#8211; HOMMAGE &#8211; Faites \u00e0 la main Ours cendr\u00e9s Guide &#8221; [&hellip;]<\/p>\n","protected":false},"author":1,"featured_media":0,"parent":0,"menu_order":0,"comment_status":"closed","ping_status":"closed","template":"","meta":{"_acf_changed":false,"inline_featured_image":false,"_exactmetrics_skip_tracking":false,"_exactmetrics_sitenote_active":false,"_exactmetrics_sitenote_note":"","_exactmetrics_sitenote_category":0,"footnotes":""},"class_list":["post-939","page","type-page","status-publish","hentry"],"acf":[],"yoast_head":"<!-- This site is optimized with the Yoast SEO plugin v27.0 - https:\/\/yoast.com\/product\/yoast-seo-wordpress\/ -->\n<title>Ontdek onze artikelen - Alle uitvaartartikelen - Asjuwelen<\/title>\n<meta name=\"description\" content=\"Ontdek onze artikelen - Asjuwelen - Askaders - Armbanden - Kaarsen - Begrafenisonderneming AIC Heirbrant- Vrijblijvend contact 02\/502.14.24\" \/>\n<meta name=\"robots\" content=\"index, follow, max-snippet:-1, max-image-preview:large, max-video-preview:-1\" \/>\n<link rel=\"canonical\" href=\"https:\/\/www.aic-vbc.be\/nl\/ontdek-onze-artikelen\/\" \/>\n<meta property=\"og:locale\" content=\"nl_NL\" \/>\n<meta property=\"og:type\" content=\"article\" \/>\n<meta property=\"og:title\" content=\"Ontdek onze artikelen - Alle uitvaartartikelen - Asjuwelen\" \/>\n<meta property=\"og:description\" content=\"Ontdek onze artikelen - Asjuwelen - Askaders - Armbanden - Kaarsen - Begrafenisonderneming AIC Heirbrant- Vrijblijvend contact 02\/502.14.24\" \/>\n<meta property=\"og:url\" content=\"https:\/\/www.aic-vbc.be\/nl\/ontdek-onze-artikelen\/\" \/>\n<meta property=\"og:site_name\" content=\"AIC HEIRBRANT VBC\" \/>\n<meta property=\"article:modified_time\" content=\"2023-05-20T12:41:26+00:00\" \/>\n<meta property=\"og:image\" content=\"https:\/\/aic-vbc.be\/wp-content\/uploads\/2020\/10\/cropped-A.I.C-150x150.png\" \/>\n<meta name=\"twitter:card\" content=\"summary_large_image\" \/>\n<meta name=\"twitter:label1\" content=\"Geschatte leestijd\" \/>\n\t<meta name=\"twitter:data1\" content=\"1 minuut\" \/>\n<script type=\"application\/ld+json\" class=\"yoast-schema-graph\">{\"@context\":\"https:\/\/schema.org\",\"@graph\":[{\"@type\":\"WebPage\",\"@id\":\"https:\/\/www.aic-vbc.be\/nl\/ontdek-onze-artikelen\/\",\"url\":\"https:\/\/www.aic-vbc.be\/nl\/ontdek-onze-artikelen\/\",\"name\":\"Ontdek onze artikelen - Alle uitvaartartikelen - Asjuwelen\",\"isPartOf\":{\"@id\":\"\/#website\"},\"primaryImageOfPage\":{\"@id\":\"https:\/\/www.aic-vbc.be\/nl\/ontdek-onze-artikelen\/#primaryimage\"},\"image\":{\"@id\":\"https:\/\/www.aic-vbc.be\/nl\/ontdek-onze-artikelen\/#primaryimage\"},\"thumbnailUrl\":\"https:\/\/aic-vbc.be\/wp-content\/uploads\/2020\/10\/cropped-A.I.C-150x150.png\",\"datePublished\":\"2020-09-04T10:53:18+00:00\",\"dateModified\":\"2023-05-20T12:41:26+00:00\",\"description\":\"Ontdek onze artikelen - Asjuwelen - Askaders - Armbanden - Kaarsen - Begrafenisonderneming AIC Heirbrant- Vrijblijvend contact 02\/502.14.24\",\"breadcrumb\":{\"@id\":\"https:\/\/www.aic-vbc.be\/nl\/ontdek-onze-artikelen\/#breadcrumb\"},\"inLanguage\":\"nl-NL\",\"potentialAction\":[{\"@type\":\"ReadAction\",\"target\":[\"https:\/\/www.aic-vbc.be\/nl\/ontdek-onze-artikelen\/\"]}]},{\"@type\":\"ImageObject\",\"inLanguage\":\"nl-NL\",\"@id\":\"https:\/\/www.aic-vbc.be\/nl\/ontdek-onze-artikelen\/#primaryimage\",\"url\":\"https:\/\/aic-vbc.be\/wp-content\/uploads\/2020\/10\/cropped-A.I.C-150x150.png\",\"contentUrl\":\"https:\/\/aic-vbc.be\/wp-content\/uploads\/2020\/10\/cropped-A.I.C-150x150.png\"},{\"@type\":\"BreadcrumbList\",\"@id\":\"https:\/\/www.aic-vbc.be\/nl\/ontdek-onze-artikelen\/#breadcrumb\",\"itemListElement\":[{\"@type\":\"ListItem\",\"position\":1,\"name\":\"Home\",\"item\":\"https:\/\/www.aic-vbc.be\/nl\/\"},{\"@type\":\"ListItem\",\"position\":2,\"name\":\"Ontdek onze artikelen\"}]},{\"@type\":\"WebSite\",\"@id\":\"\/#website\",\"url\":\"\/\",\"name\":\"AIC VBC\",\"description\":\"\",\"publisher\":{\"@id\":\"\/#organization\"},\"potentialAction\":[{\"@type\":\"SearchAction\",\"target\":{\"@type\":\"EntryPoint\",\"urlTemplate\":\"\/?s={search_term_string}\"},\"query-input\":{\"@type\":\"PropertyValueSpecification\",\"valueRequired\":true,\"valueName\":\"search_term_string\"}}],\"inLanguage\":\"nl-NL\"},{\"@type\":\"Organization\",\"@id\":\"\/#organization\",\"name\":\"AIC - HEIRBRANT - VBC\",\"url\":\"\/\",\"logo\":{\"@type\":\"ImageObject\",\"inLanguage\":\"nl-NL\",\"@id\":\"\/#\/schema\/logo\/image\/\",\"url\":\"https:\/\/www.aic-vbc.be\/wp-content\/uploads\/2020\/08\/AIC_Sfeerbeeld_01.jpg\",\"contentUrl\":\"https:\/\/www.aic-vbc.be\/wp-content\/uploads\/2020\/08\/AIC_Sfeerbeeld_01.jpg\",\"width\":1281,\"height\":854,\"caption\":\"AIC - HEIRBRANT - VBC\"},\"image\":{\"@id\":\"\/#\/schema\/logo\/image\/\"}}]}<\/script>\n<!-- \/ Yoast SEO plugin. -->","yoast_head_json":{"title":"Ontdek onze artikelen - Alle uitvaartartikelen - Asjuwelen","description":"Ontdek onze artikelen - Asjuwelen - Askaders - Armbanden - Kaarsen - Begrafenisonderneming AIC Heirbrant- Vrijblijvend contact 02\/502.14.24","robots":{"index":"index","follow":"follow","max-snippet":"max-snippet:-1","max-image-preview":"max-image-preview:large","max-video-preview":"max-video-preview:-1"},"canonical":"https:\/\/www.aic-vbc.be\/nl\/ontdek-onze-artikelen\/","og_locale":"nl_NL","og_type":"article","og_title":"Ontdek onze artikelen - Alle uitvaartartikelen - Asjuwelen","og_description":"Ontdek onze artikelen - Asjuwelen - Askaders - Armbanden - Kaarsen - Begrafenisonderneming AIC Heirbrant- Vrijblijvend contact 02\/502.14.24","og_url":"https:\/\/www.aic-vbc.be\/nl\/ontdek-onze-artikelen\/","og_site_name":"AIC HEIRBRANT VBC","article_modified_time":"2023-05-20T12:41:26+00:00","og_image":[{"url":"https:\/\/aic-vbc.be\/wp-content\/uploads\/2020\/10\/cropped-A.I.C-150x150.png","type":"","width":"","height":""}],"twitter_card":"summary_large_image","twitter_misc":{"Geschatte leestijd":"1 minuut"},"schema":{"@context":"https:\/\/schema.org","@graph":[{"@type":"WebPage","@id":"https:\/\/www.aic-vbc.be\/nl\/ontdek-onze-artikelen\/","url":"https:\/\/www.aic-vbc.be\/nl\/ontdek-onze-artikelen\/","name":"Ontdek onze artikelen - Alle uitvaartartikelen - Asjuwelen","isPartOf":{"@id":"\/#website"},"primaryImageOfPage":{"@id":"https:\/\/www.aic-vbc.be\/nl\/ontdek-onze-artikelen\/#primaryimage"},"image":{"@id":"https:\/\/www.aic-vbc.be\/nl\/ontdek-onze-artikelen\/#primaryimage"},"thumbnailUrl":"https:\/\/aic-vbc.be\/wp-content\/uploads\/2020\/10\/cropped-A.I.C-150x150.png","datePublished":"2020-09-04T10:53:18+00:00","dateModified":"2023-05-20T12:41:26+00:00","description":"Ontdek onze artikelen - Asjuwelen - Askaders - Armbanden - Kaarsen - Begrafenisonderneming AIC Heirbrant- Vrijblijvend contact 02\/502.14.24","breadcrumb":{"@id":"https:\/\/www.aic-vbc.be\/nl\/ontdek-onze-artikelen\/#breadcrumb"},"inLanguage":"nl-NL","potentialAction":[{"@type":"ReadAction","target":["https:\/\/www.aic-vbc.be\/nl\/ontdek-onze-artikelen\/"]}]},{"@type":"ImageObject","inLanguage":"nl-NL","@id":"https:\/\/www.aic-vbc.be\/nl\/ontdek-onze-artikelen\/#primaryimage","url":"https:\/\/aic-vbc.be\/wp-content\/uploads\/2020\/10\/cropped-A.I.C-150x150.png","contentUrl":"https:\/\/aic-vbc.be\/wp-content\/uploads\/2020\/10\/cropped-A.I.C-150x150.png"},{"@type":"BreadcrumbList","@id":"https:\/\/www.aic-vbc.be\/nl\/ontdek-onze-artikelen\/#breadcrumb","itemListElement":[{"@type":"ListItem","position":1,"name":"Home","item":"https:\/\/www.aic-vbc.be\/nl\/"},{"@type":"ListItem","position":2,"name":"Ontdek onze artikelen"}]},{"@type":"WebSite","@id":"\/#website","url":"\/","name":"AIC VBC","description":"","publisher":{"@id":"\/#organization"},"potentialAction":[{"@type":"SearchAction","target":{"@type":"EntryPoint","urlTemplate":"\/?s={search_term_string}"},"query-input":{"@type":"PropertyValueSpecification","valueRequired":true,"valueName":"search_term_string"}}],"inLanguage":"nl-NL"},{"@type":"Organization","@id":"\/#organization","name":"AIC - HEIRBRANT - VBC","url":"\/","logo":{"@type":"ImageObject","inLanguage":"nl-NL","@id":"\/#\/schema\/logo\/image\/","url":"https:\/\/www.aic-vbc.be\/wp-content\/uploads\/2020\/08\/AIC_Sfeerbeeld_01.jpg","contentUrl":"https:\/\/www.aic-vbc.be\/wp-content\/uploads\/2020\/08\/AIC_Sfeerbeeld_01.jpg","width":1281,"height":854,"caption":"AIC - HEIRBRANT - VBC"},"image":{"@id":"\/#\/schema\/logo\/image\/"}}]}},"_links":{"self":[{"href":"https:\/\/www.aic-vbc.be\/nl\/wp-json\/wp\/v2\/pages\/939","targetHints":{"allow":["GET"]}}],"collection":[{"href":"https:\/\/www.aic-vbc.be\/nl\/wp-json\/wp\/v2\/pages"}],"about":[{"href":"https:\/\/www.aic-vbc.be\/nl\/wp-json\/wp\/v2\/types\/page"}],"author":[{"embeddable":true,"href":"https:\/\/www.aic-vbc.be\/nl\/wp-json\/wp\/v2\/users\/1"}],"replies":[{"embeddable":true,"href":"https:\/\/www.aic-vbc.be\/nl\/wp-json\/wp\/v2\/comments?post=939"}],"version-history":[{"count":26,"href":"https:\/\/www.aic-vbc.be\/nl\/wp-json\/wp\/v2\/pages\/939\/revisions"}],"predecessor-version":[{"id":12196,"href":"https:\/\/www.aic-vbc.be\/nl\/wp-json\/wp\/v2\/pages\/939\/revisions\/12196"}],"wp:attachment":[{"href":"https:\/\/www.aic-vbc.be\/nl\/wp-json\/wp\/v2\/media?parent=939"}],"curies":[{"name":"wp","href":"https:\/\/api.w.org\/{rel}","templated":true}]}}