{"id":429,"date":"2020-08-03T15:12:58","date_gmt":"2020-08-03T13:12:58","guid":{"rendered":"https:\/\/aic-vbc.be\/?page_id=429"},"modified":"2025-07-25T18:09:35","modified_gmt":"2025-07-25T16:09:35","slug":"vervoer-en-repatriering","status":"publish","type":"page","link":"https:\/\/www.aic-vbc.be\/nl\/onze-diensten\/vervoer-en-repatriering\/","title":{"rendered":"Vervoer en repatri\u00ebring"},"content":{"rendered":"\t\t<div data-elementor-type=\"wp-page\" data-elementor-id=\"429\" class=\"elementor elementor-429\" data-elementor-post-type=\"page\">\n\t\t\t\t\t\t<section class=\"elementor-section elementor-top-section elementor-element elementor-element-4990d82b elementor-section-stretched elementor-section-height-min-height elementor-section-boxed elementor-section-height-default elementor-section-items-middle\" data-id=\"4990d82b\" data-element_type=\"section\" data-settings=\"{&quot;stretch_section&quot;:&quot;section-stretched&quot;,&quot;jet_parallax_layout_list&quot;:[{&quot;jet_parallax_layout_image&quot;:{&quot;url&quot;:&quot;&quot;,&quot;id&quot;:&quot;&quot;,&quot;size&quot;:&quot;&quot;},&quot;_id&quot;:&quot;121a7f6&quot;,&quot;jet_parallax_layout_speed&quot;:{&quot;unit&quot;:&quot;%&quot;,&quot;size&quot;:&quot;50&quot;,&quot;sizes&quot;:[]},&quot;jet_parallax_layout_bg_x&quot;:&quot;50&quot;,&quot;jet_parallax_layout_bg_y&quot;:&quot;50&quot;,&quot;jet_parallax_layout_image_tablet&quot;:{&quot;url&quot;:&quot;&quot;,&quot;id&quot;:&quot;&quot;,&quot;size&quot;:&quot;&quot;},&quot;jet_parallax_layout_image_mobile&quot;:{&quot;url&quot;:&quot;&quot;,&quot;id&quot;:&quot;&quot;,&quot;size&quot;:&quot;&quot;},&quot;jet_parallax_layout_type&quot;:&quot;scroll&quot;,&quot;jet_parallax_layout_direction&quot;:null,&quot;jet_parallax_layout_fx_direction&quot;:null,&quot;jet_parallax_layout_z_index&quot;:&quot;&quot;,&quot;jet_parallax_layout_bg_x_tablet&quot;:&quot;&quot;,&quot;jet_parallax_layout_bg_x_mobile&quot;:&quot;&quot;,&quot;jet_parallax_layout_bg_y_tablet&quot;:&quot;&quot;,&quot;jet_parallax_layout_bg_y_mobile&quot;:&quot;&quot;,&quot;jet_parallax_layout_bg_size&quot;:&quot;auto&quot;,&quot;jet_parallax_layout_bg_size_tablet&quot;:&quot;&quot;,&quot;jet_parallax_layout_bg_size_mobile&quot;:&quot;&quot;,&quot;jet_parallax_layout_animation_prop&quot;:&quot;transform&quot;,&quot;jet_parallax_layout_on&quot;:[&quot;desktop&quot;,&quot;tablet&quot;]}],&quot;background_background&quot;:&quot;classic&quot;}\">\n\t\t\t\t\t\t\t<div class=\"elementor-background-overlay\"><\/div>\n\t\t\t\t\t\t\t<div class=\"elementor-container elementor-column-gap-default\">\n\t\t\t\t\t<div class=\"elementor-column elementor-col-100 elementor-top-column elementor-element elementor-element-4fe0c46f\" data-id=\"4fe0c46f\" data-element_type=\"column\">\n\t\t\t<div class=\"elementor-widget-wrap elementor-element-populated\">\n\t\t\t\t\t\t<div class=\"elementor-element elementor-element-77e5ed0d elementor-align-left elementor-widget elementor-widget-raven-heading\" data-id=\"77e5ed0d\" data-element_type=\"widget\" data-widget_type=\"raven-heading.default\">\n\t\t\t\t<div class=\"elementor-widget-container\">\n\t\t\t\t\t\t\t<div class=\"raven-widget-wrapper\"><h1 class=\"raven-heading raven-heading-h1\"><span class=\"raven-heading-title\">Vervoer en repatri\u00ebring<\/span><\/h1><\/div>\n\t\t\t\t\t\t<\/div>\n\t\t\t\t<\/div>\n\t\t\t\t<div class=\"elementor-element elementor-element-24410d7 elementor-align-left elementor-widget elementor-widget-raven-breadcrumbs\" data-id=\"24410d7\" data-element_type=\"widget\" data-widget_type=\"raven-breadcrumbs.default\">\n\t\t\t\t<div class=\"elementor-widget-container\">\n\t\t\t\t\t<div class=\"raven-breadcrumbs raven-breadcrumbs-default\"><ol class=\"breadcrumb\">\t\t\t\t<li class=\"breadcrumb-item active\" aria-current=\"page\"><span>Home<\/span><\/li>\n\n\t\t\t\t<\/ol><\/div>\t\t\t\t<\/div>\n\t\t\t\t<\/div>\n\t\t\t\t\t<\/div>\n\t\t<\/div>\n\t\t\t\t\t<\/div>\n\t\t<\/section>\n\t\t\t\t<section class=\"elementor-section elementor-top-section elementor-element elementor-element-3e27b0d1 elementor-section-boxed elementor-section-height-default elementor-section-height-default\" data-id=\"3e27b0d1\" data-element_type=\"section\" data-settings=\"{&quot;jet_parallax_layout_list&quot;:[{&quot;jet_parallax_layout_image&quot;:{&quot;url&quot;:&quot;&quot;,&quot;id&quot;:&quot;&quot;,&quot;size&quot;:&quot;&quot;},&quot;_id&quot;:&quot;967bb1b&quot;,&quot;jet_parallax_layout_speed&quot;:{&quot;unit&quot;:&quot;%&quot;,&quot;size&quot;:&quot;50&quot;,&quot;sizes&quot;:[]},&quot;jet_parallax_layout_bg_x&quot;:&quot;50&quot;,&quot;jet_parallax_layout_bg_y&quot;:&quot;50&quot;,&quot;jet_parallax_layout_image_tablet&quot;:{&quot;url&quot;:&quot;&quot;,&quot;id&quot;:&quot;&quot;,&quot;size&quot;:&quot;&quot;},&quot;jet_parallax_layout_image_mobile&quot;:{&quot;url&quot;:&quot;&quot;,&quot;id&quot;:&quot;&quot;,&quot;size&quot;:&quot;&quot;},&quot;jet_parallax_layout_type&quot;:&quot;scroll&quot;,&quot;jet_parallax_layout_direction&quot;:null,&quot;jet_parallax_layout_fx_direction&quot;:null,&quot;jet_parallax_layout_z_index&quot;:&quot;&quot;,&quot;jet_parallax_layout_bg_x_tablet&quot;:&quot;&quot;,&quot;jet_parallax_layout_bg_x_mobile&quot;:&quot;&quot;,&quot;jet_parallax_layout_bg_y_tablet&quot;:&quot;&quot;,&quot;jet_parallax_layout_bg_y_mobile&quot;:&quot;&quot;,&quot;jet_parallax_layout_bg_size&quot;:&quot;auto&quot;,&quot;jet_parallax_layout_bg_size_tablet&quot;:&quot;&quot;,&quot;jet_parallax_layout_bg_size_mobile&quot;:&quot;&quot;,&quot;jet_parallax_layout_animation_prop&quot;:&quot;transform&quot;,&quot;jet_parallax_layout_on&quot;:[&quot;desktop&quot;,&quot;tablet&quot;]}]}\">\n\t\t\t\t\t\t<div class=\"elementor-container elementor-column-gap-default\">\n\t\t\t\t\t<div class=\"elementor-column elementor-col-100 elementor-top-column elementor-element elementor-element-4a2aa676\" data-id=\"4a2aa676\" data-element_type=\"column\">\n\t\t\t<div class=\"elementor-widget-wrap elementor-element-populated\">\n\t\t\t\t\t\t<div class=\"elementor-element elementor-element-396a2417 elementor-align-left elementor-widget elementor-widget-raven-heading\" data-id=\"396a2417\" data-element_type=\"widget\" data-widget_type=\"raven-heading.default\">\n\t\t\t\t<div class=\"elementor-widget-container\">\n\t\t\t\t\t\t\t<div class=\"raven-widget-wrapper\"><h3 class=\"raven-heading raven-heading-h3\"><span class=\"raven-heading-title\">Wat kunnen wij voor u betekenen?<\/span><\/h3><\/div>\n\t\t\t\t\t\t<\/div>\n\t\t\t\t<\/div>\n\t\t\t\t<div class=\"elementor-element elementor-element-46a364d elementor-align-left elementor-widget elementor-widget-raven-heading\" data-id=\"46a364d\" data-element_type=\"widget\" data-widget_type=\"raven-heading.default\">\n\t\t\t\t<div class=\"elementor-widget-container\">\n\t\t\t\t\t\t\t<div class=\"raven-widget-wrapper\"><h2 class=\"raven-heading raven-heading-h2\"><span class=\"raven-heading-title\">Vervoer en repatri\u00ebring<\/span><\/h2><\/div>\n\t\t\t\t\t\t<\/div>\n\t\t\t\t<\/div>\n\t\t\t\t<div class=\"elementor-element elementor-element-2f8534aa elementor-widget elementor-widget-text-editor\" data-id=\"2f8534aa\" data-element_type=\"widget\" data-widget_type=\"text-editor.default\">\n\t\t\t\t<div class=\"elementor-widget-container\">\n\t\t\t\t\t\t\t\t\t<p>Vervoer en repatri\u00ebring (Nationaal en internationaal ) is reeds jaren \u00e9\u00e9n van onze specialiteiten. Met het nodige respect en alle betrouwbaarheid verplaatsen wij uw dierbare overledene van en naar Belgi\u00eb.<\/p>\t\t\t\t\t\t\t\t<\/div>\n\t\t\t\t<\/div>\n\t\t\t\t<div class=\"elementor-element elementor-element-32d4bdc8 elementor-widget elementor-widget-text-editor\" data-id=\"32d4bdc8\" data-element_type=\"widget\" data-widget_type=\"text-editor.default\">\n\t\t\t\t<div class=\"elementor-widget-container\">\n\t\t\t\t\t\t\t\t\t<h2>Vervoer<\/h2><p>Wij staan <strong>24 uur op 24 <\/strong>ter beschikking, <strong>7 dagen op 7<\/strong>, voor het vervoer van uw dierbare overledene.\u00a0 Dit kan namelijk op ieder moment van de dag. Het vervoer gebeurt met een discrete en door middel van een speciaal uitgeruste wagen.<\/p><p>Samengevat de redenen voor vervoer van een overledene:<\/p><ul><li>Rouwstoet<\/li><li>Verplaatsing van en naar <a href=\"https:\/\/aic-vbc.be\/nl\/onze-diensten\/funerarium\/\">funerarium<\/a> of mortuarium<\/li><li>Repatri\u00ebring<\/li><\/ul><h2>Ceremoniewagen<\/h2><p>Een rouwstoet is erop gericht een belangrijk onderdeel te zijn van een mooie uitvaartdienst. Daarom biedt V.B.C.\u00a0<strong>meerdere ceremoniewagens<\/strong> aan, naargelang uw wens. Hieruit volgt dat wij ons wagenpark regelmatig aanpassen.\u00a0<\/p>\t\t\t\t\t\t\t\t<\/div>\n\t\t\t\t<\/div>\n\t\t\t\t<div class=\"elementor-element elementor-element-3b25268 elementor-widget elementor-widget-image\" data-id=\"3b25268\" data-element_type=\"widget\" data-widget_type=\"image.default\">\n\t\t\t\t<div class=\"elementor-widget-container\">\n\t\t\t\t\t\t\t\t\t\t\t\t<figure class=\"wp-caption\">\n\t\t\t\t\t\t\t\t\t\t<img fetchpriority=\"high\" decoding=\"async\" width=\"450\" height=\"210\" src=\"https:\/\/www.aic-vbc.be\/wp-content\/uploads\/2020\/10\/Pompes_funebres_Bruxelles_AIC_Heirbrant_450x210.jpg\" class=\"attachment-medium_large size-medium_large wp-image-2319\" alt=\"vervoer en repatri\u00ebring Begrafenisonderneming Heirbrant Grimbergen Laken Meise\" srcset=\"https:\/\/www.aic-vbc.be\/wp-content\/uploads\/2020\/10\/Pompes_funebres_Bruxelles_AIC_Heirbrant_450x210.jpg 450w, https:\/\/www.aic-vbc.be\/wp-content\/uploads\/2020\/10\/Pompes_funebres_Bruxelles_AIC_Heirbrant_450x210-300x140.jpg 300w\" sizes=\"(max-width: 450px) 100vw, 450px\" \/>\t\t\t\t\t\t\t\t\t\t\t<figcaption class=\"widget-image-caption wp-caption-text\"><\/figcaption>\n\t\t\t\t\t\t\t\t\t\t<\/figure>\n\t\t\t\t\t\t\t\t\t<\/div>\n\t\t\t\t<\/div>\n\t\t\t\t<div class=\"elementor-element elementor-element-330931c elementor-widget-divider--view-line elementor-widget elementor-widget-divider\" data-id=\"330931c\" data-element_type=\"widget\" data-widget_type=\"divider.default\">\n\t\t\t\t<div class=\"elementor-widget-container\">\n\t\t\t\t\t\t\t<div class=\"elementor-divider\">\n\t\t\t<span class=\"elementor-divider-separator\">\n\t\t\t\t\t\t<\/span>\n\t\t<\/div>\n\t\t\t\t\t\t<\/div>\n\t\t\t\t<\/div>\n\t\t\t\t<div class=\"elementor-element elementor-element-e3b6d2a elementor-widget elementor-widget-text-editor\" data-id=\"e3b6d2a\" data-element_type=\"widget\" data-widget_type=\"text-editor.default\">\n\t\t\t\t<div class=\"elementor-widget-container\">\n\t\t\t\t\t\t\t\t\t<h2>Repatri\u00ebring overledene naar Belgi\u00eb<\/h2><p>Bij een overlijden tijdens een verblijf in het buitenland kunnen wij ook overledenen repatri\u00ebren naar Belgi\u00eb. Het repatri\u00ebren van een overledene naar Belgi\u00eb is een complex en emotioneel proces dat zorgvuldige planning en organisatie vereist. Door onze aandacht voor de juridische aspectenen en de logistieke regelingen, kan het proces soepeler verlopen en kunnen onnodige stress en complicaties worden vermeden.<\/p><h2>Repatri\u00ebring overledene naar het buitenland<\/h2><p>Het repatri\u00ebren van een overledenen kan nodig zijn om verschillende redenen, op grond van een geloofsovertuiging of omdat de overledene naar zijn\/haar land van herkomst wil. Bovendien hebben we jaren ervaring met het repatri\u00ebren van overleden dierbaren naar het buitenland. Ten eerste weten we perfect welke documenten vereist zijn. Ten tweede wat de verschillende wetgevingen opleggen. Kortom u kan op ons vertrouwen.<\/p><h2>Wat doen we bij een repatri\u00ebring?<\/h2><ul><li>Praktische, wettelijke en administratieve verplichtingen<\/li><li><a href=\"https:\/\/aic-vbc.be\/nl\/onze-diensten\/verzorging-thanatopraxie\/\">Thanatopraxie<\/a> indien dit verplicht is in het land<\/li><li><a href=\"https:\/\/aic-vbc.be\/nl\/onze-diensten\/uitvaartartikelen\/\">Kist<\/a>\u00a0(kist met zink\u00a0 indien nodig)<\/li><li>Identificatie en kisting<\/li><li>Verzegeling van de kist<\/li><li>Aanvraag toelating<\/li><li>Plechtigheid in Belgi\u00eb naar voorkeur<\/li><li>Vervoer per vliegtuig of met de wagen<\/li><li>Vervoer van de urne<\/li><li>Na <a href=\"https:\/\/aic-vbc.be\/nl\/onze-diensten\/crematie\/\">crematie<\/a> kunnen wij ook het vervoer verzorgen in binnen en buitenland van de urne.\u00a0<\/li><\/ul><h2>Administratie<\/h2><p>Bij een repatri\u00ebring komen allerlei <strong>praktische, wettelijke en administratieve aspecten<\/strong> naar boven. Op grond van onze jarenlange ervaring met het repatri\u00ebren van overledenen nemen we deze zorgen van u over. Het komt erop neer dat we daarbij rekening houden met de <strong>religie<\/strong> of <strong>levensbeschouwing<\/strong> van de overleden persoon.<\/p><h2>Wat kost een repatri\u00ebring?<\/h2><p>Samengevat. Wilt u een dierbare overledene laten repatri\u00ebren om in alle sereniteit thuis te begraven? Daardoor vraagt u zich wellicht af wat het prijskaartje daarvan is. Het tarief is namelijk totaal <b>afhankelijk van de eindbestemming, de tickets en het gewicht.\u00a0<\/b><\/p><p>Indien u meer informatie wenst aarzel niet op vrijblijvend contact op te nemen<strong> 02\/502.14.24<\/strong><\/p>\t\t\t\t\t\t\t\t<\/div>\n\t\t\t\t<\/div>\n\t\t\t\t<div class=\"elementor-element elementor-element-0672a8e btn_contact elementor-align-center elementor-widget elementor-widget-button\" data-id=\"0672a8e\" data-element_type=\"widget\" data-widget_type=\"button.default\">\n\t\t\t\t<div class=\"elementor-widget-container\">\n\t\t\t\t\t\t\t\t\t<div class=\"elementor-button-wrapper\">\n\t\t\t\t\t<a class=\"elementor-button elementor-button-link elementor-size-sm\" href=\"\/nl\/contact\/\">\n\t\t\t\t\t\t<span class=\"elementor-button-content-wrapper\">\n\t\t\t\t\t\t\t\t\t<span class=\"elementor-button-text\">Een vraag? Contacteer ons<\/span>\n\t\t\t\t\t<\/span>\n\t\t\t\t\t<\/a>\n\t\t\t\t<\/div>\n\t\t\t\t\t\t\t\t<\/div>\n\t\t\t\t<\/div>\n\t\t\t\t\t<\/div>\n\t\t<\/div>\n\t\t\t\t\t<\/div>\n\t\t<\/section>\n\t\t\t\t<section class=\"elementor-section elementor-top-section elementor-element elementor-element-ab41417 elementor-section-boxed elementor-section-height-default elementor-section-height-default\" data-id=\"ab41417\" data-element_type=\"section\" data-settings=\"{&quot;jet_parallax_layout_list&quot;:[{&quot;jet_parallax_layout_image&quot;:{&quot;url&quot;:&quot;&quot;,&quot;id&quot;:&quot;&quot;,&quot;size&quot;:&quot;&quot;},&quot;_id&quot;:&quot;5afc125&quot;,&quot;jet_parallax_layout_image_tablet&quot;:{&quot;url&quot;:&quot;&quot;,&quot;id&quot;:&quot;&quot;,&quot;size&quot;:&quot;&quot;},&quot;jet_parallax_layout_image_mobile&quot;:{&quot;url&quot;:&quot;&quot;,&quot;id&quot;:&quot;&quot;,&quot;size&quot;:&quot;&quot;},&quot;jet_parallax_layout_speed&quot;:{&quot;unit&quot;:&quot;%&quot;,&quot;size&quot;:50,&quot;sizes&quot;:[]},&quot;jet_parallax_layout_type&quot;:&quot;scroll&quot;,&quot;jet_parallax_layout_direction&quot;:null,&quot;jet_parallax_layout_fx_direction&quot;:null,&quot;jet_parallax_layout_z_index&quot;:&quot;&quot;,&quot;jet_parallax_layout_bg_x&quot;:50,&quot;jet_parallax_layout_bg_x_tablet&quot;:&quot;&quot;,&quot;jet_parallax_layout_bg_x_mobile&quot;:&quot;&quot;,&quot;jet_parallax_layout_bg_y&quot;:50,&quot;jet_parallax_layout_bg_y_tablet&quot;:&quot;&quot;,&quot;jet_parallax_layout_bg_y_mobile&quot;:&quot;&quot;,&quot;jet_parallax_layout_bg_size&quot;:&quot;auto&quot;,&quot;jet_parallax_layout_bg_size_tablet&quot;:&quot;&quot;,&quot;jet_parallax_layout_bg_size_mobile&quot;:&quot;&quot;,&quot;jet_parallax_layout_animation_prop&quot;:&quot;transform&quot;,&quot;jet_parallax_layout_on&quot;:[&quot;desktop&quot;,&quot;tablet&quot;]}]}\">\n\t\t\t\t\t\t<div class=\"elementor-container elementor-column-gap-default\">\n\t\t\t\t\t<div class=\"elementor-column elementor-col-100 elementor-top-column elementor-element elementor-element-2edf65b\" data-id=\"2edf65b\" data-element_type=\"column\">\n\t\t\t<div class=\"elementor-widget-wrap\">\n\t\t\t\t\t\t\t<\/div>\n\t\t<\/div>\n\t\t\t\t\t<\/div>\n\t\t<\/section>\n\t\t\t\t<\/div>\n\t\t","protected":false},"excerpt":{"rendered":"<p>Vervoer en repatri\u00ebring Home Wat kunnen wij voor u betekenen? Vervoer en repatri\u00ebring Vervoer en repatri\u00ebring (Nationaal en internationaal ) is reeds jaren \u00e9\u00e9n van onze specialiteiten. Met het nodige respect en alle betrouwbaarheid verplaatsen wij uw dierbare overledene van en naar Belgi\u00eb. Vervoer Wij staan 24 uur op 24 ter beschikking, 7 dagen op [&hellip;]<\/p>\n","protected":false},"author":1,"featured_media":0,"parent":16,"menu_order":0,"comment_status":"closed","ping_status":"closed","template":"elementor_header_footer","meta":{"_acf_changed":false,"inline_featured_image":false,"_exactmetrics_skip_tracking":false,"_exactmetrics_sitenote_active":false,"_exactmetrics_sitenote_note":"","_exactmetrics_sitenote_category":0,"footnotes":""},"class_list":["post-429","page","type-page","status-publish","hentry"],"acf":[],"yoast_head":"<!-- This site is optimized with the Yoast SEO plugin v27.0 - https:\/\/yoast.com\/product\/yoast-seo-wordpress\/ -->\n<title>Vervoer en repatri\u00ebring - Overlijden - Overbrengen<\/title>\n<meta name=\"description\" content=\"Vervoer en repatri\u00ebring - Thanatopraxie - Belgi\u00eb en internationaal - Begrafenisonderneming AIC Heirbrant - Steeds tot uw dienst 02\/502.14.24\" \/>\n<meta name=\"robots\" content=\"index, follow, max-snippet:-1, max-image-preview:large, max-video-preview:-1\" \/>\n<link rel=\"canonical\" href=\"https:\/\/www.aic-vbc.be\/nl\/onze-diensten\/vervoer-en-repatriering\/\" \/>\n<meta property=\"og:locale\" content=\"nl_NL\" \/>\n<meta property=\"og:type\" content=\"article\" \/>\n<meta property=\"og:title\" content=\"Vervoer en repatri\u00ebring - Overlijden - Overbrengen\" \/>\n<meta property=\"og:description\" content=\"Vervoer en repatri\u00ebring - Thanatopraxie - Belgi\u00eb en internationaal - Begrafenisonderneming AIC Heirbrant - Steeds tot uw dienst 02\/502.14.24\" \/>\n<meta property=\"og:url\" content=\"https:\/\/www.aic-vbc.be\/nl\/onze-diensten\/vervoer-en-repatriering\/\" \/>\n<meta property=\"og:site_name\" content=\"AIC HEIRBRANT VBC\" \/>\n<meta property=\"article:modified_time\" content=\"2025-07-25T16:09:35+00:00\" \/>\n<meta property=\"og:image\" content=\"https:\/\/www.aic-vbc.be\/wp-content\/uploads\/2020\/10\/Pompes_funebres_Bruxelles_AIC_Heirbrant_450x210.jpg\" \/>\n<meta name=\"twitter:card\" content=\"summary_large_image\" \/>\n<meta name=\"twitter:label1\" content=\"Geschatte leestijd\" \/>\n\t<meta name=\"twitter:data1\" content=\"3 minuten\" \/>\n<script type=\"application\/ld+json\" class=\"yoast-schema-graph\">{\"@context\":\"https:\/\/schema.org\",\"@graph\":[{\"@type\":\"WebPage\",\"@id\":\"https:\/\/www.aic-vbc.be\/nl\/onze-diensten\/vervoer-en-repatriering\/\",\"url\":\"https:\/\/www.aic-vbc.be\/nl\/onze-diensten\/vervoer-en-repatriering\/\",\"name\":\"Vervoer en repatri\u00ebring - Overlijden - Overbrengen\",\"isPartOf\":{\"@id\":\"\/#website\"},\"primaryImageOfPage\":{\"@id\":\"https:\/\/www.aic-vbc.be\/nl\/onze-diensten\/vervoer-en-repatriering\/#primaryimage\"},\"image\":{\"@id\":\"https:\/\/www.aic-vbc.be\/nl\/onze-diensten\/vervoer-en-repatriering\/#primaryimage\"},\"thumbnailUrl\":\"https:\/\/www.aic-vbc.be\/wp-content\/uploads\/2020\/10\/Pompes_funebres_Bruxelles_AIC_Heirbrant_450x210.jpg\",\"datePublished\":\"2020-08-03T13:12:58+00:00\",\"dateModified\":\"2025-07-25T16:09:35+00:00\",\"description\":\"Vervoer en repatri\u00ebring - Thanatopraxie - Belgi\u00eb en internationaal - Begrafenisonderneming AIC Heirbrant - Steeds tot uw dienst 02\/502.14.24\",\"breadcrumb\":{\"@id\":\"https:\/\/www.aic-vbc.be\/nl\/onze-diensten\/vervoer-en-repatriering\/#breadcrumb\"},\"inLanguage\":\"nl-NL\",\"potentialAction\":[{\"@type\":\"ReadAction\",\"target\":[\"https:\/\/www.aic-vbc.be\/nl\/onze-diensten\/vervoer-en-repatriering\/\"]}]},{\"@type\":\"ImageObject\",\"inLanguage\":\"nl-NL\",\"@id\":\"https:\/\/www.aic-vbc.be\/nl\/onze-diensten\/vervoer-en-repatriering\/#primaryimage\",\"url\":\"https:\/\/www.aic-vbc.be\/wp-content\/uploads\/2020\/10\/Pompes_funebres_Bruxelles_AIC_Heirbrant_450x210.jpg\",\"contentUrl\":\"https:\/\/www.aic-vbc.be\/wp-content\/uploads\/2020\/10\/Pompes_funebres_Bruxelles_AIC_Heirbrant_450x210.jpg\"},{\"@type\":\"BreadcrumbList\",\"@id\":\"https:\/\/www.aic-vbc.be\/nl\/onze-diensten\/vervoer-en-repatriering\/#breadcrumb\",\"itemListElement\":[{\"@type\":\"ListItem\",\"position\":1,\"name\":\"Home\",\"item\":\"https:\/\/www.aic-vbc.be\/nl\/\"},{\"@type\":\"ListItem\",\"position\":2,\"name\":\"Onze diensten\",\"item\":\"https:\/\/www.aic-vbc.be\/nl\/onze-diensten\/\"},{\"@type\":\"ListItem\",\"position\":3,\"name\":\"Vervoer en repatri\u00ebring\"}]},{\"@type\":\"WebSite\",\"@id\":\"\/#website\",\"url\":\"\/\",\"name\":\"AIC VBC\",\"description\":\"\",\"publisher\":{\"@id\":\"\/#organization\"},\"potentialAction\":[{\"@type\":\"SearchAction\",\"target\":{\"@type\":\"EntryPoint\",\"urlTemplate\":\"\/?s={search_term_string}\"},\"query-input\":{\"@type\":\"PropertyValueSpecification\",\"valueRequired\":true,\"valueName\":\"search_term_string\"}}],\"inLanguage\":\"nl-NL\"},{\"@type\":\"Organization\",\"@id\":\"\/#organization\",\"name\":\"AIC - HEIRBRANT - VBC\",\"url\":\"\/\",\"logo\":{\"@type\":\"ImageObject\",\"inLanguage\":\"nl-NL\",\"@id\":\"\/#\/schema\/logo\/image\/\",\"url\":\"https:\/\/www.aic-vbc.be\/wp-content\/uploads\/2020\/08\/AIC_Sfeerbeeld_01.jpg\",\"contentUrl\":\"https:\/\/www.aic-vbc.be\/wp-content\/uploads\/2020\/08\/AIC_Sfeerbeeld_01.jpg\",\"width\":1281,\"height\":854,\"caption\":\"AIC - HEIRBRANT - VBC\"},\"image\":{\"@id\":\"\/#\/schema\/logo\/image\/\"}}]}<\/script>\n<!-- \/ Yoast SEO plugin. -->","yoast_head_json":{"title":"Vervoer en repatri\u00ebring - Overlijden - Overbrengen","description":"Vervoer en repatri\u00ebring - Thanatopraxie - Belgi\u00eb en internationaal - Begrafenisonderneming AIC Heirbrant - Steeds tot uw dienst 02\/502.14.24","robots":{"index":"index","follow":"follow","max-snippet":"max-snippet:-1","max-image-preview":"max-image-preview:large","max-video-preview":"max-video-preview:-1"},"canonical":"https:\/\/www.aic-vbc.be\/nl\/onze-diensten\/vervoer-en-repatriering\/","og_locale":"nl_NL","og_type":"article","og_title":"Vervoer en repatri\u00ebring - Overlijden - Overbrengen","og_description":"Vervoer en repatri\u00ebring - Thanatopraxie - Belgi\u00eb en internationaal - Begrafenisonderneming AIC Heirbrant - Steeds tot uw dienst 02\/502.14.24","og_url":"https:\/\/www.aic-vbc.be\/nl\/onze-diensten\/vervoer-en-repatriering\/","og_site_name":"AIC HEIRBRANT VBC","article_modified_time":"2025-07-25T16:09:35+00:00","og_image":[{"url":"https:\/\/www.aic-vbc.be\/wp-content\/uploads\/2020\/10\/Pompes_funebres_Bruxelles_AIC_Heirbrant_450x210.jpg","type":"","width":"","height":""}],"twitter_card":"summary_large_image","twitter_misc":{"Geschatte leestijd":"3 minuten"},"schema":{"@context":"https:\/\/schema.org","@graph":[{"@type":"WebPage","@id":"https:\/\/www.aic-vbc.be\/nl\/onze-diensten\/vervoer-en-repatriering\/","url":"https:\/\/www.aic-vbc.be\/nl\/onze-diensten\/vervoer-en-repatriering\/","name":"Vervoer en repatri\u00ebring - Overlijden - Overbrengen","isPartOf":{"@id":"\/#website"},"primaryImageOfPage":{"@id":"https:\/\/www.aic-vbc.be\/nl\/onze-diensten\/vervoer-en-repatriering\/#primaryimage"},"image":{"@id":"https:\/\/www.aic-vbc.be\/nl\/onze-diensten\/vervoer-en-repatriering\/#primaryimage"},"thumbnailUrl":"https:\/\/www.aic-vbc.be\/wp-content\/uploads\/2020\/10\/Pompes_funebres_Bruxelles_AIC_Heirbrant_450x210.jpg","datePublished":"2020-08-03T13:12:58+00:00","dateModified":"2025-07-25T16:09:35+00:00","description":"Vervoer en repatri\u00ebring - Thanatopraxie - Belgi\u00eb en internationaal - Begrafenisonderneming AIC Heirbrant - Steeds tot uw dienst 02\/502.14.24","breadcrumb":{"@id":"https:\/\/www.aic-vbc.be\/nl\/onze-diensten\/vervoer-en-repatriering\/#breadcrumb"},"inLanguage":"nl-NL","potentialAction":[{"@type":"ReadAction","target":["https:\/\/www.aic-vbc.be\/nl\/onze-diensten\/vervoer-en-repatriering\/"]}]},{"@type":"ImageObject","inLanguage":"nl-NL","@id":"https:\/\/www.aic-vbc.be\/nl\/onze-diensten\/vervoer-en-repatriering\/#primaryimage","url":"https:\/\/www.aic-vbc.be\/wp-content\/uploads\/2020\/10\/Pompes_funebres_Bruxelles_AIC_Heirbrant_450x210.jpg","contentUrl":"https:\/\/www.aic-vbc.be\/wp-content\/uploads\/2020\/10\/Pompes_funebres_Bruxelles_AIC_Heirbrant_450x210.jpg"},{"@type":"BreadcrumbList","@id":"https:\/\/www.aic-vbc.be\/nl\/onze-diensten\/vervoer-en-repatriering\/#breadcrumb","itemListElement":[{"@type":"ListItem","position":1,"name":"Home","item":"https:\/\/www.aic-vbc.be\/nl\/"},{"@type":"ListItem","position":2,"name":"Onze diensten","item":"https:\/\/www.aic-vbc.be\/nl\/onze-diensten\/"},{"@type":"ListItem","position":3,"name":"Vervoer en repatri\u00ebring"}]},{"@type":"WebSite","@id":"\/#website","url":"\/","name":"AIC VBC","description":"","publisher":{"@id":"\/#organization"},"potentialAction":[{"@type":"SearchAction","target":{"@type":"EntryPoint","urlTemplate":"\/?s={search_term_string}"},"query-input":{"@type":"PropertyValueSpecification","valueRequired":true,"valueName":"search_term_string"}}],"inLanguage":"nl-NL"},{"@type":"Organization","@id":"\/#organization","name":"AIC - HEIRBRANT - VBC","url":"\/","logo":{"@type":"ImageObject","inLanguage":"nl-NL","@id":"\/#\/schema\/logo\/image\/","url":"https:\/\/www.aic-vbc.be\/wp-content\/uploads\/2020\/08\/AIC_Sfeerbeeld_01.jpg","contentUrl":"https:\/\/www.aic-vbc.be\/wp-content\/uploads\/2020\/08\/AIC_Sfeerbeeld_01.jpg","width":1281,"height":854,"caption":"AIC - HEIRBRANT - VBC"},"image":{"@id":"\/#\/schema\/logo\/image\/"}}]}},"_links":{"self":[{"href":"https:\/\/www.aic-vbc.be\/nl\/wp-json\/wp\/v2\/pages\/429","targetHints":{"allow":["GET"]}}],"collection":[{"href":"https:\/\/www.aic-vbc.be\/nl\/wp-json\/wp\/v2\/pages"}],"about":[{"href":"https:\/\/www.aic-vbc.be\/nl\/wp-json\/wp\/v2\/types\/page"}],"author":[{"embeddable":true,"href":"https:\/\/www.aic-vbc.be\/nl\/wp-json\/wp\/v2\/users\/1"}],"replies":[{"embeddable":true,"href":"https:\/\/www.aic-vbc.be\/nl\/wp-json\/wp\/v2\/comments?post=429"}],"version-history":[{"count":44,"href":"https:\/\/www.aic-vbc.be\/nl\/wp-json\/wp\/v2\/pages\/429\/revisions"}],"predecessor-version":[{"id":17433,"href":"https:\/\/www.aic-vbc.be\/nl\/wp-json\/wp\/v2\/pages\/429\/revisions\/17433"}],"up":[{"embeddable":true,"href":"https:\/\/www.aic-vbc.be\/nl\/wp-json\/wp\/v2\/pages\/16"}],"wp:attachment":[{"href":"https:\/\/www.aic-vbc.be\/nl\/wp-json\/wp\/v2\/media?parent=429"}],"curies":[{"name":"wp","href":"https:\/\/api.w.org\/{rel}","templated":true}]}}