{"id":3316,"date":"2021-02-09T17:28:12","date_gmt":"2021-02-09T15:28:12","guid":{"rendered":"https:\/\/aic-vbc.be\/?post_type=product&#038;p=3316"},"modified":"2024-07-16T20:35:59","modified_gmt":"2024-07-16T18:35:59","slug":"coeur-roses-3","status":"publish","type":"product","link":"https:\/\/www.aic-vbc.be\/fr\/shop\/fleurs-naturelles-pompes-funebres-funerailles-cremation-aic-heirbrant\/coeur-roses-3\/","title":{"rendered":"Coeur roses-3"},"content":{"rendered":"<p>30 cm<\/p>\n","protected":false},"excerpt":{"rendered":"<p>30 cm<\/p>\n","protected":false},"featured_media":3317,"comment_status":"closed","ping_status":"closed","template":"","meta":{"_acf_changed":false,"inline_featured_image":false,"_exactmetrics_skip_tracking":false,"_exactmetrics_sitenote_active":false,"_exactmetrics_sitenote_note":"","_exactmetrics_sitenote_category":0},"product_cat":[143],"product_tag":[],"class_list":{"0":"post-3316","1":"product","2":"type-product","3":"status-publish","4":"has-post-thumbnail","6":"product_cat-fleurs-naturelles","8":"first","9":"instock","10":"shipping-taxable","11":"purchasable","12":"product-type-simple"},"acf":[],"yoast_head":"<!-- This site is optimized with the Yoast SEO plugin v27.0 - https:\/\/yoast.com\/product\/yoast-seo-wordpress\/ -->\n<title>Coeur roses-3 - D\u00e9c\u00e8s - Fun\u00e9railles AIC Heirbrant<\/title>\n<meta name=\"description\" content=\"Coeur roses 3 - Avec carte ou ruban - Large choix - Pompes fun\u00e8bres AIC Heirbrant - Cr\u00e9mation - Marbrerie - 02\/502.14.24 - www.aic-vbc.be\" \/>\n<meta name=\"robots\" content=\"index, follow, max-snippet:-1, max-image-preview:large, max-video-preview:-1\" \/>\n<link rel=\"canonical\" href=\"https:\/\/www.aic-vbc.be\/fr\/shop\/fleurs-naturelles-pompes-funebres-funerailles-cremation-aic-heirbrant\/coeur-roses-3\/\" \/>\n<meta property=\"og:locale\" content=\"fr_FR\" \/>\n<meta property=\"og:type\" content=\"article\" \/>\n<meta property=\"og:title\" content=\"Coeur roses-3 - D\u00e9c\u00e8s - Fun\u00e9railles AIC Heirbrant\" \/>\n<meta property=\"og:description\" content=\"Coeur roses 3 - Avec carte ou ruban - Large choix - Pompes fun\u00e8bres AIC Heirbrant - Cr\u00e9mation - Marbrerie - 02\/502.14.24 - www.aic-vbc.be\" \/>\n<meta property=\"og:url\" content=\"https:\/\/www.aic-vbc.be\/fr\/shop\/fleurs-naturelles-pompes-funebres-funerailles-cremation-aic-heirbrant\/coeur-roses-3\/\" \/>\n<meta property=\"og:site_name\" content=\"AIC HEIRBRANT VBC\" \/>\n<meta property=\"article:modified_time\" content=\"2024-07-16T18:35:59+00:00\" \/>\n<meta property=\"og:image\" content=\"https:\/\/www.aic-vbc.be\/wp-content\/uploads\/2021\/02\/AIC-Heirbrant-3.jpg\" \/>\n\t<meta property=\"og:image:width\" content=\"459\" \/>\n\t<meta property=\"og:image:height\" content=\"612\" \/>\n\t<meta property=\"og:image:type\" content=\"image\/jpeg\" \/>\n<meta name=\"twitter:card\" content=\"summary_large_image\" \/>\n<meta name=\"twitter:label1\" content=\"Dur\u00e9e de lecture estim\u00e9e\" \/>\n\t<meta name=\"twitter:data1\" content=\"1 minute\" \/>\n<script type=\"application\/ld+json\" class=\"yoast-schema-graph\">{\"@context\":\"https:\/\/schema.org\",\"@graph\":[{\"@type\":\"WebPage\",\"@id\":\"https:\/\/www.aic-vbc.be\/fr\/shop\/fleurs-naturelles-pompes-funebres-funerailles-cremation-aic-heirbrant\/coeur-roses-3\/\",\"url\":\"https:\/\/www.aic-vbc.be\/fr\/shop\/fleurs-naturelles-pompes-funebres-funerailles-cremation-aic-heirbrant\/coeur-roses-3\/\",\"name\":\"Coeur roses-3 - D\u00e9c\u00e8s - Fun\u00e9railles AIC Heirbrant\",\"isPartOf\":{\"@id\":\"\/#website\"},\"primaryImageOfPage\":{\"@id\":\"https:\/\/www.aic-vbc.be\/fr\/shop\/fleurs-naturelles-pompes-funebres-funerailles-cremation-aic-heirbrant\/coeur-roses-3\/#primaryimage\"},\"image\":{\"@id\":\"https:\/\/www.aic-vbc.be\/fr\/shop\/fleurs-naturelles-pompes-funebres-funerailles-cremation-aic-heirbrant\/coeur-roses-3\/#primaryimage\"},\"thumbnailUrl\":\"https:\/\/www.aic-vbc.be\/wp-content\/uploads\/2021\/02\/AIC-Heirbrant-3.jpg\",\"datePublished\":\"2021-02-09T15:28:12+00:00\",\"dateModified\":\"2024-07-16T18:35:59+00:00\",\"description\":\"Coeur roses 3 - Avec carte ou ruban - Large choix - Pompes fun\u00e8bres AIC Heirbrant - Cr\u00e9mation - Marbrerie - 02\/502.14.24 - www.aic-vbc.be\",\"breadcrumb\":{\"@id\":\"https:\/\/www.aic-vbc.be\/fr\/shop\/fleurs-naturelles-pompes-funebres-funerailles-cremation-aic-heirbrant\/coeur-roses-3\/#breadcrumb\"},\"inLanguage\":\"fr-FR\",\"potentialAction\":[{\"@type\":\"ReadAction\",\"target\":[\"https:\/\/www.aic-vbc.be\/fr\/shop\/fleurs-naturelles-pompes-funebres-funerailles-cremation-aic-heirbrant\/coeur-roses-3\/\"]}]},{\"@type\":\"ImageObject\",\"inLanguage\":\"fr-FR\",\"@id\":\"https:\/\/www.aic-vbc.be\/fr\/shop\/fleurs-naturelles-pompes-funebres-funerailles-cremation-aic-heirbrant\/coeur-roses-3\/#primaryimage\",\"url\":\"https:\/\/www.aic-vbc.be\/wp-content\/uploads\/2021\/02\/AIC-Heirbrant-3.jpg\",\"contentUrl\":\"https:\/\/www.aic-vbc.be\/wp-content\/uploads\/2021\/02\/AIC-Heirbrant-3.jpg\",\"width\":459,\"height\":612},{\"@type\":\"BreadcrumbList\",\"@id\":\"https:\/\/www.aic-vbc.be\/fr\/shop\/fleurs-naturelles-pompes-funebres-funerailles-cremation-aic-heirbrant\/coeur-roses-3\/#breadcrumb\",\"itemListElement\":[{\"@type\":\"ListItem\",\"position\":1,\"name\":\"Home\",\"item\":\"https:\/\/www.aic-vbc.be\/fr\/\"},{\"@type\":\"ListItem\",\"position\":2,\"name\":\"Webshop\",\"item\":\"https:\/\/www.aic-vbc.be\/fr\/webshop\/\"},{\"@type\":\"ListItem\",\"position\":3,\"name\":\"Coeur roses-3\"}]},{\"@type\":\"WebSite\",\"@id\":\"\/#website\",\"url\":\"\/\",\"name\":\"AIC VBC\",\"description\":\"\",\"publisher\":{\"@id\":\"\/#organization\"},\"potentialAction\":[{\"@type\":\"SearchAction\",\"target\":{\"@type\":\"EntryPoint\",\"urlTemplate\":\"\/?s={search_term_string}\"},\"query-input\":{\"@type\":\"PropertyValueSpecification\",\"valueRequired\":true,\"valueName\":\"search_term_string\"}}],\"inLanguage\":\"fr-FR\"},{\"@type\":\"Organization\",\"@id\":\"\/#organization\",\"name\":\"AIC - HEIRBRANT - VBC\",\"url\":\"\/\",\"logo\":{\"@type\":\"ImageObject\",\"inLanguage\":\"fr-FR\",\"@id\":\"\/#\/schema\/logo\/image\/\",\"url\":\"https:\/\/www.aic-vbc.be\/wp-content\/uploads\/2020\/08\/AIC_Sfeerbeeld_01.jpg\",\"contentUrl\":\"https:\/\/www.aic-vbc.be\/wp-content\/uploads\/2020\/08\/AIC_Sfeerbeeld_01.jpg\",\"width\":1281,\"height\":854,\"caption\":\"AIC - HEIRBRANT - VBC\"},\"image\":{\"@id\":\"\/#\/schema\/logo\/image\/\"}}]}<\/script>\n<!-- \/ Yoast SEO plugin. -->","yoast_head_json":{"title":"Coeur roses-3 - D\u00e9c\u00e8s - Fun\u00e9railles AIC Heirbrant","description":"Coeur roses 3 - Avec carte ou ruban - Large choix - Pompes fun\u00e8bres AIC Heirbrant - Cr\u00e9mation - Marbrerie - 02\/502.14.24 - www.aic-vbc.be","robots":{"index":"index","follow":"follow","max-snippet":"max-snippet:-1","max-image-preview":"max-image-preview:large","max-video-preview":"max-video-preview:-1"},"canonical":"https:\/\/www.aic-vbc.be\/fr\/shop\/fleurs-naturelles-pompes-funebres-funerailles-cremation-aic-heirbrant\/coeur-roses-3\/","og_locale":"fr_FR","og_type":"article","og_title":"Coeur roses-3 - D\u00e9c\u00e8s - Fun\u00e9railles AIC Heirbrant","og_description":"Coeur roses 3 - Avec carte ou ruban - Large choix - Pompes fun\u00e8bres AIC Heirbrant - Cr\u00e9mation - Marbrerie - 02\/502.14.24 - www.aic-vbc.be","og_url":"https:\/\/www.aic-vbc.be\/fr\/shop\/fleurs-naturelles-pompes-funebres-funerailles-cremation-aic-heirbrant\/coeur-roses-3\/","og_site_name":"AIC HEIRBRANT VBC","article_modified_time":"2024-07-16T18:35:59+00:00","og_image":[{"width":459,"height":612,"url":"https:\/\/www.aic-vbc.be\/wp-content\/uploads\/2021\/02\/AIC-Heirbrant-3.jpg","type":"image\/jpeg"}],"twitter_card":"summary_large_image","twitter_misc":{"Dur\u00e9e de lecture estim\u00e9e":"1 minute"},"schema":{"@context":"https:\/\/schema.org","@graph":[{"@type":"WebPage","@id":"https:\/\/www.aic-vbc.be\/fr\/shop\/fleurs-naturelles-pompes-funebres-funerailles-cremation-aic-heirbrant\/coeur-roses-3\/","url":"https:\/\/www.aic-vbc.be\/fr\/shop\/fleurs-naturelles-pompes-funebres-funerailles-cremation-aic-heirbrant\/coeur-roses-3\/","name":"Coeur roses-3 - D\u00e9c\u00e8s - Fun\u00e9railles AIC Heirbrant","isPartOf":{"@id":"\/#website"},"primaryImageOfPage":{"@id":"https:\/\/www.aic-vbc.be\/fr\/shop\/fleurs-naturelles-pompes-funebres-funerailles-cremation-aic-heirbrant\/coeur-roses-3\/#primaryimage"},"image":{"@id":"https:\/\/www.aic-vbc.be\/fr\/shop\/fleurs-naturelles-pompes-funebres-funerailles-cremation-aic-heirbrant\/coeur-roses-3\/#primaryimage"},"thumbnailUrl":"https:\/\/www.aic-vbc.be\/wp-content\/uploads\/2021\/02\/AIC-Heirbrant-3.jpg","datePublished":"2021-02-09T15:28:12+00:00","dateModified":"2024-07-16T18:35:59+00:00","description":"Coeur roses 3 - Avec carte ou ruban - Large choix - Pompes fun\u00e8bres AIC Heirbrant - Cr\u00e9mation - Marbrerie - 02\/502.14.24 - www.aic-vbc.be","breadcrumb":{"@id":"https:\/\/www.aic-vbc.be\/fr\/shop\/fleurs-naturelles-pompes-funebres-funerailles-cremation-aic-heirbrant\/coeur-roses-3\/#breadcrumb"},"inLanguage":"fr-FR","potentialAction":[{"@type":"ReadAction","target":["https:\/\/www.aic-vbc.be\/fr\/shop\/fleurs-naturelles-pompes-funebres-funerailles-cremation-aic-heirbrant\/coeur-roses-3\/"]}]},{"@type":"ImageObject","inLanguage":"fr-FR","@id":"https:\/\/www.aic-vbc.be\/fr\/shop\/fleurs-naturelles-pompes-funebres-funerailles-cremation-aic-heirbrant\/coeur-roses-3\/#primaryimage","url":"https:\/\/www.aic-vbc.be\/wp-content\/uploads\/2021\/02\/AIC-Heirbrant-3.jpg","contentUrl":"https:\/\/www.aic-vbc.be\/wp-content\/uploads\/2021\/02\/AIC-Heirbrant-3.jpg","width":459,"height":612},{"@type":"BreadcrumbList","@id":"https:\/\/www.aic-vbc.be\/fr\/shop\/fleurs-naturelles-pompes-funebres-funerailles-cremation-aic-heirbrant\/coeur-roses-3\/#breadcrumb","itemListElement":[{"@type":"ListItem","position":1,"name":"Home","item":"https:\/\/www.aic-vbc.be\/fr\/"},{"@type":"ListItem","position":2,"name":"Webshop","item":"https:\/\/www.aic-vbc.be\/fr\/webshop\/"},{"@type":"ListItem","position":3,"name":"Coeur roses-3"}]},{"@type":"WebSite","@id":"\/#website","url":"\/","name":"AIC VBC","description":"","publisher":{"@id":"\/#organization"},"potentialAction":[{"@type":"SearchAction","target":{"@type":"EntryPoint","urlTemplate":"\/?s={search_term_string}"},"query-input":{"@type":"PropertyValueSpecification","valueRequired":true,"valueName":"search_term_string"}}],"inLanguage":"fr-FR"},{"@type":"Organization","@id":"\/#organization","name":"AIC - HEIRBRANT - VBC","url":"\/","logo":{"@type":"ImageObject","inLanguage":"fr-FR","@id":"\/#\/schema\/logo\/image\/","url":"https:\/\/www.aic-vbc.be\/wp-content\/uploads\/2020\/08\/AIC_Sfeerbeeld_01.jpg","contentUrl":"https:\/\/www.aic-vbc.be\/wp-content\/uploads\/2020\/08\/AIC_Sfeerbeeld_01.jpg","width":1281,"height":854,"caption":"AIC - HEIRBRANT - VBC"},"image":{"@id":"\/#\/schema\/logo\/image\/"}}]}},"_links":{"self":[{"href":"https:\/\/www.aic-vbc.be\/fr\/wp-json\/wp\/v2\/product\/3316","targetHints":{"allow":["GET"]}}],"collection":[{"href":"https:\/\/www.aic-vbc.be\/fr\/wp-json\/wp\/v2\/product"}],"about":[{"href":"https:\/\/www.aic-vbc.be\/fr\/wp-json\/wp\/v2\/types\/product"}],"replies":[{"embeddable":true,"href":"https:\/\/www.aic-vbc.be\/fr\/wp-json\/wp\/v2\/comments?post=3316"}],"wp:featuredmedia":[{"embeddable":true,"href":"https:\/\/www.aic-vbc.be\/fr\/wp-json\/wp\/v2\/media\/3317"}],"wp:attachment":[{"href":"https:\/\/www.aic-vbc.be\/fr\/wp-json\/wp\/v2\/media?parent=3316"}],"wp:term":[{"taxonomy":"product_cat","embeddable":true,"href":"https:\/\/www.aic-vbc.be\/fr\/wp-json\/wp\/v2\/product_cat?post=3316"},{"taxonomy":"product_tag","embeddable":true,"href":"https:\/\/www.aic-vbc.be\/fr\/wp-json\/wp\/v2\/product_tag?post=3316"}],"curies":[{"name":"wp","href":"https:\/\/api.w.org\/{rel}","templated":true}]}}