{"id":2850,"date":"2021-01-02T12:56:46","date_gmt":"2021-01-02T10:56:46","guid":{"rendered":"https:\/\/aic-vbc.be\/product\/couronne-8\/"},"modified":"2023-03-23T21:10:57","modified_gmt":"2023-03-23T19:10:57","slug":"couronne-23","status":"publish","type":"product","link":"https:\/\/www.aic-vbc.be\/fr\/product\/couronne-23\/","title":{"rendered":"Couronne 23"},"content":{"rendered":"","protected":false},"excerpt":{"rendered":"","protected":false},"featured_media":2849,"comment_status":"closed","ping_status":"closed","template":"","meta":{"_acf_changed":false,"inline_featured_image":false,"_exactmetrics_skip_tracking":false,"_exactmetrics_sitenote_active":false,"_exactmetrics_sitenote_note":"","_exactmetrics_sitenote_category":0},"product_cat":[143],"product_tag":[],"class_list":{"0":"post-2850","1":"product","2":"type-product","3":"status-publish","4":"has-post-thumbnail","6":"product_cat-fleurs-naturelles","8":"first","9":"instock","10":"shipping-taxable","11":"purchasable","12":"product-type-simple"},"acf":[],"yoast_head":"<!-- This site is optimized with the Yoast SEO plugin v27.0 - https:\/\/yoast.com\/product\/yoast-seo-wordpress\/ -->\n<title>Couronne 23 - Fleurs - D\u00e9c\u00e8s - Pompes fun\u00e8bres AIC Heirbrant<\/title>\n<meta name=\"description\" content=\"Couronne 23 - Large gamme fleurs et couronnes lors d&#039;un d\u00e9c\u00e8s - Pompes fun\u00e8bres AIC Heirbrant - A votre service - www.aic-vbc.be\" \/>\n<meta name=\"robots\" content=\"index, follow, max-snippet:-1, max-image-preview:large, max-video-preview:-1\" \/>\n<link rel=\"canonical\" href=\"https:\/\/www.aic-vbc.be\/fr\/product\/couronne-23\/\" \/>\n<meta property=\"og:locale\" content=\"fr_FR\" \/>\n<meta property=\"og:type\" content=\"article\" \/>\n<meta property=\"og:title\" content=\"Couronne 23 - Fleurs - D\u00e9c\u00e8s - Pompes fun\u00e8bres AIC Heirbrant\" \/>\n<meta property=\"og:description\" content=\"Couronne 23 - Large gamme fleurs et couronnes lors d&#039;un d\u00e9c\u00e8s - Pompes fun\u00e8bres AIC Heirbrant - A votre service - www.aic-vbc.be\" \/>\n<meta property=\"og:url\" content=\"https:\/\/www.aic-vbc.be\/fr\/product\/couronne-23\/\" \/>\n<meta property=\"og:site_name\" content=\"AIC HEIRBRANT VBC\" \/>\n<meta property=\"article:modified_time\" content=\"2023-03-23T19:10:57+00:00\" \/>\n<meta property=\"og:image\" content=\"https:\/\/www.aic-vbc.be\/wp-content\/uploads\/2021\/01\/Kroon-3.jpg\" \/>\n\t<meta property=\"og:image:width\" content=\"464\" \/>\n\t<meta property=\"og:image:height\" content=\"359\" \/>\n\t<meta property=\"og:image:type\" content=\"image\/jpeg\" \/>\n<meta name=\"twitter:card\" content=\"summary_large_image\" \/>\n<script type=\"application\/ld+json\" class=\"yoast-schema-graph\">{\"@context\":\"https:\/\/schema.org\",\"@graph\":[{\"@type\":\"WebPage\",\"@id\":\"https:\/\/www.aic-vbc.be\/fr\/product\/couronne-23\/\",\"url\":\"https:\/\/www.aic-vbc.be\/fr\/product\/couronne-23\/\",\"name\":\"Couronne 23 - Fleurs - D\u00e9c\u00e8s - Pompes fun\u00e8bres AIC Heirbrant\",\"isPartOf\":{\"@id\":\"\/#website\"},\"primaryImageOfPage\":{\"@id\":\"https:\/\/www.aic-vbc.be\/fr\/product\/couronne-23\/#primaryimage\"},\"image\":{\"@id\":\"https:\/\/www.aic-vbc.be\/fr\/product\/couronne-23\/#primaryimage\"},\"thumbnailUrl\":\"https:\/\/www.aic-vbc.be\/wp-content\/uploads\/2021\/01\/Kroon-3.jpg\",\"datePublished\":\"2021-01-02T10:56:46+00:00\",\"dateModified\":\"2023-03-23T19:10:57+00:00\",\"description\":\"Couronne 23 - Large gamme fleurs et couronnes lors d'un d\u00e9c\u00e8s - Pompes fun\u00e8bres AIC Heirbrant - A votre service - www.aic-vbc.be\",\"breadcrumb\":{\"@id\":\"https:\/\/www.aic-vbc.be\/fr\/product\/couronne-23\/#breadcrumb\"},\"inLanguage\":\"fr-FR\",\"potentialAction\":[{\"@type\":\"ReadAction\",\"target\":[\"https:\/\/www.aic-vbc.be\/fr\/product\/couronne-23\/\"]}]},{\"@type\":\"ImageObject\",\"inLanguage\":\"fr-FR\",\"@id\":\"https:\/\/www.aic-vbc.be\/fr\/product\/couronne-23\/#primaryimage\",\"url\":\"https:\/\/www.aic-vbc.be\/wp-content\/uploads\/2021\/01\/Kroon-3.jpg\",\"contentUrl\":\"https:\/\/www.aic-vbc.be\/wp-content\/uploads\/2021\/01\/Kroon-3.jpg\",\"width\":464,\"height\":359,\"caption\":\"Couronne 23 Fleurs D\u00e9c\u00e8s Pompes fun\u00e8bres AIC Heirbrant Bruxelles Laeken Wemmeleming AIC Heirbrant VBC Strombeek Laken Meise\"},{\"@type\":\"BreadcrumbList\",\"@id\":\"https:\/\/www.aic-vbc.be\/fr\/product\/couronne-23\/#breadcrumb\",\"itemListElement\":[{\"@type\":\"ListItem\",\"position\":1,\"name\":\"Home\",\"item\":\"https:\/\/www.aic-vbc.be\/fr\/\"},{\"@type\":\"ListItem\",\"position\":2,\"name\":\"Webshop\",\"item\":\"https:\/\/www.aic-vbc.be\/fr\/webshop\/\"},{\"@type\":\"ListItem\",\"position\":3,\"name\":\"Couronne 23\"}]},{\"@type\":\"WebSite\",\"@id\":\"\/#website\",\"url\":\"\/\",\"name\":\"AIC VBC\",\"description\":\"\",\"publisher\":{\"@id\":\"\/#organization\"},\"potentialAction\":[{\"@type\":\"SearchAction\",\"target\":{\"@type\":\"EntryPoint\",\"urlTemplate\":\"\/?s={search_term_string}\"},\"query-input\":{\"@type\":\"PropertyValueSpecification\",\"valueRequired\":true,\"valueName\":\"search_term_string\"}}],\"inLanguage\":\"fr-FR\"},{\"@type\":\"Organization\",\"@id\":\"\/#organization\",\"name\":\"AIC - HEIRBRANT - VBC\",\"url\":\"\/\",\"logo\":{\"@type\":\"ImageObject\",\"inLanguage\":\"fr-FR\",\"@id\":\"\/#\/schema\/logo\/image\/\",\"url\":\"https:\/\/www.aic-vbc.be\/wp-content\/uploads\/2020\/08\/AIC_Sfeerbeeld_01.jpg\",\"contentUrl\":\"https:\/\/www.aic-vbc.be\/wp-content\/uploads\/2020\/08\/AIC_Sfeerbeeld_01.jpg\",\"width\":1281,\"height\":854,\"caption\":\"AIC - HEIRBRANT - VBC\"},\"image\":{\"@id\":\"\/#\/schema\/logo\/image\/\"}}]}<\/script>\n<!-- \/ Yoast SEO plugin. -->","yoast_head_json":{"title":"Couronne 23 - Fleurs - D\u00e9c\u00e8s - Pompes fun\u00e8bres AIC Heirbrant","description":"Couronne 23 - Large gamme fleurs et couronnes lors d'un d\u00e9c\u00e8s - Pompes fun\u00e8bres AIC Heirbrant - A votre service - www.aic-vbc.be","robots":{"index":"index","follow":"follow","max-snippet":"max-snippet:-1","max-image-preview":"max-image-preview:large","max-video-preview":"max-video-preview:-1"},"canonical":"https:\/\/www.aic-vbc.be\/fr\/product\/couronne-23\/","og_locale":"fr_FR","og_type":"article","og_title":"Couronne 23 - Fleurs - D\u00e9c\u00e8s - Pompes fun\u00e8bres AIC Heirbrant","og_description":"Couronne 23 - Large gamme fleurs et couronnes lors d'un d\u00e9c\u00e8s - Pompes fun\u00e8bres AIC Heirbrant - A votre service - www.aic-vbc.be","og_url":"https:\/\/www.aic-vbc.be\/fr\/product\/couronne-23\/","og_site_name":"AIC HEIRBRANT VBC","article_modified_time":"2023-03-23T19:10:57+00:00","og_image":[{"width":464,"height":359,"url":"https:\/\/www.aic-vbc.be\/wp-content\/uploads\/2021\/01\/Kroon-3.jpg","type":"image\/jpeg"}],"twitter_card":"summary_large_image","schema":{"@context":"https:\/\/schema.org","@graph":[{"@type":"WebPage","@id":"https:\/\/www.aic-vbc.be\/fr\/product\/couronne-23\/","url":"https:\/\/www.aic-vbc.be\/fr\/product\/couronne-23\/","name":"Couronne 23 - Fleurs - D\u00e9c\u00e8s - Pompes fun\u00e8bres AIC Heirbrant","isPartOf":{"@id":"\/#website"},"primaryImageOfPage":{"@id":"https:\/\/www.aic-vbc.be\/fr\/product\/couronne-23\/#primaryimage"},"image":{"@id":"https:\/\/www.aic-vbc.be\/fr\/product\/couronne-23\/#primaryimage"},"thumbnailUrl":"https:\/\/www.aic-vbc.be\/wp-content\/uploads\/2021\/01\/Kroon-3.jpg","datePublished":"2021-01-02T10:56:46+00:00","dateModified":"2023-03-23T19:10:57+00:00","description":"Couronne 23 - Large gamme fleurs et couronnes lors d'un d\u00e9c\u00e8s - Pompes fun\u00e8bres AIC Heirbrant - A votre service - www.aic-vbc.be","breadcrumb":{"@id":"https:\/\/www.aic-vbc.be\/fr\/product\/couronne-23\/#breadcrumb"},"inLanguage":"fr-FR","potentialAction":[{"@type":"ReadAction","target":["https:\/\/www.aic-vbc.be\/fr\/product\/couronne-23\/"]}]},{"@type":"ImageObject","inLanguage":"fr-FR","@id":"https:\/\/www.aic-vbc.be\/fr\/product\/couronne-23\/#primaryimage","url":"https:\/\/www.aic-vbc.be\/wp-content\/uploads\/2021\/01\/Kroon-3.jpg","contentUrl":"https:\/\/www.aic-vbc.be\/wp-content\/uploads\/2021\/01\/Kroon-3.jpg","width":464,"height":359,"caption":"Couronne 23 Fleurs D\u00e9c\u00e8s Pompes fun\u00e8bres AIC Heirbrant Bruxelles Laeken Wemmeleming AIC Heirbrant VBC Strombeek Laken Meise"},{"@type":"BreadcrumbList","@id":"https:\/\/www.aic-vbc.be\/fr\/product\/couronne-23\/#breadcrumb","itemListElement":[{"@type":"ListItem","position":1,"name":"Home","item":"https:\/\/www.aic-vbc.be\/fr\/"},{"@type":"ListItem","position":2,"name":"Webshop","item":"https:\/\/www.aic-vbc.be\/fr\/webshop\/"},{"@type":"ListItem","position":3,"name":"Couronne 23"}]},{"@type":"WebSite","@id":"\/#website","url":"\/","name":"AIC VBC","description":"","publisher":{"@id":"\/#organization"},"potentialAction":[{"@type":"SearchAction","target":{"@type":"EntryPoint","urlTemplate":"\/?s={search_term_string}"},"query-input":{"@type":"PropertyValueSpecification","valueRequired":true,"valueName":"search_term_string"}}],"inLanguage":"fr-FR"},{"@type":"Organization","@id":"\/#organization","name":"AIC - HEIRBRANT - VBC","url":"\/","logo":{"@type":"ImageObject","inLanguage":"fr-FR","@id":"\/#\/schema\/logo\/image\/","url":"https:\/\/www.aic-vbc.be\/wp-content\/uploads\/2020\/08\/AIC_Sfeerbeeld_01.jpg","contentUrl":"https:\/\/www.aic-vbc.be\/wp-content\/uploads\/2020\/08\/AIC_Sfeerbeeld_01.jpg","width":1281,"height":854,"caption":"AIC - HEIRBRANT - VBC"},"image":{"@id":"\/#\/schema\/logo\/image\/"}}]}},"_links":{"self":[{"href":"https:\/\/www.aic-vbc.be\/fr\/wp-json\/wp\/v2\/product\/2850","targetHints":{"allow":["GET"]}}],"collection":[{"href":"https:\/\/www.aic-vbc.be\/fr\/wp-json\/wp\/v2\/product"}],"about":[{"href":"https:\/\/www.aic-vbc.be\/fr\/wp-json\/wp\/v2\/types\/product"}],"replies":[{"embeddable":true,"href":"https:\/\/www.aic-vbc.be\/fr\/wp-json\/wp\/v2\/comments?post=2850"}],"wp:featuredmedia":[{"embeddable":true,"href":"https:\/\/www.aic-vbc.be\/fr\/wp-json\/wp\/v2\/media\/2849"}],"wp:attachment":[{"href":"https:\/\/www.aic-vbc.be\/fr\/wp-json\/wp\/v2\/media?parent=2850"}],"wp:term":[{"taxonomy":"product_cat","embeddable":true,"href":"https:\/\/www.aic-vbc.be\/fr\/wp-json\/wp\/v2\/product_cat?post=2850"},{"taxonomy":"product_tag","embeddable":true,"href":"https:\/\/www.aic-vbc.be\/fr\/wp-json\/wp\/v2\/product_tag?post=2850"}],"curies":[{"name":"wp","href":"https:\/\/api.w.org\/{rel}","templated":true}]}}