{"id":2845,"date":"2021-01-02T12:05:05","date_gmt":"2021-01-02T10:05:05","guid":{"rendered":"https:\/\/aic-vbc.be\/product\/coeur-4\/"},"modified":"2022-05-23T13:58:43","modified_gmt":"2022-05-23T11:58:43","slug":"coeur-a4","status":"publish","type":"product","link":"https:\/\/www.aic-vbc.be\/fr\/product\/coeur-4\/","title":{"rendered":"Coeur A4"},"content":{"rendered":"","protected":false},"excerpt":{"rendered":"","protected":false},"featured_media":2844,"comment_status":"closed","ping_status":"closed","template":"","meta":{"_acf_changed":false,"inline_featured_image":false,"_exactmetrics_skip_tracking":false,"_exactmetrics_sitenote_active":false,"_exactmetrics_sitenote_note":"","_exactmetrics_sitenote_category":0},"product_cat":[145],"product_tag":[],"class_list":{"0":"post-2845","1":"product","2":"type-product","3":"status-publish","4":"has-post-thumbnail","6":"product_cat-fleurs-en-soie","8":"first","9":"instock","10":"shipping-taxable","11":"purchasable","12":"product-type-simple"},"acf":[],"yoast_head":"<!-- This site is optimized with the Yoast SEO plugin v27.0 - https:\/\/yoast.com\/product\/yoast-seo-wordpress\/ -->\n<title>Coeur A4 - Fleurs et couronnes - D\u00e9c\u00e8s - Pompes fun\u00e8bres<\/title>\n<meta name=\"description\" content=\"Coeur A4 - Fleurs et couronnes avec carte ou ruban - Pompes fun\u00e8bres AIC Heirbrant - A votre service - www.aic-vbc.be\" \/>\n<meta name=\"robots\" content=\"index, follow, max-snippet:-1, max-image-preview:large, max-video-preview:-1\" \/>\n<link rel=\"canonical\" href=\"https:\/\/www.aic-vbc.be\/fr\/product\/coeur-4\/\" \/>\n<meta property=\"og:locale\" content=\"fr_FR\" \/>\n<meta property=\"og:type\" content=\"article\" \/>\n<meta property=\"og:title\" content=\"Coeur A4 - Fleurs et couronnes - D\u00e9c\u00e8s - Pompes fun\u00e8bres\" \/>\n<meta property=\"og:description\" content=\"Coeur A4 - Fleurs et couronnes avec carte ou ruban - Pompes fun\u00e8bres AIC Heirbrant - A votre service - www.aic-vbc.be\" \/>\n<meta property=\"og:url\" content=\"https:\/\/www.aic-vbc.be\/fr\/product\/coeur-4\/\" \/>\n<meta property=\"og:site_name\" content=\"AIC HEIRBRANT VBC\" \/>\n<meta property=\"article:modified_time\" content=\"2022-05-23T11:58:43+00:00\" \/>\n<meta property=\"og:image\" content=\"https:\/\/www.aic-vbc.be\/wp-content\/uploads\/2021\/01\/20191009_144024-scaled.jpg\" \/>\n\t<meta property=\"og:image:width\" content=\"1920\" \/>\n\t<meta property=\"og:image:height\" content=\"2560\" \/>\n\t<meta property=\"og:image:type\" content=\"image\/jpeg\" \/>\n<meta name=\"twitter:card\" content=\"summary_large_image\" \/>\n<script type=\"application\/ld+json\" class=\"yoast-schema-graph\">{\"@context\":\"https:\/\/schema.org\",\"@graph\":[{\"@type\":\"WebPage\",\"@id\":\"https:\/\/www.aic-vbc.be\/fr\/product\/coeur-4\/\",\"url\":\"https:\/\/www.aic-vbc.be\/fr\/product\/coeur-4\/\",\"name\":\"Coeur A4 - Fleurs et couronnes - D\u00e9c\u00e8s - Pompes fun\u00e8bres\",\"isPartOf\":{\"@id\":\"\/#website\"},\"primaryImageOfPage\":{\"@id\":\"https:\/\/www.aic-vbc.be\/fr\/product\/coeur-4\/#primaryimage\"},\"image\":{\"@id\":\"https:\/\/www.aic-vbc.be\/fr\/product\/coeur-4\/#primaryimage\"},\"thumbnailUrl\":\"https:\/\/www.aic-vbc.be\/wp-content\/uploads\/2021\/01\/20191009_144024-scaled.jpg\",\"datePublished\":\"2021-01-02T10:05:05+00:00\",\"dateModified\":\"2022-05-23T11:58:43+00:00\",\"description\":\"Coeur A4 - Fleurs et couronnes avec carte ou ruban - Pompes fun\u00e8bres AIC Heirbrant - A votre service - www.aic-vbc.be\",\"breadcrumb\":{\"@id\":\"https:\/\/www.aic-vbc.be\/fr\/product\/coeur-4\/#breadcrumb\"},\"inLanguage\":\"fr-FR\",\"potentialAction\":[{\"@type\":\"ReadAction\",\"target\":[\"https:\/\/www.aic-vbc.be\/fr\/product\/coeur-4\/\"]}]},{\"@type\":\"ImageObject\",\"inLanguage\":\"fr-FR\",\"@id\":\"https:\/\/www.aic-vbc.be\/fr\/product\/coeur-4\/#primaryimage\",\"url\":\"https:\/\/www.aic-vbc.be\/wp-content\/uploads\/2021\/01\/20191009_144024-scaled.jpg\",\"contentUrl\":\"https:\/\/www.aic-vbc.be\/wp-content\/uploads\/2021\/01\/20191009_144024-scaled.jpg\",\"width\":1920,\"height\":2560,\"caption\":\"Coeur A4 Fleurs et couronnes D\u00e9c\u00e8s Pompes fun\u00e8bres AIC Heirbrant Bruxelles Laeken Wemmelrimbergen\"},{\"@type\":\"BreadcrumbList\",\"@id\":\"https:\/\/www.aic-vbc.be\/fr\/product\/coeur-4\/#breadcrumb\",\"itemListElement\":[{\"@type\":\"ListItem\",\"position\":1,\"name\":\"Home\",\"item\":\"https:\/\/www.aic-vbc.be\/fr\/\"},{\"@type\":\"ListItem\",\"position\":2,\"name\":\"Webshop\",\"item\":\"https:\/\/www.aic-vbc.be\/fr\/webshop\/\"},{\"@type\":\"ListItem\",\"position\":3,\"name\":\"Coeur A4\"}]},{\"@type\":\"WebSite\",\"@id\":\"\/#website\",\"url\":\"\/\",\"name\":\"AIC VBC\",\"description\":\"\",\"publisher\":{\"@id\":\"\/#organization\"},\"potentialAction\":[{\"@type\":\"SearchAction\",\"target\":{\"@type\":\"EntryPoint\",\"urlTemplate\":\"\/?s={search_term_string}\"},\"query-input\":{\"@type\":\"PropertyValueSpecification\",\"valueRequired\":true,\"valueName\":\"search_term_string\"}}],\"inLanguage\":\"fr-FR\"},{\"@type\":\"Organization\",\"@id\":\"\/#organization\",\"name\":\"AIC - HEIRBRANT - VBC\",\"url\":\"\/\",\"logo\":{\"@type\":\"ImageObject\",\"inLanguage\":\"fr-FR\",\"@id\":\"\/#\/schema\/logo\/image\/\",\"url\":\"https:\/\/www.aic-vbc.be\/wp-content\/uploads\/2020\/08\/AIC_Sfeerbeeld_01.jpg\",\"contentUrl\":\"https:\/\/www.aic-vbc.be\/wp-content\/uploads\/2020\/08\/AIC_Sfeerbeeld_01.jpg\",\"width\":1281,\"height\":854,\"caption\":\"AIC - HEIRBRANT - VBC\"},\"image\":{\"@id\":\"\/#\/schema\/logo\/image\/\"}}]}<\/script>\n<!-- \/ Yoast SEO plugin. -->","yoast_head_json":{"title":"Coeur A4 - Fleurs et couronnes - D\u00e9c\u00e8s - Pompes fun\u00e8bres","description":"Coeur A4 - Fleurs et couronnes avec carte ou ruban - Pompes fun\u00e8bres AIC Heirbrant - A votre service - www.aic-vbc.be","robots":{"index":"index","follow":"follow","max-snippet":"max-snippet:-1","max-image-preview":"max-image-preview:large","max-video-preview":"max-video-preview:-1"},"canonical":"https:\/\/www.aic-vbc.be\/fr\/product\/coeur-4\/","og_locale":"fr_FR","og_type":"article","og_title":"Coeur A4 - Fleurs et couronnes - D\u00e9c\u00e8s - Pompes fun\u00e8bres","og_description":"Coeur A4 - Fleurs et couronnes avec carte ou ruban - Pompes fun\u00e8bres AIC Heirbrant - A votre service - www.aic-vbc.be","og_url":"https:\/\/www.aic-vbc.be\/fr\/product\/coeur-4\/","og_site_name":"AIC HEIRBRANT VBC","article_modified_time":"2022-05-23T11:58:43+00:00","og_image":[{"width":1920,"height":2560,"url":"https:\/\/www.aic-vbc.be\/wp-content\/uploads\/2021\/01\/20191009_144024-scaled.jpg","type":"image\/jpeg"}],"twitter_card":"summary_large_image","schema":{"@context":"https:\/\/schema.org","@graph":[{"@type":"WebPage","@id":"https:\/\/www.aic-vbc.be\/fr\/product\/coeur-4\/","url":"https:\/\/www.aic-vbc.be\/fr\/product\/coeur-4\/","name":"Coeur A4 - Fleurs et couronnes - D\u00e9c\u00e8s - Pompes fun\u00e8bres","isPartOf":{"@id":"\/#website"},"primaryImageOfPage":{"@id":"https:\/\/www.aic-vbc.be\/fr\/product\/coeur-4\/#primaryimage"},"image":{"@id":"https:\/\/www.aic-vbc.be\/fr\/product\/coeur-4\/#primaryimage"},"thumbnailUrl":"https:\/\/www.aic-vbc.be\/wp-content\/uploads\/2021\/01\/20191009_144024-scaled.jpg","datePublished":"2021-01-02T10:05:05+00:00","dateModified":"2022-05-23T11:58:43+00:00","description":"Coeur A4 - Fleurs et couronnes avec carte ou ruban - Pompes fun\u00e8bres AIC Heirbrant - A votre service - www.aic-vbc.be","breadcrumb":{"@id":"https:\/\/www.aic-vbc.be\/fr\/product\/coeur-4\/#breadcrumb"},"inLanguage":"fr-FR","potentialAction":[{"@type":"ReadAction","target":["https:\/\/www.aic-vbc.be\/fr\/product\/coeur-4\/"]}]},{"@type":"ImageObject","inLanguage":"fr-FR","@id":"https:\/\/www.aic-vbc.be\/fr\/product\/coeur-4\/#primaryimage","url":"https:\/\/www.aic-vbc.be\/wp-content\/uploads\/2021\/01\/20191009_144024-scaled.jpg","contentUrl":"https:\/\/www.aic-vbc.be\/wp-content\/uploads\/2021\/01\/20191009_144024-scaled.jpg","width":1920,"height":2560,"caption":"Coeur A4 Fleurs et couronnes D\u00e9c\u00e8s Pompes fun\u00e8bres AIC Heirbrant Bruxelles Laeken Wemmelrimbergen"},{"@type":"BreadcrumbList","@id":"https:\/\/www.aic-vbc.be\/fr\/product\/coeur-4\/#breadcrumb","itemListElement":[{"@type":"ListItem","position":1,"name":"Home","item":"https:\/\/www.aic-vbc.be\/fr\/"},{"@type":"ListItem","position":2,"name":"Webshop","item":"https:\/\/www.aic-vbc.be\/fr\/webshop\/"},{"@type":"ListItem","position":3,"name":"Coeur A4"}]},{"@type":"WebSite","@id":"\/#website","url":"\/","name":"AIC VBC","description":"","publisher":{"@id":"\/#organization"},"potentialAction":[{"@type":"SearchAction","target":{"@type":"EntryPoint","urlTemplate":"\/?s={search_term_string}"},"query-input":{"@type":"PropertyValueSpecification","valueRequired":true,"valueName":"search_term_string"}}],"inLanguage":"fr-FR"},{"@type":"Organization","@id":"\/#organization","name":"AIC - HEIRBRANT - VBC","url":"\/","logo":{"@type":"ImageObject","inLanguage":"fr-FR","@id":"\/#\/schema\/logo\/image\/","url":"https:\/\/www.aic-vbc.be\/wp-content\/uploads\/2020\/08\/AIC_Sfeerbeeld_01.jpg","contentUrl":"https:\/\/www.aic-vbc.be\/wp-content\/uploads\/2020\/08\/AIC_Sfeerbeeld_01.jpg","width":1281,"height":854,"caption":"AIC - HEIRBRANT - VBC"},"image":{"@id":"\/#\/schema\/logo\/image\/"}}]}},"_links":{"self":[{"href":"https:\/\/www.aic-vbc.be\/fr\/wp-json\/wp\/v2\/product\/2845","targetHints":{"allow":["GET"]}}],"collection":[{"href":"https:\/\/www.aic-vbc.be\/fr\/wp-json\/wp\/v2\/product"}],"about":[{"href":"https:\/\/www.aic-vbc.be\/fr\/wp-json\/wp\/v2\/types\/product"}],"replies":[{"embeddable":true,"href":"https:\/\/www.aic-vbc.be\/fr\/wp-json\/wp\/v2\/comments?post=2845"}],"wp:featuredmedia":[{"embeddable":true,"href":"https:\/\/www.aic-vbc.be\/fr\/wp-json\/wp\/v2\/media\/2844"}],"wp:attachment":[{"href":"https:\/\/www.aic-vbc.be\/fr\/wp-json\/wp\/v2\/media?parent=2845"}],"wp:term":[{"taxonomy":"product_cat","embeddable":true,"href":"https:\/\/www.aic-vbc.be\/fr\/wp-json\/wp\/v2\/product_cat?post=2845"},{"taxonomy":"product_tag","embeddable":true,"href":"https:\/\/www.aic-vbc.be\/fr\/wp-json\/wp\/v2\/product_tag?post=2845"}],"curies":[{"name":"wp","href":"https:\/\/api.w.org\/{rel}","templated":true}]}}