{"id":1629,"date":"2020-10-01T17:20:16","date_gmt":"2020-10-01T15:20:16","guid":{"rendered":"https:\/\/aic-vbc.be\/product\/pierre-tombale-groupee\/"},"modified":"2023-11-15T19:55:59","modified_gmt":"2023-11-15T17:55:59","slug":"gerbe-de-fleurs-17-3","status":"publish","type":"product","link":"https:\/\/www.aic-vbc.be\/fr\/shop\/fleurs-fr\/pieces-tombales-fr\/gerbe-de-fleurs-17\/","title":{"rendered":"Gerbe de fleurs 17"},"content":{"rendered":"","protected":false},"excerpt":{"rendered":"","protected":false},"featured_media":1606,"comment_status":"closed","ping_status":"closed","template":"","meta":{"_acf_changed":false,"inline_featured_image":false,"_exactmetrics_skip_tracking":false,"_exactmetrics_sitenote_active":false,"_exactmetrics_sitenote_note":"","_exactmetrics_sitenote_category":0},"product_cat":[143],"product_tag":[],"class_list":{"0":"post-1629","1":"product","2":"type-product","3":"status-publish","4":"has-post-thumbnail","6":"product_cat-fleurs-naturelles","8":"first","9":"instock","10":"shipping-taxable","11":"purchasable","12":"product-type-simple"},"acf":[],"yoast_head":"<!-- This site is optimized with the Yoast SEO plugin v27.0 - https:\/\/yoast.com\/product\/yoast-seo-wordpress\/ -->\n<title>Gerbe de fleurs 17 - Fleurs naturelles pour fun\u00e9railles - D\u00e9c\u00e8s<\/title>\n<meta name=\"description\" content=\"Gerbe de fleurs 17 - Fleurs avec carte ou ruban - Pompes fun\u00e8bres AIC Heirbrant - A votre service 02\/502.14.24 - www.aic-vbc.be\" \/>\n<meta name=\"robots\" content=\"index, follow, max-snippet:-1, max-image-preview:large, max-video-preview:-1\" \/>\n<link rel=\"canonical\" href=\"https:\/\/www.aic-vbc.be\/fr\/shop\/fleurs-fr\/pieces-tombales-fr\/gerbe-de-fleurs-17\/\" \/>\n<meta property=\"og:locale\" content=\"fr_FR\" \/>\n<meta property=\"og:type\" content=\"article\" \/>\n<meta property=\"og:title\" content=\"Gerbe de fleurs 17 - Fleurs naturelles pour fun\u00e9railles - D\u00e9c\u00e8s\" \/>\n<meta property=\"og:description\" content=\"Gerbe de fleurs 17 - Fleurs avec carte ou ruban - Pompes fun\u00e8bres AIC Heirbrant - A votre service 02\/502.14.24 - www.aic-vbc.be\" \/>\n<meta property=\"og:url\" content=\"https:\/\/www.aic-vbc.be\/fr\/shop\/fleurs-fr\/pieces-tombales-fr\/gerbe-de-fleurs-17\/\" \/>\n<meta property=\"og:site_name\" content=\"AIC HEIRBRANT VBC\" \/>\n<meta property=\"article:modified_time\" content=\"2023-11-15T17:55:59+00:00\" \/>\n<meta property=\"og:image\" content=\"https:\/\/www.aic-vbc.be\/wp-content\/uploads\/2020\/10\/Afbeelding6.jpg\" \/>\n\t<meta property=\"og:image:width\" content=\"745\" \/>\n\t<meta property=\"og:image:height\" content=\"372\" \/>\n\t<meta property=\"og:image:type\" content=\"image\/jpeg\" \/>\n<meta name=\"twitter:card\" content=\"summary_large_image\" \/>\n<script type=\"application\/ld+json\" class=\"yoast-schema-graph\">{\"@context\":\"https:\/\/schema.org\",\"@graph\":[{\"@type\":\"WebPage\",\"@id\":\"https:\/\/www.aic-vbc.be\/fr\/shop\/fleurs-fr\/pieces-tombales-fr\/gerbe-de-fleurs-17\/\",\"url\":\"https:\/\/www.aic-vbc.be\/fr\/shop\/fleurs-fr\/pieces-tombales-fr\/gerbe-de-fleurs-17\/\",\"name\":\"Gerbe de fleurs 17 - Fleurs naturelles pour fun\u00e9railles - D\u00e9c\u00e8s\",\"isPartOf\":{\"@id\":\"\/#website\"},\"primaryImageOfPage\":{\"@id\":\"https:\/\/www.aic-vbc.be\/fr\/shop\/fleurs-fr\/pieces-tombales-fr\/gerbe-de-fleurs-17\/#primaryimage\"},\"image\":{\"@id\":\"https:\/\/www.aic-vbc.be\/fr\/shop\/fleurs-fr\/pieces-tombales-fr\/gerbe-de-fleurs-17\/#primaryimage\"},\"thumbnailUrl\":\"https:\/\/www.aic-vbc.be\/wp-content\/uploads\/2020\/10\/Afbeelding6.jpg\",\"datePublished\":\"2020-10-01T15:20:16+00:00\",\"dateModified\":\"2023-11-15T17:55:59+00:00\",\"description\":\"Gerbe de fleurs 17 - Fleurs avec carte ou ruban - Pompes fun\u00e8bres AIC Heirbrant - A votre service 02\/502.14.24 - www.aic-vbc.be\",\"breadcrumb\":{\"@id\":\"https:\/\/www.aic-vbc.be\/fr\/shop\/fleurs-fr\/pieces-tombales-fr\/gerbe-de-fleurs-17\/#breadcrumb\"},\"inLanguage\":\"fr-FR\",\"potentialAction\":[{\"@type\":\"ReadAction\",\"target\":[\"https:\/\/www.aic-vbc.be\/fr\/shop\/fleurs-fr\/pieces-tombales-fr\/gerbe-de-fleurs-17\/\"]}]},{\"@type\":\"ImageObject\",\"inLanguage\":\"fr-FR\",\"@id\":\"https:\/\/www.aic-vbc.be\/fr\/shop\/fleurs-fr\/pieces-tombales-fr\/gerbe-de-fleurs-17\/#primaryimage\",\"url\":\"https:\/\/www.aic-vbc.be\/wp-content\/uploads\/2020\/10\/Afbeelding6.jpg\",\"contentUrl\":\"https:\/\/www.aic-vbc.be\/wp-content\/uploads\/2020\/10\/Afbeelding6.jpg\",\"width\":745,\"height\":372,\"caption\":\"Gerbe 17 Fleurs D\u00e9c\u00e8s Pompes fun\u00e8bres AIC Heirbrant Bruxelles Laeken Wemmel\"},{\"@type\":\"BreadcrumbList\",\"@id\":\"https:\/\/www.aic-vbc.be\/fr\/shop\/fleurs-fr\/pieces-tombales-fr\/gerbe-de-fleurs-17\/#breadcrumb\",\"itemListElement\":[{\"@type\":\"ListItem\",\"position\":1,\"name\":\"Home\",\"item\":\"https:\/\/www.aic-vbc.be\/fr\/\"},{\"@type\":\"ListItem\",\"position\":2,\"name\":\"Webshop\",\"item\":\"https:\/\/www.aic-vbc.be\/fr\/webshop\/\"},{\"@type\":\"ListItem\",\"position\":3,\"name\":\"Gerbe de fleurs 17\"}]},{\"@type\":\"WebSite\",\"@id\":\"\/#website\",\"url\":\"\/\",\"name\":\"AIC VBC\",\"description\":\"\",\"publisher\":{\"@id\":\"\/#organization\"},\"potentialAction\":[{\"@type\":\"SearchAction\",\"target\":{\"@type\":\"EntryPoint\",\"urlTemplate\":\"\/?s={search_term_string}\"},\"query-input\":{\"@type\":\"PropertyValueSpecification\",\"valueRequired\":true,\"valueName\":\"search_term_string\"}}],\"inLanguage\":\"fr-FR\"},{\"@type\":\"Organization\",\"@id\":\"\/#organization\",\"name\":\"AIC - HEIRBRANT - VBC\",\"url\":\"\/\",\"logo\":{\"@type\":\"ImageObject\",\"inLanguage\":\"fr-FR\",\"@id\":\"\/#\/schema\/logo\/image\/\",\"url\":\"https:\/\/www.aic-vbc.be\/wp-content\/uploads\/2020\/08\/AIC_Sfeerbeeld_01.jpg\",\"contentUrl\":\"https:\/\/www.aic-vbc.be\/wp-content\/uploads\/2020\/08\/AIC_Sfeerbeeld_01.jpg\",\"width\":1281,\"height\":854,\"caption\":\"AIC - HEIRBRANT - VBC\"},\"image\":{\"@id\":\"\/#\/schema\/logo\/image\/\"}}]}<\/script>\n<!-- \/ Yoast SEO plugin. -->","yoast_head_json":{"title":"Gerbe de fleurs 17 - Fleurs naturelles pour fun\u00e9railles - D\u00e9c\u00e8s","description":"Gerbe de fleurs 17 - Fleurs avec carte ou ruban - Pompes fun\u00e8bres AIC Heirbrant - A votre service 02\/502.14.24 - www.aic-vbc.be","robots":{"index":"index","follow":"follow","max-snippet":"max-snippet:-1","max-image-preview":"max-image-preview:large","max-video-preview":"max-video-preview:-1"},"canonical":"https:\/\/www.aic-vbc.be\/fr\/shop\/fleurs-fr\/pieces-tombales-fr\/gerbe-de-fleurs-17\/","og_locale":"fr_FR","og_type":"article","og_title":"Gerbe de fleurs 17 - Fleurs naturelles pour fun\u00e9railles - D\u00e9c\u00e8s","og_description":"Gerbe de fleurs 17 - Fleurs avec carte ou ruban - Pompes fun\u00e8bres AIC Heirbrant - A votre service 02\/502.14.24 - www.aic-vbc.be","og_url":"https:\/\/www.aic-vbc.be\/fr\/shop\/fleurs-fr\/pieces-tombales-fr\/gerbe-de-fleurs-17\/","og_site_name":"AIC HEIRBRANT VBC","article_modified_time":"2023-11-15T17:55:59+00:00","og_image":[{"width":745,"height":372,"url":"https:\/\/www.aic-vbc.be\/wp-content\/uploads\/2020\/10\/Afbeelding6.jpg","type":"image\/jpeg"}],"twitter_card":"summary_large_image","schema":{"@context":"https:\/\/schema.org","@graph":[{"@type":"WebPage","@id":"https:\/\/www.aic-vbc.be\/fr\/shop\/fleurs-fr\/pieces-tombales-fr\/gerbe-de-fleurs-17\/","url":"https:\/\/www.aic-vbc.be\/fr\/shop\/fleurs-fr\/pieces-tombales-fr\/gerbe-de-fleurs-17\/","name":"Gerbe de fleurs 17 - Fleurs naturelles pour fun\u00e9railles - D\u00e9c\u00e8s","isPartOf":{"@id":"\/#website"},"primaryImageOfPage":{"@id":"https:\/\/www.aic-vbc.be\/fr\/shop\/fleurs-fr\/pieces-tombales-fr\/gerbe-de-fleurs-17\/#primaryimage"},"image":{"@id":"https:\/\/www.aic-vbc.be\/fr\/shop\/fleurs-fr\/pieces-tombales-fr\/gerbe-de-fleurs-17\/#primaryimage"},"thumbnailUrl":"https:\/\/www.aic-vbc.be\/wp-content\/uploads\/2020\/10\/Afbeelding6.jpg","datePublished":"2020-10-01T15:20:16+00:00","dateModified":"2023-11-15T17:55:59+00:00","description":"Gerbe de fleurs 17 - Fleurs avec carte ou ruban - Pompes fun\u00e8bres AIC Heirbrant - A votre service 02\/502.14.24 - www.aic-vbc.be","breadcrumb":{"@id":"https:\/\/www.aic-vbc.be\/fr\/shop\/fleurs-fr\/pieces-tombales-fr\/gerbe-de-fleurs-17\/#breadcrumb"},"inLanguage":"fr-FR","potentialAction":[{"@type":"ReadAction","target":["https:\/\/www.aic-vbc.be\/fr\/shop\/fleurs-fr\/pieces-tombales-fr\/gerbe-de-fleurs-17\/"]}]},{"@type":"ImageObject","inLanguage":"fr-FR","@id":"https:\/\/www.aic-vbc.be\/fr\/shop\/fleurs-fr\/pieces-tombales-fr\/gerbe-de-fleurs-17\/#primaryimage","url":"https:\/\/www.aic-vbc.be\/wp-content\/uploads\/2020\/10\/Afbeelding6.jpg","contentUrl":"https:\/\/www.aic-vbc.be\/wp-content\/uploads\/2020\/10\/Afbeelding6.jpg","width":745,"height":372,"caption":"Gerbe 17 Fleurs D\u00e9c\u00e8s Pompes fun\u00e8bres AIC Heirbrant Bruxelles Laeken Wemmel"},{"@type":"BreadcrumbList","@id":"https:\/\/www.aic-vbc.be\/fr\/shop\/fleurs-fr\/pieces-tombales-fr\/gerbe-de-fleurs-17\/#breadcrumb","itemListElement":[{"@type":"ListItem","position":1,"name":"Home","item":"https:\/\/www.aic-vbc.be\/fr\/"},{"@type":"ListItem","position":2,"name":"Webshop","item":"https:\/\/www.aic-vbc.be\/fr\/webshop\/"},{"@type":"ListItem","position":3,"name":"Gerbe de fleurs 17"}]},{"@type":"WebSite","@id":"\/#website","url":"\/","name":"AIC VBC","description":"","publisher":{"@id":"\/#organization"},"potentialAction":[{"@type":"SearchAction","target":{"@type":"EntryPoint","urlTemplate":"\/?s={search_term_string}"},"query-input":{"@type":"PropertyValueSpecification","valueRequired":true,"valueName":"search_term_string"}}],"inLanguage":"fr-FR"},{"@type":"Organization","@id":"\/#organization","name":"AIC - HEIRBRANT - VBC","url":"\/","logo":{"@type":"ImageObject","inLanguage":"fr-FR","@id":"\/#\/schema\/logo\/image\/","url":"https:\/\/www.aic-vbc.be\/wp-content\/uploads\/2020\/08\/AIC_Sfeerbeeld_01.jpg","contentUrl":"https:\/\/www.aic-vbc.be\/wp-content\/uploads\/2020\/08\/AIC_Sfeerbeeld_01.jpg","width":1281,"height":854,"caption":"AIC - HEIRBRANT - VBC"},"image":{"@id":"\/#\/schema\/logo\/image\/"}}]}},"_links":{"self":[{"href":"https:\/\/www.aic-vbc.be\/fr\/wp-json\/wp\/v2\/product\/1629","targetHints":{"allow":["GET"]}}],"collection":[{"href":"https:\/\/www.aic-vbc.be\/fr\/wp-json\/wp\/v2\/product"}],"about":[{"href":"https:\/\/www.aic-vbc.be\/fr\/wp-json\/wp\/v2\/types\/product"}],"replies":[{"embeddable":true,"href":"https:\/\/www.aic-vbc.be\/fr\/wp-json\/wp\/v2\/comments?post=1629"}],"wp:featuredmedia":[{"embeddable":true,"href":"https:\/\/www.aic-vbc.be\/fr\/wp-json\/wp\/v2\/media\/1606"}],"wp:attachment":[{"href":"https:\/\/www.aic-vbc.be\/fr\/wp-json\/wp\/v2\/media?parent=1629"}],"wp:term":[{"taxonomy":"product_cat","embeddable":true,"href":"https:\/\/www.aic-vbc.be\/fr\/wp-json\/wp\/v2\/product_cat?post=1629"},{"taxonomy":"product_tag","embeddable":true,"href":"https:\/\/www.aic-vbc.be\/fr\/wp-json\/wp\/v2\/product_tag?post=1629"}],"curies":[{"name":"wp","href":"https:\/\/api.w.org\/{rel}","templated":true}]}}