{"id":9642,"date":"2022-11-22T14:21:36","date_gmt":"2022-11-22T12:21:36","guid":{"rendered":"https:\/\/aic-vbc.be\/?page_id=9642"},"modified":"2026-03-30T10:34:59","modified_gmt":"2026-03-30T08:34:59","slug":"telechargement","status":"publish","type":"page","link":"https:\/\/www.aic-vbc.be\/fr\/telechargement\/","title":{"rendered":"T\u00e9l\u00e9chargement"},"content":{"rendered":"\t\t<div data-elementor-type=\"wp-page\" data-elementor-id=\"9642\" class=\"elementor elementor-9642\" data-elementor-post-type=\"page\">\n\t\t\t\t\t\t<section class=\"elementor-section elementor-top-section elementor-element elementor-element-ea82314 elementor-section-boxed elementor-section-height-default elementor-section-height-default\" data-id=\"ea82314\" data-element_type=\"section\" data-settings=\"{&quot;background_background&quot;:&quot;classic&quot;,&quot;jet_parallax_layout_list&quot;:[]}\">\n\t\t\t\t\t\t<div class=\"elementor-container elementor-column-gap-default\">\n\t\t\t\t\t<div class=\"elementor-column elementor-col-100 elementor-top-column elementor-element elementor-element-e36efd5\" data-id=\"e36efd5\" data-element_type=\"column\">\n\t\t\t<div class=\"elementor-widget-wrap elementor-element-populated\">\n\t\t\t\t\t\t<section class=\"elementor-section elementor-inner-section elementor-element elementor-element-99bf53f elementor-section-boxed elementor-section-height-default elementor-section-height-default\" data-id=\"99bf53f\" data-element_type=\"section\" data-settings=\"{&quot;jet_parallax_layout_list&quot;:[]}\">\n\t\t\t\t\t\t<div class=\"elementor-container elementor-column-gap-default\">\n\t\t\t\t\t<div class=\"elementor-column elementor-col-100 elementor-inner-column elementor-element elementor-element-a05b9d8\" data-id=\"a05b9d8\" data-element_type=\"column\">\n\t\t\t<div class=\"elementor-widget-wrap elementor-element-populated\">\n\t\t\t\t\t\t<div class=\"elementor-element elementor-element-b800358 elementor-widget elementor-widget-text-editor\" data-id=\"b800358\" data-element_type=\"widget\" data-widget_type=\"text-editor.default\">\n\t\t\t\t<div class=\"elementor-widget-container\">\n\t\t\t\t\t\t\t\t\t<h2>Que faire apr\u00e8s un d\u00e9c\u00e8s ?<\/h2><h2>T\u00e9l\u00e9chargez gratuitement notre guide :<br \/>\u201cLes 10 \u00e9tapes essentielles \u00e0 suivre\u201d<\/h2><p style=\"margin-bottom: 32px;\">Les jours entre le d\u00e9c\u00e8s et les fun\u00e9railles sont mouvement\u00e9s<br \/>\u00c9viter d&rsquo;oublier des questions pratiques importantes<br \/>Cette liste est un guide en cette p\u00e9riode difficile<br \/>Nous sommes toujours \u00e0 disposition pour vous soutenir et conseiller<\/p>\t\t\t\t\t\t\t\t<\/div>\n\t\t\t\t<\/div>\n\t\t\t\t<div class=\"elementor-element elementor-element-cc5379c elementor-align-center elementor-widget elementor-widget-button\" data-id=\"cc5379c\" data-element_type=\"widget\" data-widget_type=\"button.default\">\n\t\t\t\t<div class=\"elementor-widget-container\">\n\t\t\t\t\t\t\t\t\t<div class=\"elementor-button-wrapper\">\n\t\t\t\t\t<a class=\"elementor-button elementor-button-link elementor-size-md\" href=\"https:\/\/aic-vbc.be\/wp-content\/uploads\/2022\/11\/Checklist-Organiser-des-funerailles_invulbaar.pdf\" target=\"_blank\">\n\t\t\t\t\t\t<span class=\"elementor-button-content-wrapper\">\n\t\t\t\t\t\t\t\t\t<span class=\"elementor-button-text\">T\u00e9l\u00e9charger GRATUITEMENT<\/span>\n\t\t\t\t\t<\/span>\n\t\t\t\t\t<\/a>\n\t\t\t\t<\/div>\n\t\t\t\t\t\t\t\t<\/div>\n\t\t\t\t<\/div>\n\t\t\t\t\t<\/div>\n\t\t<\/div>\n\t\t\t\t\t<\/div>\n\t\t<\/section>\n\t\t\t\t\t<\/div>\n\t\t<\/div>\n\t\t\t\t\t<\/div>\n\t\t<\/section>\n\t\t\t\t<section class=\"elementor-section elementor-top-section elementor-element elementor-element-b00a88d elementor-section-boxed elementor-section-height-default elementor-section-height-default\" data-id=\"b00a88d\" data-element_type=\"section\" data-settings=\"{&quot;jet_parallax_layout_list&quot;:[]}\">\n\t\t\t\t\t\t<div class=\"elementor-container elementor-column-gap-custom\">\n\t\t\t\t\t<div class=\"elementor-column elementor-col-100 elementor-top-column elementor-element elementor-element-bed04cb raven-column-flex-center raven-column-flex-horizontal\" data-id=\"bed04cb\" data-element_type=\"column\">\n\t\t\t<div class=\"elementor-widget-wrap elementor-element-populated\">\n\t\t\t\t\t\t<section class=\"elementor-section elementor-inner-section elementor-element elementor-element-32c83ef elementor-section-boxed elementor-section-height-default elementor-section-height-default\" data-id=\"32c83ef\" data-element_type=\"section\" data-settings=\"{&quot;jet_parallax_layout_list&quot;:[]}\">\n\t\t\t\t\t\t<div class=\"elementor-container elementor-column-gap-default\">\n\t\t\t\t\t<div class=\"elementor-column elementor-col-50 elementor-inner-column elementor-element elementor-element-e915c98\" data-id=\"e915c98\" data-element_type=\"column\">\n\t\t\t<div class=\"elementor-widget-wrap elementor-element-populated\">\n\t\t\t\t\t\t<div class=\"elementor-element elementor-element-9f3aecb elementor-align-center elementor-widget elementor-widget-button\" data-id=\"9f3aecb\" data-element_type=\"widget\" data-widget_type=\"button.default\">\n\t\t\t\t<div class=\"elementor-widget-container\">\n\t\t\t\t\t\t\t\t\t<div class=\"elementor-button-wrapper\">\n\t\t\t\t\t<a class=\"elementor-button elementor-button-link elementor-size-md\" href=\"https:\/\/aic-vbc.be\/\">\n\t\t\t\t\t\t<span class=\"elementor-button-content-wrapper\">\n\t\t\t\t\t\t\t\t\t<span class=\"elementor-button-text\">Home<\/span>\n\t\t\t\t\t<\/span>\n\t\t\t\t\t<\/a>\n\t\t\t\t<\/div>\n\t\t\t\t\t\t\t\t<\/div>\n\t\t\t\t<\/div>\n\t\t\t\t\t<\/div>\n\t\t<\/div>\n\t\t\t\t<div class=\"elementor-column elementor-col-50 elementor-inner-column elementor-element elementor-element-e9ff1e6\" data-id=\"e9ff1e6\" data-element_type=\"column\">\n\t\t\t<div class=\"elementor-widget-wrap elementor-element-populated\">\n\t\t\t\t\t\t<div class=\"elementor-element elementor-element-cad1f25 elementor-align-center elementor-widget elementor-widget-button\" data-id=\"cad1f25\" data-element_type=\"widget\" data-widget_type=\"button.default\">\n\t\t\t\t<div class=\"elementor-widget-container\">\n\t\t\t\t\t\t\t\t\t<div class=\"elementor-button-wrapper\">\n\t\t\t\t\t<a class=\"elementor-button elementor-button-link elementor-size-md\" href=\"\/contact\/\">\n\t\t\t\t\t\t<span class=\"elementor-button-content-wrapper\">\n\t\t\t\t\t\t\t\t\t<span class=\"elementor-button-text\">Contact<\/span>\n\t\t\t\t\t<\/span>\n\t\t\t\t\t<\/a>\n\t\t\t\t<\/div>\n\t\t\t\t\t\t\t\t<\/div>\n\t\t\t\t<\/div>\n\t\t\t\t\t<\/div>\n\t\t<\/div>\n\t\t\t\t\t<\/div>\n\t\t<\/section>\n\t\t\t\t\t<\/div>\n\t\t<\/div>\n\t\t\t\t\t<\/div>\n\t\t<\/section>\n\t\t\t\t<section class=\"elementor-section elementor-top-section elementor-element elementor-element-a661943 elementor-section-boxed elementor-section-height-default elementor-section-height-default\" data-id=\"a661943\" data-element_type=\"section\" data-settings=\"{&quot;jet_parallax_layout_list&quot;:[]}\">\n\t\t\t\t\t\t<div class=\"elementor-container elementor-column-gap-default\">\n\t\t\t\t\t<div class=\"elementor-column elementor-col-100 elementor-top-column elementor-element elementor-element-17bedae\" data-id=\"17bedae\" data-element_type=\"column\">\n\t\t\t<div class=\"elementor-widget-wrap elementor-element-populated\">\n\t\t\t\t\t\t<div class=\"elementor-element elementor-element-a5dca23 elementor-widget elementor-widget-spacer\" data-id=\"a5dca23\" data-element_type=\"widget\" data-widget_type=\"spacer.default\">\n\t\t\t\t<div class=\"elementor-widget-container\">\n\t\t\t\t\t\t\t<div class=\"elementor-spacer\">\n\t\t\t<div class=\"elementor-spacer-inner\"><\/div>\n\t\t<\/div>\n\t\t\t\t\t\t<\/div>\n\t\t\t\t<\/div>\n\t\t\t\t<div class=\"elementor-element elementor-element-0293658 elementor-widget elementor-widget-spacer\" data-id=\"0293658\" data-element_type=\"widget\" data-widget_type=\"spacer.default\">\n\t\t\t\t<div class=\"elementor-widget-container\">\n\t\t\t\t\t\t\t<div class=\"elementor-spacer\">\n\t\t\t<div class=\"elementor-spacer-inner\"><\/div>\n\t\t<\/div>\n\t\t\t\t\t\t<\/div>\n\t\t\t\t<\/div>\n\t\t\t\t\t<\/div>\n\t\t<\/div>\n\t\t\t\t\t<\/div>\n\t\t<\/section>\n\t\t\t\t<\/div>\n\t\t","protected":false},"excerpt":{"rendered":"<p>Que faire apr\u00e8s un d\u00e9c\u00e8s ? T\u00e9l\u00e9chargez gratuitement notre guide : \u201cLes 10 \u00e9tapes essentielles \u00e0 suivre\u201d Les jours entre le d\u00e9c\u00e8s et les fun\u00e9railles sont mouvement\u00e9s \u00c9viter d&rsquo;oublier des questions pratiques importantes Cette liste est un guide en cette p\u00e9riode difficile Nous sommes toujours \u00e0 disposition pour vous soutenir et conseiller T\u00e9l\u00e9charger GRATUITEMENT Home [&hellip;]<\/p>\n","protected":false},"author":1,"featured_media":0,"parent":0,"menu_order":0,"comment_status":"closed","ping_status":"closed","template":"","meta":{"_acf_changed":false,"inline_featured_image":false,"_exactmetrics_skip_tracking":false,"_exactmetrics_sitenote_active":false,"_exactmetrics_sitenote_note":"","_exactmetrics_sitenote_category":0,"footnotes":""},"class_list":["post-9642","page","type-page","status-publish","hentry"],"acf":[],"yoast_head":"<!-- This site is optimized with the Yoast SEO plugin v27.0 - https:\/\/yoast.com\/product\/yoast-seo-wordpress\/ -->\n<title>T\u00e9l\u00e9chargement guide - Que faire apr\u00e8s un d\u00e9c\u00e8s? - AIC HEIRBRANT VBC<\/title>\n<meta name=\"description\" content=\"T\u00e9l\u00e9chargement - Que faire apr\u00e8s un d\u00e9c\u00e8s ? T\u00e9l\u00e9chargez gratuitement notre guide \u201cLes 10 \u00e9tapes essentielles \u00e0 suivre\u201d AIC Heirbrant VBC\" \/>\n<meta name=\"robots\" content=\"index, follow, max-snippet:-1, max-image-preview:large, max-video-preview:-1\" \/>\n<link rel=\"canonical\" href=\"https:\/\/www.aic-vbc.be\/fr\/telechargement\/\" \/>\n<meta property=\"og:locale\" content=\"fr_FR\" \/>\n<meta property=\"og:type\" content=\"article\" \/>\n<meta property=\"og:title\" content=\"T\u00e9l\u00e9chargement guide - Que faire apr\u00e8s un d\u00e9c\u00e8s? - AIC HEIRBRANT VBC\" \/>\n<meta property=\"og:description\" content=\"T\u00e9l\u00e9chargement - Que faire apr\u00e8s un d\u00e9c\u00e8s ? T\u00e9l\u00e9chargez gratuitement notre guide \u201cLes 10 \u00e9tapes essentielles \u00e0 suivre\u201d AIC Heirbrant VBC\" \/>\n<meta property=\"og:url\" content=\"https:\/\/www.aic-vbc.be\/fr\/telechargement\/\" \/>\n<meta property=\"og:site_name\" content=\"AIC HEIRBRANT VBC\" \/>\n<meta property=\"article:modified_time\" content=\"2026-03-30T08:34:59+00:00\" \/>\n<meta name=\"twitter:card\" content=\"summary_large_image\" \/>\n<meta name=\"twitter:label1\" content=\"Dur\u00e9e de lecture estim\u00e9e\" \/>\n\t<meta name=\"twitter:data1\" content=\"1 minute\" \/>\n<script type=\"application\/ld+json\" class=\"yoast-schema-graph\">{\"@context\":\"https:\/\/schema.org\",\"@graph\":[{\"@type\":\"WebPage\",\"@id\":\"https:\/\/www.aic-vbc.be\/fr\/telechargement\/\",\"url\":\"https:\/\/www.aic-vbc.be\/fr\/telechargement\/\",\"name\":\"T\u00e9l\u00e9chargement guide - Que faire apr\u00e8s un d\u00e9c\u00e8s? - AIC HEIRBRANT VBC\",\"isPartOf\":{\"@id\":\"\/#website\"},\"datePublished\":\"2022-11-22T12:21:36+00:00\",\"dateModified\":\"2026-03-30T08:34:59+00:00\",\"description\":\"T\u00e9l\u00e9chargement - Que faire apr\u00e8s un d\u00e9c\u00e8s ? T\u00e9l\u00e9chargez gratuitement notre guide \u201cLes 10 \u00e9tapes essentielles \u00e0 suivre\u201d AIC Heirbrant VBC\",\"breadcrumb\":{\"@id\":\"https:\/\/www.aic-vbc.be\/fr\/telechargement\/#breadcrumb\"},\"inLanguage\":\"fr-FR\",\"potentialAction\":[{\"@type\":\"ReadAction\",\"target\":[\"https:\/\/www.aic-vbc.be\/fr\/telechargement\/\"]}]},{\"@type\":\"BreadcrumbList\",\"@id\":\"https:\/\/www.aic-vbc.be\/fr\/telechargement\/#breadcrumb\",\"itemListElement\":[{\"@type\":\"ListItem\",\"position\":1,\"name\":\"Home\",\"item\":\"https:\/\/www.aic-vbc.be\/fr\/\"},{\"@type\":\"ListItem\",\"position\":2,\"name\":\"T\u00e9l\u00e9chargement\"}]},{\"@type\":\"WebSite\",\"@id\":\"\/#website\",\"url\":\"\/\",\"name\":\"AIC VBC\",\"description\":\"\",\"publisher\":{\"@id\":\"\/#organization\"},\"potentialAction\":[{\"@type\":\"SearchAction\",\"target\":{\"@type\":\"EntryPoint\",\"urlTemplate\":\"\/?s={search_term_string}\"},\"query-input\":{\"@type\":\"PropertyValueSpecification\",\"valueRequired\":true,\"valueName\":\"search_term_string\"}}],\"inLanguage\":\"fr-FR\"},{\"@type\":\"Organization\",\"@id\":\"\/#organization\",\"name\":\"AIC - HEIRBRANT - VBC\",\"url\":\"\/\",\"logo\":{\"@type\":\"ImageObject\",\"inLanguage\":\"fr-FR\",\"@id\":\"\/#\/schema\/logo\/image\/\",\"url\":\"https:\/\/www.aic-vbc.be\/wp-content\/uploads\/2020\/08\/AIC_Sfeerbeeld_01.jpg\",\"contentUrl\":\"https:\/\/www.aic-vbc.be\/wp-content\/uploads\/2020\/08\/AIC_Sfeerbeeld_01.jpg\",\"width\":1281,\"height\":854,\"caption\":\"AIC - HEIRBRANT - VBC\"},\"image\":{\"@id\":\"\/#\/schema\/logo\/image\/\"}}]}<\/script>\n<!-- \/ Yoast SEO plugin. -->","yoast_head_json":{"title":"T\u00e9l\u00e9chargement guide - Que faire apr\u00e8s un d\u00e9c\u00e8s? - AIC HEIRBRANT VBC","description":"T\u00e9l\u00e9chargement - Que faire apr\u00e8s un d\u00e9c\u00e8s ? T\u00e9l\u00e9chargez gratuitement notre guide \u201cLes 10 \u00e9tapes essentielles \u00e0 suivre\u201d AIC Heirbrant VBC","robots":{"index":"index","follow":"follow","max-snippet":"max-snippet:-1","max-image-preview":"max-image-preview:large","max-video-preview":"max-video-preview:-1"},"canonical":"https:\/\/www.aic-vbc.be\/fr\/telechargement\/","og_locale":"fr_FR","og_type":"article","og_title":"T\u00e9l\u00e9chargement guide - Que faire apr\u00e8s un d\u00e9c\u00e8s? - AIC HEIRBRANT VBC","og_description":"T\u00e9l\u00e9chargement - Que faire apr\u00e8s un d\u00e9c\u00e8s ? T\u00e9l\u00e9chargez gratuitement notre guide \u201cLes 10 \u00e9tapes essentielles \u00e0 suivre\u201d AIC Heirbrant VBC","og_url":"https:\/\/www.aic-vbc.be\/fr\/telechargement\/","og_site_name":"AIC HEIRBRANT VBC","article_modified_time":"2026-03-30T08:34:59+00:00","twitter_card":"summary_large_image","twitter_misc":{"Dur\u00e9e de lecture estim\u00e9e":"1 minute"},"schema":{"@context":"https:\/\/schema.org","@graph":[{"@type":"WebPage","@id":"https:\/\/www.aic-vbc.be\/fr\/telechargement\/","url":"https:\/\/www.aic-vbc.be\/fr\/telechargement\/","name":"T\u00e9l\u00e9chargement guide - Que faire apr\u00e8s un d\u00e9c\u00e8s? - AIC HEIRBRANT VBC","isPartOf":{"@id":"\/#website"},"datePublished":"2022-11-22T12:21:36+00:00","dateModified":"2026-03-30T08:34:59+00:00","description":"T\u00e9l\u00e9chargement - Que faire apr\u00e8s un d\u00e9c\u00e8s ? T\u00e9l\u00e9chargez gratuitement notre guide \u201cLes 10 \u00e9tapes essentielles \u00e0 suivre\u201d AIC Heirbrant VBC","breadcrumb":{"@id":"https:\/\/www.aic-vbc.be\/fr\/telechargement\/#breadcrumb"},"inLanguage":"fr-FR","potentialAction":[{"@type":"ReadAction","target":["https:\/\/www.aic-vbc.be\/fr\/telechargement\/"]}]},{"@type":"BreadcrumbList","@id":"https:\/\/www.aic-vbc.be\/fr\/telechargement\/#breadcrumb","itemListElement":[{"@type":"ListItem","position":1,"name":"Home","item":"https:\/\/www.aic-vbc.be\/fr\/"},{"@type":"ListItem","position":2,"name":"T\u00e9l\u00e9chargement"}]},{"@type":"WebSite","@id":"\/#website","url":"\/","name":"AIC VBC","description":"","publisher":{"@id":"\/#organization"},"potentialAction":[{"@type":"SearchAction","target":{"@type":"EntryPoint","urlTemplate":"\/?s={search_term_string}"},"query-input":{"@type":"PropertyValueSpecification","valueRequired":true,"valueName":"search_term_string"}}],"inLanguage":"fr-FR"},{"@type":"Organization","@id":"\/#organization","name":"AIC - HEIRBRANT - VBC","url":"\/","logo":{"@type":"ImageObject","inLanguage":"fr-FR","@id":"\/#\/schema\/logo\/image\/","url":"https:\/\/www.aic-vbc.be\/wp-content\/uploads\/2020\/08\/AIC_Sfeerbeeld_01.jpg","contentUrl":"https:\/\/www.aic-vbc.be\/wp-content\/uploads\/2020\/08\/AIC_Sfeerbeeld_01.jpg","width":1281,"height":854,"caption":"AIC - HEIRBRANT - VBC"},"image":{"@id":"\/#\/schema\/logo\/image\/"}}]}},"_links":{"self":[{"href":"https:\/\/www.aic-vbc.be\/fr\/wp-json\/wp\/v2\/pages\/9642","targetHints":{"allow":["GET"]}}],"collection":[{"href":"https:\/\/www.aic-vbc.be\/fr\/wp-json\/wp\/v2\/pages"}],"about":[{"href":"https:\/\/www.aic-vbc.be\/fr\/wp-json\/wp\/v2\/types\/page"}],"author":[{"embeddable":true,"href":"https:\/\/www.aic-vbc.be\/fr\/wp-json\/wp\/v2\/users\/1"}],"replies":[{"embeddable":true,"href":"https:\/\/www.aic-vbc.be\/fr\/wp-json\/wp\/v2\/comments?post=9642"}],"version-history":[{"count":79,"href":"https:\/\/www.aic-vbc.be\/fr\/wp-json\/wp\/v2\/pages\/9642\/revisions"}],"predecessor-version":[{"id":18086,"href":"https:\/\/www.aic-vbc.be\/fr\/wp-json\/wp\/v2\/pages\/9642\/revisions\/18086"}],"wp:attachment":[{"href":"https:\/\/www.aic-vbc.be\/fr\/wp-json\/wp\/v2\/media?parent=9642"}],"curies":[{"name":"wp","href":"https:\/\/api.w.org\/{rel}","templated":true}]}}