{"id":848,"date":"2019-07-14T15:10:31","date_gmt":"2019-07-14T15:10:31","guid":{"rendered":"https:\/\/aic-vbc.be\/404-error\/"},"modified":"2021-12-03T22:07:30","modified_gmt":"2021-12-03T20:07:30","slug":"404-eror","status":"publish","type":"page","link":"https:\/\/www.aic-vbc.be\/fr\/404-eror\/","title":{"rendered":"404"},"content":{"rendered":"\t\t<div data-elementor-type=\"wp-post\" data-elementor-id=\"848\" class=\"elementor elementor-848 elementor-402\" data-elementor-post-type=\"page\">\n\t\t\t\t\t\t<section class=\"elementor-section elementor-top-section elementor-element elementor-element-b6d6ed6 elementor-section-boxed elementor-section-height-default elementor-section-height-default\" data-id=\"b6d6ed6\" data-element_type=\"section\" data-settings=\"{&quot;jet_parallax_layout_list&quot;:[{&quot;jet_parallax_layout_image&quot;:{&quot;url&quot;:&quot;&quot;,&quot;id&quot;:&quot;&quot;,&quot;size&quot;:&quot;&quot;},&quot;_id&quot;:&quot;69c8589&quot;,&quot;jet_parallax_layout_speed&quot;:{&quot;unit&quot;:&quot;%&quot;,&quot;size&quot;:&quot;50&quot;,&quot;sizes&quot;:[]},&quot;jet_parallax_layout_bg_x&quot;:&quot;50&quot;,&quot;jet_parallax_layout_bg_y&quot;:&quot;50&quot;,&quot;jet_parallax_layout_image_tablet&quot;:{&quot;url&quot;:&quot;&quot;,&quot;id&quot;:&quot;&quot;,&quot;size&quot;:&quot;&quot;},&quot;jet_parallax_layout_image_mobile&quot;:{&quot;url&quot;:&quot;&quot;,&quot;id&quot;:&quot;&quot;,&quot;size&quot;:&quot;&quot;},&quot;jet_parallax_layout_type&quot;:&quot;scroll&quot;,&quot;jet_parallax_layout_direction&quot;:null,&quot;jet_parallax_layout_fx_direction&quot;:null,&quot;jet_parallax_layout_z_index&quot;:&quot;&quot;,&quot;jet_parallax_layout_bg_x_tablet&quot;:&quot;&quot;,&quot;jet_parallax_layout_bg_x_mobile&quot;:&quot;&quot;,&quot;jet_parallax_layout_bg_y_tablet&quot;:&quot;&quot;,&quot;jet_parallax_layout_bg_y_mobile&quot;:&quot;&quot;,&quot;jet_parallax_layout_bg_size&quot;:&quot;auto&quot;,&quot;jet_parallax_layout_bg_size_tablet&quot;:&quot;&quot;,&quot;jet_parallax_layout_bg_size_mobile&quot;:&quot;&quot;,&quot;jet_parallax_layout_animation_prop&quot;:&quot;transform&quot;,&quot;jet_parallax_layout_on&quot;:[&quot;desktop&quot;,&quot;tablet&quot;]}]}\">\n\t\t\t\t\t\t<div class=\"elementor-container elementor-column-gap-default\">\n\t\t\t\t\t<div class=\"elementor-column elementor-col-100 elementor-top-column elementor-element elementor-element-90a50d8\" data-id=\"90a50d8\" data-element_type=\"column\">\n\t\t\t<div class=\"elementor-widget-wrap elementor-element-populated\">\n\t\t\t\t\t\t<div class=\"elementor-element elementor-element-9b6d031 elementor-align-center elementor-widget elementor-widget-raven-heading\" data-id=\"9b6d031\" data-element_type=\"widget\" data-widget_type=\"raven-heading.default\">\n\t\t\t\t<div class=\"elementor-widget-container\">\n\t\t\t\t\t\t\t<div class=\"raven-widget-wrapper\"><h1 class=\"raven-heading raven-heading-h1\"><span class=\"raven-heading-title\">404-eror<\/span><\/h1><\/div>\n\t\t\t\t\t\t<\/div>\n\t\t\t\t<\/div>\n\t\t\t\t<div class=\"elementor-element elementor-element-cde48a9 elementor-widget elementor-widget-spacer\" data-id=\"cde48a9\" data-element_type=\"widget\" data-widget_type=\"spacer.default\">\n\t\t\t\t<div class=\"elementor-widget-container\">\n\t\t\t\t\t\t\t<div class=\"elementor-spacer\">\n\t\t\t<div class=\"elementor-spacer-inner\"><\/div>\n\t\t<\/div>\n\t\t\t\t\t\t<\/div>\n\t\t\t\t<\/div>\n\t\t\t\t<div class=\"elementor-element elementor-element-4187bae elementor-widget elementor-widget-text-editor\" data-id=\"4187bae\" data-element_type=\"widget\" data-widget_type=\"text-editor.default\">\n\t\t\t\t<div class=\"elementor-widget-container\">\n\t\t\t\t\t\t\t\t\t<p>404-eror Pardon! Cette page n&rsquo;existe pas!<\/p>\t\t\t\t\t\t\t\t<\/div>\n\t\t\t\t<\/div>\n\t\t\t\t<div class=\"elementor-element elementor-element-e5e6375 elementor-widget elementor-widget-spacer\" data-id=\"e5e6375\" data-element_type=\"widget\" data-widget_type=\"spacer.default\">\n\t\t\t\t<div class=\"elementor-widget-container\">\n\t\t\t\t\t\t\t<div class=\"elementor-spacer\">\n\t\t\t<div class=\"elementor-spacer-inner\"><\/div>\n\t\t<\/div>\n\t\t\t\t\t\t<\/div>\n\t\t\t\t<\/div>\n\t\t\t\t<div class=\"elementor-element elementor-element-37b9910 elementor-align-center elementor-widget elementor-widget-raven-button\" data-id=\"37b9910\" data-element_type=\"widget\" data-widget_type=\"raven-button.default\">\n\t\t\t\t<div class=\"elementor-widget-container\">\n\t\t\t\t\t\t\t<div class=\"raven-widget-wrapper\">\n\t\t\t<a class=\"raven-button raven-button-link\" href=\"\/fr\/\">\n\t\t\t\t<span class=\"raven-button-content\">\n\t\t\t\t\t\t\t\t\t\t<span class=\"raven-button-text\">\n\t\t\t\t\t\tRETOUR \u00c0 LA PAGE D'ACCUEIL\t\t\t\t\t\t\t\t\t\t\t<\/span>\n\t\t\t\t<\/span>\n\t\t\t<\/a>\n\t\t<\/div>\n\t\t\t\t\t\t<\/div>\n\t\t\t\t<\/div>\n\t\t\t\t\t<\/div>\n\t\t<\/div>\n\t\t\t\t\t<\/div>\n\t\t<\/section>\n\t\t\t\t<section class=\"elementor-section elementor-top-section elementor-element elementor-element-44ab2fa elementor-section-boxed elementor-section-height-default elementor-section-height-default\" data-id=\"44ab2fa\" data-element_type=\"section\" data-settings=\"{&quot;jet_parallax_layout_list&quot;:[{&quot;jet_parallax_layout_image&quot;:{&quot;url&quot;:&quot;&quot;,&quot;id&quot;:&quot;&quot;,&quot;size&quot;:&quot;&quot;},&quot;_id&quot;:&quot;ec5cbc6&quot;,&quot;jet_parallax_layout_image_tablet&quot;:{&quot;url&quot;:&quot;&quot;,&quot;id&quot;:&quot;&quot;,&quot;size&quot;:&quot;&quot;},&quot;jet_parallax_layout_image_mobile&quot;:{&quot;url&quot;:&quot;&quot;,&quot;id&quot;:&quot;&quot;,&quot;size&quot;:&quot;&quot;},&quot;jet_parallax_layout_speed&quot;:{&quot;unit&quot;:&quot;%&quot;,&quot;size&quot;:50,&quot;sizes&quot;:[]},&quot;jet_parallax_layout_type&quot;:&quot;scroll&quot;,&quot;jet_parallax_layout_direction&quot;:null,&quot;jet_parallax_layout_fx_direction&quot;:null,&quot;jet_parallax_layout_z_index&quot;:&quot;&quot;,&quot;jet_parallax_layout_bg_x&quot;:50,&quot;jet_parallax_layout_bg_x_tablet&quot;:&quot;&quot;,&quot;jet_parallax_layout_bg_x_mobile&quot;:&quot;&quot;,&quot;jet_parallax_layout_bg_y&quot;:50,&quot;jet_parallax_layout_bg_y_tablet&quot;:&quot;&quot;,&quot;jet_parallax_layout_bg_y_mobile&quot;:&quot;&quot;,&quot;jet_parallax_layout_bg_size&quot;:&quot;auto&quot;,&quot;jet_parallax_layout_bg_size_tablet&quot;:&quot;&quot;,&quot;jet_parallax_layout_bg_size_mobile&quot;:&quot;&quot;,&quot;jet_parallax_layout_animation_prop&quot;:&quot;transform&quot;,&quot;jet_parallax_layout_on&quot;:[&quot;desktop&quot;,&quot;tablet&quot;]}]}\">\n\t\t\t\t\t\t<div class=\"elementor-container elementor-column-gap-default\">\n\t\t\t\t\t<div class=\"elementor-column elementor-col-100 elementor-top-column elementor-element elementor-element-dc4788e\" data-id=\"dc4788e\" data-element_type=\"column\">\n\t\t\t<div class=\"elementor-widget-wrap elementor-element-populated\">\n\t\t\t\t\t\t<div class=\"elementor-element elementor-element-b67ca10 elementor-widget elementor-widget-image\" data-id=\"b67ca10\" data-element_type=\"widget\" data-widget_type=\"image.default\">\n\t\t\t\t<div class=\"elementor-widget-container\">\n\t\t\t\t\t\t\t\t\t\t\t\t\t\t\t<img decoding=\"async\" width=\"150\" height=\"150\" src=\"https:\/\/www.aic-vbc.be\/wp-content\/uploads\/2020\/10\/cropped-A.I.C-1-150x150.png\" class=\"attachment-thumbnail size-thumbnail wp-image-2460\" alt=\"Un d\u00e9c\u00e8s que faire?Pompes fun\u00e8bres Bruxelles AIC Heirbrant\" srcset=\"https:\/\/www.aic-vbc.be\/wp-content\/uploads\/2020\/10\/cropped-A.I.C-1-150x150.png 150w, https:\/\/www.aic-vbc.be\/wp-content\/uploads\/2020\/10\/cropped-A.I.C-1-300x300.png 300w, https:\/\/www.aic-vbc.be\/wp-content\/uploads\/2020\/10\/cropped-A.I.C-1-500x500.png 500w, https:\/\/www.aic-vbc.be\/wp-content\/uploads\/2020\/10\/cropped-A.I.C-1-100x100.png 100w, https:\/\/www.aic-vbc.be\/wp-content\/uploads\/2020\/10\/cropped-A.I.C-1-270x270.png 270w, https:\/\/www.aic-vbc.be\/wp-content\/uploads\/2020\/10\/cropped-A.I.C-1-192x192.png 192w, https:\/\/www.aic-vbc.be\/wp-content\/uploads\/2020\/10\/cropped-A.I.C-1-180x180.png 180w, https:\/\/www.aic-vbc.be\/wp-content\/uploads\/2020\/10\/cropped-A.I.C-1-32x32.png 32w, https:\/\/www.aic-vbc.be\/wp-content\/uploads\/2020\/10\/cropped-A.I.C-1.png 512w\" sizes=\"(max-width: 150px) 100vw, 150px\" \/>\t\t\t\t\t\t\t\t\t\t\t\t\t\t\t<\/div>\n\t\t\t\t<\/div>\n\t\t\t\t\t<\/div>\n\t\t<\/div>\n\t\t\t\t\t<\/div>\n\t\t<\/section>\n\t\t\t\t<\/div>\n\t\t","protected":false},"excerpt":{"rendered":"<p>404-eror 404-eror Pardon! Cette page n&rsquo;existe pas! RETOUR \u00c0 LA PAGE D&rsquo;ACCUEIL<\/p>\n","protected":false},"author":1,"featured_media":0,"parent":0,"menu_order":0,"comment_status":"closed","ping_status":"closed","template":"elementor_header_footer","meta":{"_acf_changed":false,"inline_featured_image":false,"_exactmetrics_skip_tracking":false,"_exactmetrics_sitenote_active":false,"_exactmetrics_sitenote_note":"","_exactmetrics_sitenote_category":0,"footnotes":""},"class_list":["post-848","page","type-page","status-publish","hentry"],"acf":[],"yoast_head":"<!-- This site is optimized with the Yoast SEO plugin v27.0 - https:\/\/yoast.com\/product\/yoast-seo-wordpress\/ -->\n<title>404-eror - AIC Heirbrant - A votre service<\/title>\n<meta name=\"description\" content=\"404-eror - AIC Heirbrant - Pompes fun\u00e8bres - Fun\u00e9railles - Cr\u00e9mation - Rapatriement - Thanatopraxie - A votre service 02\/502.14.24\" \/>\n<meta name=\"robots\" content=\"index, follow, max-snippet:-1, max-image-preview:large, max-video-preview:-1\" \/>\n<link rel=\"canonical\" href=\"https:\/\/www.aic-vbc.be\/fr\/404-eror\/\" \/>\n<meta property=\"og:locale\" content=\"fr_FR\" \/>\n<meta property=\"og:type\" content=\"article\" \/>\n<meta property=\"og:title\" content=\"404-eror - AIC Heirbrant - A votre service\" \/>\n<meta property=\"og:description\" content=\"404-eror - AIC Heirbrant - Pompes fun\u00e8bres - Fun\u00e9railles - Cr\u00e9mation - Rapatriement - Thanatopraxie - A votre service 02\/502.14.24\" \/>\n<meta property=\"og:url\" content=\"https:\/\/www.aic-vbc.be\/fr\/404-eror\/\" \/>\n<meta property=\"og:site_name\" content=\"AIC HEIRBRANT VBC\" \/>\n<meta property=\"article:modified_time\" content=\"2021-12-03T20:07:30+00:00\" \/>\n<meta property=\"og:image\" content=\"https:\/\/aic-vbc.be\/wp-content\/uploads\/2020\/10\/cropped-A.I.C-1-150x150.png\" \/>\n<meta name=\"twitter:card\" content=\"summary_large_image\" \/>\n<meta name=\"twitter:label1\" content=\"Dur\u00e9e de lecture estim\u00e9e\" \/>\n\t<meta name=\"twitter:data1\" content=\"1 minute\" \/>\n<script type=\"application\/ld+json\" class=\"yoast-schema-graph\">{\"@context\":\"https:\/\/schema.org\",\"@graph\":[{\"@type\":\"WebPage\",\"@id\":\"https:\/\/www.aic-vbc.be\/fr\/404-eror\/\",\"url\":\"https:\/\/www.aic-vbc.be\/fr\/404-eror\/\",\"name\":\"404-eror - AIC Heirbrant - A votre service\",\"isPartOf\":{\"@id\":\"\/#website\"},\"primaryImageOfPage\":{\"@id\":\"https:\/\/www.aic-vbc.be\/fr\/404-eror\/#primaryimage\"},\"image\":{\"@id\":\"https:\/\/www.aic-vbc.be\/fr\/404-eror\/#primaryimage\"},\"thumbnailUrl\":\"https:\/\/aic-vbc.be\/wp-content\/uploads\/2020\/10\/cropped-A.I.C-1-150x150.png\",\"datePublished\":\"2019-07-14T15:10:31+00:00\",\"dateModified\":\"2021-12-03T20:07:30+00:00\",\"description\":\"404-eror - AIC Heirbrant - Pompes fun\u00e8bres - Fun\u00e9railles - Cr\u00e9mation - Rapatriement - Thanatopraxie - A votre service 02\/502.14.24\",\"breadcrumb\":{\"@id\":\"https:\/\/www.aic-vbc.be\/fr\/404-eror\/#breadcrumb\"},\"inLanguage\":\"fr-FR\",\"potentialAction\":[{\"@type\":\"ReadAction\",\"target\":[\"https:\/\/www.aic-vbc.be\/fr\/404-eror\/\"]}]},{\"@type\":\"ImageObject\",\"inLanguage\":\"fr-FR\",\"@id\":\"https:\/\/www.aic-vbc.be\/fr\/404-eror\/#primaryimage\",\"url\":\"https:\/\/aic-vbc.be\/wp-content\/uploads\/2020\/10\/cropped-A.I.C-1-150x150.png\",\"contentUrl\":\"https:\/\/aic-vbc.be\/wp-content\/uploads\/2020\/10\/cropped-A.I.C-1-150x150.png\"},{\"@type\":\"BreadcrumbList\",\"@id\":\"https:\/\/www.aic-vbc.be\/fr\/404-eror\/#breadcrumb\",\"itemListElement\":[{\"@type\":\"ListItem\",\"position\":1,\"name\":\"Home\",\"item\":\"https:\/\/www.aic-vbc.be\/fr\/\"},{\"@type\":\"ListItem\",\"position\":2,\"name\":\"404\"}]},{\"@type\":\"WebSite\",\"@id\":\"\/#website\",\"url\":\"\/\",\"name\":\"AIC VBC\",\"description\":\"\",\"publisher\":{\"@id\":\"\/#organization\"},\"potentialAction\":[{\"@type\":\"SearchAction\",\"target\":{\"@type\":\"EntryPoint\",\"urlTemplate\":\"\/?s={search_term_string}\"},\"query-input\":{\"@type\":\"PropertyValueSpecification\",\"valueRequired\":true,\"valueName\":\"search_term_string\"}}],\"inLanguage\":\"fr-FR\"},{\"@type\":\"Organization\",\"@id\":\"\/#organization\",\"name\":\"AIC - HEIRBRANT - VBC\",\"url\":\"\/\",\"logo\":{\"@type\":\"ImageObject\",\"inLanguage\":\"fr-FR\",\"@id\":\"\/#\/schema\/logo\/image\/\",\"url\":\"https:\/\/www.aic-vbc.be\/wp-content\/uploads\/2020\/08\/AIC_Sfeerbeeld_01.jpg\",\"contentUrl\":\"https:\/\/www.aic-vbc.be\/wp-content\/uploads\/2020\/08\/AIC_Sfeerbeeld_01.jpg\",\"width\":1281,\"height\":854,\"caption\":\"AIC - HEIRBRANT - VBC\"},\"image\":{\"@id\":\"\/#\/schema\/logo\/image\/\"}}]}<\/script>\n<!-- \/ Yoast SEO plugin. -->","yoast_head_json":{"title":"404-eror - AIC Heirbrant - A votre service","description":"404-eror - AIC Heirbrant - Pompes fun\u00e8bres - Fun\u00e9railles - Cr\u00e9mation - Rapatriement - Thanatopraxie - A votre service 02\/502.14.24","robots":{"index":"index","follow":"follow","max-snippet":"max-snippet:-1","max-image-preview":"max-image-preview:large","max-video-preview":"max-video-preview:-1"},"canonical":"https:\/\/www.aic-vbc.be\/fr\/404-eror\/","og_locale":"fr_FR","og_type":"article","og_title":"404-eror - AIC Heirbrant - A votre service","og_description":"404-eror - AIC Heirbrant - Pompes fun\u00e8bres - Fun\u00e9railles - Cr\u00e9mation - Rapatriement - Thanatopraxie - A votre service 02\/502.14.24","og_url":"https:\/\/www.aic-vbc.be\/fr\/404-eror\/","og_site_name":"AIC HEIRBRANT VBC","article_modified_time":"2021-12-03T20:07:30+00:00","og_image":[{"url":"https:\/\/aic-vbc.be\/wp-content\/uploads\/2020\/10\/cropped-A.I.C-1-150x150.png","type":"","width":"","height":""}],"twitter_card":"summary_large_image","twitter_misc":{"Dur\u00e9e de lecture estim\u00e9e":"1 minute"},"schema":{"@context":"https:\/\/schema.org","@graph":[{"@type":"WebPage","@id":"https:\/\/www.aic-vbc.be\/fr\/404-eror\/","url":"https:\/\/www.aic-vbc.be\/fr\/404-eror\/","name":"404-eror - AIC Heirbrant - A votre service","isPartOf":{"@id":"\/#website"},"primaryImageOfPage":{"@id":"https:\/\/www.aic-vbc.be\/fr\/404-eror\/#primaryimage"},"image":{"@id":"https:\/\/www.aic-vbc.be\/fr\/404-eror\/#primaryimage"},"thumbnailUrl":"https:\/\/aic-vbc.be\/wp-content\/uploads\/2020\/10\/cropped-A.I.C-1-150x150.png","datePublished":"2019-07-14T15:10:31+00:00","dateModified":"2021-12-03T20:07:30+00:00","description":"404-eror - AIC Heirbrant - Pompes fun\u00e8bres - Fun\u00e9railles - Cr\u00e9mation - Rapatriement - Thanatopraxie - A votre service 02\/502.14.24","breadcrumb":{"@id":"https:\/\/www.aic-vbc.be\/fr\/404-eror\/#breadcrumb"},"inLanguage":"fr-FR","potentialAction":[{"@type":"ReadAction","target":["https:\/\/www.aic-vbc.be\/fr\/404-eror\/"]}]},{"@type":"ImageObject","inLanguage":"fr-FR","@id":"https:\/\/www.aic-vbc.be\/fr\/404-eror\/#primaryimage","url":"https:\/\/aic-vbc.be\/wp-content\/uploads\/2020\/10\/cropped-A.I.C-1-150x150.png","contentUrl":"https:\/\/aic-vbc.be\/wp-content\/uploads\/2020\/10\/cropped-A.I.C-1-150x150.png"},{"@type":"BreadcrumbList","@id":"https:\/\/www.aic-vbc.be\/fr\/404-eror\/#breadcrumb","itemListElement":[{"@type":"ListItem","position":1,"name":"Home","item":"https:\/\/www.aic-vbc.be\/fr\/"},{"@type":"ListItem","position":2,"name":"404"}]},{"@type":"WebSite","@id":"\/#website","url":"\/","name":"AIC VBC","description":"","publisher":{"@id":"\/#organization"},"potentialAction":[{"@type":"SearchAction","target":{"@type":"EntryPoint","urlTemplate":"\/?s={search_term_string}"},"query-input":{"@type":"PropertyValueSpecification","valueRequired":true,"valueName":"search_term_string"}}],"inLanguage":"fr-FR"},{"@type":"Organization","@id":"\/#organization","name":"AIC - HEIRBRANT - VBC","url":"\/","logo":{"@type":"ImageObject","inLanguage":"fr-FR","@id":"\/#\/schema\/logo\/image\/","url":"https:\/\/www.aic-vbc.be\/wp-content\/uploads\/2020\/08\/AIC_Sfeerbeeld_01.jpg","contentUrl":"https:\/\/www.aic-vbc.be\/wp-content\/uploads\/2020\/08\/AIC_Sfeerbeeld_01.jpg","width":1281,"height":854,"caption":"AIC - HEIRBRANT - VBC"},"image":{"@id":"\/#\/schema\/logo\/image\/"}}]}},"_links":{"self":[{"href":"https:\/\/www.aic-vbc.be\/fr\/wp-json\/wp\/v2\/pages\/848","targetHints":{"allow":["GET"]}}],"collection":[{"href":"https:\/\/www.aic-vbc.be\/fr\/wp-json\/wp\/v2\/pages"}],"about":[{"href":"https:\/\/www.aic-vbc.be\/fr\/wp-json\/wp\/v2\/types\/page"}],"author":[{"embeddable":true,"href":"https:\/\/www.aic-vbc.be\/fr\/wp-json\/wp\/v2\/users\/1"}],"replies":[{"embeddable":true,"href":"https:\/\/www.aic-vbc.be\/fr\/wp-json\/wp\/v2\/comments?post=848"}],"version-history":[{"count":1,"href":"https:\/\/www.aic-vbc.be\/fr\/wp-json\/wp\/v2\/pages\/848\/revisions"}],"predecessor-version":[{"id":8027,"href":"https:\/\/www.aic-vbc.be\/fr\/wp-json\/wp\/v2\/pages\/848\/revisions\/8027"}],"wp:attachment":[{"href":"https:\/\/www.aic-vbc.be\/fr\/wp-json\/wp\/v2\/media?parent=848"}],"curies":[{"name":"wp","href":"https:\/\/api.w.org\/{rel}","templated":true}]}}