{"id":840,"date":"2020-08-03T15:12:58","date_gmt":"2020-08-03T13:12:58","guid":{"rendered":"https:\/\/aic-vbc.be\/vervoer-en-repatriering-2\/"},"modified":"2024-05-11T14:03:27","modified_gmt":"2024-05-11T12:03:27","slug":"transport-et-rapatriement","status":"publish","type":"page","link":"https:\/\/www.aic-vbc.be\/fr\/nos-services\/transport-et-rapatriement\/","title":{"rendered":"Transport et rapatriement"},"content":{"rendered":"\t\t<div data-elementor-type=\"wp-page\" data-elementor-id=\"840\" class=\"elementor elementor-840 elementor-429\" data-elementor-post-type=\"page\">\n\t\t\t\t\t\t<section class=\"elementor-section elementor-top-section elementor-element elementor-element-4990d82b elementor-section-stretched elementor-section-height-min-height elementor-section-boxed elementor-section-height-default elementor-section-items-middle\" data-id=\"4990d82b\" data-element_type=\"section\" data-settings=\"{&quot;stretch_section&quot;:&quot;section-stretched&quot;,&quot;jet_parallax_layout_list&quot;:[{&quot;jet_parallax_layout_image&quot;:{&quot;url&quot;:&quot;&quot;,&quot;id&quot;:&quot;&quot;,&quot;size&quot;:&quot;&quot;},&quot;_id&quot;:&quot;121a7f6&quot;,&quot;jet_parallax_layout_speed&quot;:{&quot;unit&quot;:&quot;%&quot;,&quot;size&quot;:&quot;50&quot;,&quot;sizes&quot;:[]},&quot;jet_parallax_layout_bg_x&quot;:&quot;50&quot;,&quot;jet_parallax_layout_bg_y&quot;:&quot;50&quot;,&quot;jet_parallax_layout_image_tablet&quot;:{&quot;url&quot;:&quot;&quot;,&quot;id&quot;:&quot;&quot;,&quot;size&quot;:&quot;&quot;},&quot;jet_parallax_layout_image_mobile&quot;:{&quot;url&quot;:&quot;&quot;,&quot;id&quot;:&quot;&quot;,&quot;size&quot;:&quot;&quot;},&quot;jet_parallax_layout_type&quot;:&quot;scroll&quot;,&quot;jet_parallax_layout_direction&quot;:null,&quot;jet_parallax_layout_fx_direction&quot;:null,&quot;jet_parallax_layout_z_index&quot;:&quot;&quot;,&quot;jet_parallax_layout_bg_x_tablet&quot;:&quot;&quot;,&quot;jet_parallax_layout_bg_x_mobile&quot;:&quot;&quot;,&quot;jet_parallax_layout_bg_y_tablet&quot;:&quot;&quot;,&quot;jet_parallax_layout_bg_y_mobile&quot;:&quot;&quot;,&quot;jet_parallax_layout_bg_size&quot;:&quot;auto&quot;,&quot;jet_parallax_layout_bg_size_tablet&quot;:&quot;&quot;,&quot;jet_parallax_layout_bg_size_mobile&quot;:&quot;&quot;,&quot;jet_parallax_layout_animation_prop&quot;:&quot;transform&quot;,&quot;jet_parallax_layout_on&quot;:[&quot;desktop&quot;,&quot;tablet&quot;]}],&quot;background_background&quot;:&quot;classic&quot;}\">\n\t\t\t\t\t\t\t<div class=\"elementor-background-overlay\"><\/div>\n\t\t\t\t\t\t\t<div class=\"elementor-container elementor-column-gap-default\">\n\t\t\t\t\t<div class=\"elementor-column elementor-col-100 elementor-top-column elementor-element elementor-element-4fe0c46f\" data-id=\"4fe0c46f\" data-element_type=\"column\">\n\t\t\t<div class=\"elementor-widget-wrap elementor-element-populated\">\n\t\t\t\t\t\t<div class=\"elementor-element elementor-element-77e5ed0d elementor-align-left elementor-widget elementor-widget-raven-heading\" data-id=\"77e5ed0d\" data-element_type=\"widget\" data-widget_type=\"raven-heading.default\">\n\t\t\t\t<div class=\"elementor-widget-container\">\n\t\t\t\t\t\t\t<div class=\"raven-widget-wrapper\"><h1 class=\"raven-heading raven-heading-h1\"><span class=\"raven-heading-title\">Transport - Rapatriement<\/span><\/h1><\/div>\n\t\t\t\t\t\t<\/div>\n\t\t\t\t<\/div>\n\t\t\t\t<div class=\"elementor-element elementor-element-24410d7 elementor-align-left elementor-widget elementor-widget-raven-breadcrumbs\" data-id=\"24410d7\" data-element_type=\"widget\" data-widget_type=\"raven-breadcrumbs.default\">\n\t\t\t\t<div class=\"elementor-widget-container\">\n\t\t\t\t\t<div class=\"raven-breadcrumbs raven-breadcrumbs-default\"><ol class=\"breadcrumb\">\t\t\t\t<li class=\"breadcrumb-item active\" aria-current=\"page\"><span>Home<\/span><\/li>\n\n\t\t\t\t<\/ol><\/div>\t\t\t\t<\/div>\n\t\t\t\t<\/div>\n\t\t\t\t\t<\/div>\n\t\t<\/div>\n\t\t\t\t\t<\/div>\n\t\t<\/section>\n\t\t\t\t<section class=\"elementor-section elementor-top-section elementor-element elementor-element-3e27b0d1 elementor-section-boxed elementor-section-height-default elementor-section-height-default\" data-id=\"3e27b0d1\" data-element_type=\"section\" data-settings=\"{&quot;jet_parallax_layout_list&quot;:[{&quot;jet_parallax_layout_image&quot;:{&quot;url&quot;:&quot;&quot;,&quot;id&quot;:&quot;&quot;,&quot;size&quot;:&quot;&quot;},&quot;_id&quot;:&quot;967bb1b&quot;,&quot;jet_parallax_layout_speed&quot;:{&quot;unit&quot;:&quot;%&quot;,&quot;size&quot;:&quot;50&quot;,&quot;sizes&quot;:[]},&quot;jet_parallax_layout_bg_x&quot;:&quot;50&quot;,&quot;jet_parallax_layout_bg_y&quot;:&quot;50&quot;,&quot;jet_parallax_layout_image_tablet&quot;:{&quot;url&quot;:&quot;&quot;,&quot;id&quot;:&quot;&quot;,&quot;size&quot;:&quot;&quot;},&quot;jet_parallax_layout_image_mobile&quot;:{&quot;url&quot;:&quot;&quot;,&quot;id&quot;:&quot;&quot;,&quot;size&quot;:&quot;&quot;},&quot;jet_parallax_layout_type&quot;:&quot;scroll&quot;,&quot;jet_parallax_layout_direction&quot;:null,&quot;jet_parallax_layout_fx_direction&quot;:null,&quot;jet_parallax_layout_z_index&quot;:&quot;&quot;,&quot;jet_parallax_layout_bg_x_tablet&quot;:&quot;&quot;,&quot;jet_parallax_layout_bg_x_mobile&quot;:&quot;&quot;,&quot;jet_parallax_layout_bg_y_tablet&quot;:&quot;&quot;,&quot;jet_parallax_layout_bg_y_mobile&quot;:&quot;&quot;,&quot;jet_parallax_layout_bg_size&quot;:&quot;auto&quot;,&quot;jet_parallax_layout_bg_size_tablet&quot;:&quot;&quot;,&quot;jet_parallax_layout_bg_size_mobile&quot;:&quot;&quot;,&quot;jet_parallax_layout_animation_prop&quot;:&quot;transform&quot;,&quot;jet_parallax_layout_on&quot;:[&quot;desktop&quot;,&quot;tablet&quot;]}]}\">\n\t\t\t\t\t\t<div class=\"elementor-container elementor-column-gap-default\">\n\t\t\t\t\t<div class=\"elementor-column elementor-col-100 elementor-top-column elementor-element elementor-element-4a2aa676\" data-id=\"4a2aa676\" data-element_type=\"column\">\n\t\t\t<div class=\"elementor-widget-wrap elementor-element-populated\">\n\t\t\t\t\t\t<div class=\"elementor-element elementor-element-396a2417 elementor-align-left elementor-widget elementor-widget-raven-heading\" data-id=\"396a2417\" data-element_type=\"widget\" data-widget_type=\"raven-heading.default\">\n\t\t\t\t<div class=\"elementor-widget-container\">\n\t\t\t\t\t\t\t<div class=\"raven-widget-wrapper\"><h3 class=\"raven-heading raven-heading-h3\"><span class=\"raven-heading-title\">Nos services \u00e0 votre disposition<\/span><\/h3><\/div>\n\t\t\t\t\t\t<\/div>\n\t\t\t\t<\/div>\n\t\t\t\t<div class=\"elementor-element elementor-element-46a364d elementor-align-left elementor-widget elementor-widget-raven-heading\" data-id=\"46a364d\" data-element_type=\"widget\" data-widget_type=\"raven-heading.default\">\n\t\t\t\t<div class=\"elementor-widget-container\">\n\t\t\t\t\t\t\t<div class=\"raven-widget-wrapper\"><h2 class=\"raven-heading raven-heading-h2\"><span class=\"raven-heading-title\">Transport - Rapatriement<\/span><\/h2><\/div>\n\t\t\t\t\t\t<\/div>\n\t\t\t\t<\/div>\n\t\t\t\t<div class=\"elementor-element elementor-element-2f8534aa elementor-widget elementor-widget-text-editor\" data-id=\"2f8534aa\" data-element_type=\"widget\" data-widget_type=\"text-editor.default\">\n\t\t\t\t<div class=\"elementor-widget-container\">\n\t\t\t\t\t\t\t\t\t<p>Le transport &#8211; rapatriement (national et international) est l&rsquo;une de nos sp\u00e9cialit\u00e9s depuis des ann\u00e9es. Avec le respect n\u00e9cessaire et en toute fiabilit\u00e9, nous transportons votre cher d\u00e9funt depuis et vers la Belgique.<\/p>\t\t\t\t\t\t\t\t<\/div>\n\t\t\t\t<\/div>\n\t\t\t\t<div class=\"elementor-element elementor-element-7dd7f62 elementor-widget elementor-widget-text-editor\" data-id=\"7dd7f62\" data-element_type=\"widget\" data-widget_type=\"text-editor.default\">\n\t\t\t\t<div class=\"elementor-widget-container\">\n\t\t\t\t\t\t\t\t\t<h2>Votre d\u00e9funt<\/h2><p>Nous sommes \u00e0 votre disposition <strong>24 heures sur 24<\/strong>, <strong>7\u00a0jours sur 7,<\/strong> pour le transport de votre cher d\u00e9funt. Cela est possible \u00e0 tout moment de la journ\u00e9e et s&rsquo;effectue avec une voiture discr\u00e8te et sp\u00e9cialement \u00e9quip\u00e9e.<\/p><p>Les raisons du transport d&rsquo;un d\u00e9funt :<\/p><ul><li>Cort\u00e8ge fun\u00e8bre<\/li><li>Transfert vers et depuis le <a href=\"https:\/\/aic-vbc.be\/nos-services\/funerarium\/\">fun\u00e9rarium<\/a> ou la morgue<\/li><li>Un rapatriement<\/li><\/ul><h2>Voiture de c\u00e9r\u00e9monie<\/h2><p>Le cort\u00e8ge fun\u00e8bre est un \u00e9l\u00e9ment important d&rsquo;un service fun\u00e9raire.\u00a0C&rsquo;est pourquoi A.I.C. propose <b>plusieurs voitures de c\u00e9r\u00e9monie<\/b>, selon vos souhaits. Il s&rsquo;ensuit que nous ajustons r\u00e9guli\u00e8rement notre flotte.<\/p>\t\t\t\t\t\t\t\t<\/div>\n\t\t\t\t<\/div>\n\t\t\t\t<div class=\"elementor-element elementor-element-7f5ce8a elementor-widget elementor-widget-image\" data-id=\"7f5ce8a\" data-element_type=\"widget\" data-widget_type=\"image.default\">\n\t\t\t\t<div class=\"elementor-widget-container\">\n\t\t\t\t\t\t\t\t\t\t\t\t\t\t\t<img fetchpriority=\"high\" decoding=\"async\" width=\"450\" height=\"210\" src=\"https:\/\/www.aic-vbc.be\/wp-content\/uploads\/2020\/10\/Pompes_funebres_Bruxelles_AIC_Heirbrant_450x210.jpg\" class=\"attachment-medium_large size-medium_large wp-image-2320\" alt=\"transport rapatriement Pompes fun\u00e8bres Bruxelles Begrafenisonderneming Heirbrant Laeken Bruxelles\" srcset=\"https:\/\/www.aic-vbc.be\/wp-content\/uploads\/2020\/10\/Pompes_funebres_Bruxelles_AIC_Heirbrant_450x210.jpg 450w, https:\/\/www.aic-vbc.be\/wp-content\/uploads\/2020\/10\/Pompes_funebres_Bruxelles_AIC_Heirbrant_450x210-300x140.jpg 300w\" sizes=\"(max-width: 450px) 100vw, 450px\" \/>\t\t\t\t\t\t\t\t\t\t\t\t\t\t\t<\/div>\n\t\t\t\t<\/div>\n\t\t\t\t<div class=\"elementor-element elementor-element-cb9dbdd elementor-widget-divider--view-line elementor-widget elementor-widget-divider\" data-id=\"cb9dbdd\" data-element_type=\"widget\" data-widget_type=\"divider.default\">\n\t\t\t\t<div class=\"elementor-widget-container\">\n\t\t\t\t\t\t\t<div class=\"elementor-divider\">\n\t\t\t<span class=\"elementor-divider-separator\">\n\t\t\t\t\t\t<\/span>\n\t\t<\/div>\n\t\t\t\t\t\t<\/div>\n\t\t\t\t<\/div>\n\t\t\t\t<div class=\"elementor-element elementor-element-32d4bdc8 elementor-widget elementor-widget-text-editor\" data-id=\"32d4bdc8\" data-element_type=\"widget\" data-widget_type=\"text-editor.default\">\n\t\t\t\t<div class=\"elementor-widget-container\">\n\t\t\t\t\t\t\t\t\t<h2 align=\"left\">Rapatriement depuis ou vers un pays \u00e9tranger<\/h2><p class=\"MsoNormal\">Le rapatriement d&rsquo;une personne d\u00e9c\u00e9d\u00e9e peut \u00eatre n\u00e9cessaire pour diverses raisons. Par exemple, la religion ou parce que le d\u00e9funt souhaite retourner dans son pays d&rsquo;origine. Nos ann\u00e9es d&rsquo;exp\u00e9rience dans le rapatriement de proches d\u00e9c\u00e9d\u00e9s depuis et vers des pays \u00e9trangers est un de nos atout. De un, nous savons parfaitement quels documents sont requis, et de deux ce que disent les diff\u00e9rentes lois. Faites nous confiance.\u00a0<\/p><h2 class=\"MsoNormal\" style=\"margin-top: 0cm;border: none\">Nos services en cas de rapatriement<\/h2><ul><li>Obligations pratiques, l\u00e9gales et administratives<\/li><li><a href=\"https:\/\/aic-vbc.be\/nos-services\/soins-thanatopraxie\/\">Thanatopraxie<\/a> si celle-ci est obligatoire dans le pays.<\/li><li><a href=\"https:\/\/aic-vbc.be\/nos-services\/articles-funeraires\/\">Cercueil<\/a>\u00a0(avec zinc si n\u00e9cessaire)<\/li><li><span style=\"text-indent: -18pt\">Identification et mise en bi\u00e8re<\/span><\/li><li>Souder et sceller le cercueil<\/li><li>Demande d&rsquo;autorisation<\/li><li><span style=\"text-indent: -18pt\">C\u00e9r\u00e9monie en Belgique d&rsquo;apr\u00e8s votre choix<\/span><\/li><li>Rapatriement par avion ou voiture<\/li><li>Transfert de l&rsquo;urne: apr\u00e8s <a style=\"background-color: #ffffff\" href=\"https:\/\/aic-vbc.be\/nos-services\/cremation\/\">la cr\u00e9mation<\/a>\u00a0du d\u00e9funt nous pouvons aussi organiser le transfert de l\u2019urne en Belgique ou vers l&rsquo;\u00e9tranger.<\/li><\/ul><h2>Administration<\/h2><p class=\"MsoNormal\">Un transport &#8211; rapatriement comporte toutes sortes d&rsquo;<b>aspects pratiques, juridiques et administratifs.<\/b> L&rsquo;exp\u00e9rience dans le rapatriement de personnes d\u00e9c\u00e9d\u00e9es est important. Chez A.I.C. nous vous d\u00e9chargeons de ces pr\u00e9occupations et tenons toujours compte de la <b>religion <\/b>ou de la <b>philosophie <\/b>de la personne d\u00e9c\u00e9d\u00e9e.<\/p><h2>Quel est le co\u00fbt d\u2019un rapatriement ?<\/h2><p>Les frais d\u2019un rapatriement de la Belgique vers l\u2019\u00e9tranger <b>peuvent varier fortement, tributaire de la destination finale<\/b> (tickets, poids,&#8230;).<\/p><p>N&rsquo; h\u00e9sitez pas \u00e0 nous contacter pour une offre sans engagement.\u00a0\u00a0<\/p>\t\t\t\t\t\t\t\t<\/div>\n\t\t\t\t<\/div>\n\t\t\t\t<div class=\"elementor-element elementor-element-1865bab btn_contact elementor-align-center elementor-widget elementor-widget-button\" data-id=\"1865bab\" data-element_type=\"widget\" data-widget_type=\"button.default\">\n\t\t\t\t<div class=\"elementor-widget-container\">\n\t\t\t\t\t\t\t\t\t<div class=\"elementor-button-wrapper\">\n\t\t\t\t\t<a class=\"elementor-button elementor-button-link elementor-size-sm\" href=\"\/fr\/contact\/\">\n\t\t\t\t\t\t<span class=\"elementor-button-content-wrapper\">\n\t\t\t\t\t\t\t\t\t<span class=\"elementor-button-text\">Une question? Contactez-nous<\/span>\n\t\t\t\t\t<\/span>\n\t\t\t\t\t<\/a>\n\t\t\t\t<\/div>\n\t\t\t\t\t\t\t\t<\/div>\n\t\t\t\t<\/div>\n\t\t\t\t\t<\/div>\n\t\t<\/div>\n\t\t\t\t\t<\/div>\n\t\t<\/section>\n\t\t\t\t<\/div>\n\t\t","protected":false},"excerpt":{"rendered":"<p>Transport &#8211; Rapatriement Home Nos services \u00e0 votre disposition Transport &#8211; Rapatriement Le transport &#8211; rapatriement (national et international) est l&rsquo;une de nos sp\u00e9cialit\u00e9s depuis des ann\u00e9es. Avec le respect n\u00e9cessaire et en toute fiabilit\u00e9, nous transportons votre cher d\u00e9funt depuis et vers la Belgique. Votre d\u00e9funt Nous sommes \u00e0 votre disposition 24 heures sur [&hellip;]<\/p>\n","protected":false},"author":1,"featured_media":0,"parent":852,"menu_order":0,"comment_status":"closed","ping_status":"closed","template":"elementor_header_footer","meta":{"_acf_changed":false,"inline_featured_image":false,"_exactmetrics_skip_tracking":false,"_exactmetrics_sitenote_active":false,"_exactmetrics_sitenote_note":"","_exactmetrics_sitenote_category":0,"footnotes":""},"class_list":["post-840","page","type-page","status-publish","hentry"],"acf":[],"yoast_head":"<!-- This site is optimized with the Yoast SEO plugin v27.0 - https:\/\/yoast.com\/product\/yoast-seo-wordpress\/ -->\n<title>Transport - Rapatriement - D\u00e9c\u00e8s - Fun\u00e9railles AIC Heirbrant<\/title>\n<meta name=\"description\" content=\"Transport - rapatriement - Thanatopraxie - Fun\u00e9railles AIC Heirbrant - A votre service - 24\/7 - 02\/502.14.24\" \/>\n<meta name=\"robots\" content=\"index, follow, max-snippet:-1, max-image-preview:large, max-video-preview:-1\" \/>\n<link rel=\"canonical\" href=\"https:\/\/www.aic-vbc.be\/fr\/nos-services\/transport-et-rapatriement\/\" \/>\n<meta property=\"og:locale\" content=\"fr_FR\" \/>\n<meta property=\"og:type\" content=\"article\" \/>\n<meta property=\"og:title\" content=\"Transport - Rapatriement - D\u00e9c\u00e8s - Fun\u00e9railles AIC Heirbrant\" \/>\n<meta property=\"og:description\" content=\"Transport - rapatriement - Thanatopraxie - Fun\u00e9railles AIC Heirbrant - A votre service - 24\/7 - 02\/502.14.24\" \/>\n<meta property=\"og:url\" content=\"https:\/\/www.aic-vbc.be\/fr\/nos-services\/transport-et-rapatriement\/\" \/>\n<meta property=\"og:site_name\" content=\"AIC HEIRBRANT VBC\" \/>\n<meta property=\"article:modified_time\" content=\"2024-05-11T12:03:27+00:00\" \/>\n<meta property=\"og:image\" content=\"https:\/\/www.aic-vbc.be\/wp-content\/uploads\/2020\/10\/Pompes_funebres_Bruxelles_AIC_Heirbrant_450x210.jpg\" \/>\n<meta name=\"twitter:card\" content=\"summary_large_image\" \/>\n<meta name=\"twitter:label1\" content=\"Dur\u00e9e de lecture estim\u00e9e\" \/>\n\t<meta name=\"twitter:data1\" content=\"3 minutes\" \/>\n<script type=\"application\/ld+json\" class=\"yoast-schema-graph\">{\"@context\":\"https:\/\/schema.org\",\"@graph\":[{\"@type\":\"WebPage\",\"@id\":\"https:\/\/www.aic-vbc.be\/fr\/nos-services\/transport-et-rapatriement\/\",\"url\":\"https:\/\/www.aic-vbc.be\/fr\/nos-services\/transport-et-rapatriement\/\",\"name\":\"Transport - Rapatriement - D\u00e9c\u00e8s - Fun\u00e9railles AIC Heirbrant\",\"isPartOf\":{\"@id\":\"\/#website\"},\"primaryImageOfPage\":{\"@id\":\"https:\/\/www.aic-vbc.be\/fr\/nos-services\/transport-et-rapatriement\/#primaryimage\"},\"image\":{\"@id\":\"https:\/\/www.aic-vbc.be\/fr\/nos-services\/transport-et-rapatriement\/#primaryimage\"},\"thumbnailUrl\":\"https:\/\/www.aic-vbc.be\/wp-content\/uploads\/2020\/10\/Pompes_funebres_Bruxelles_AIC_Heirbrant_450x210.jpg\",\"datePublished\":\"2020-08-03T13:12:58+00:00\",\"dateModified\":\"2024-05-11T12:03:27+00:00\",\"description\":\"Transport - rapatriement - Thanatopraxie - Fun\u00e9railles AIC Heirbrant - A votre service - 24\/7 - 02\/502.14.24\",\"breadcrumb\":{\"@id\":\"https:\/\/www.aic-vbc.be\/fr\/nos-services\/transport-et-rapatriement\/#breadcrumb\"},\"inLanguage\":\"fr-FR\",\"potentialAction\":[{\"@type\":\"ReadAction\",\"target\":[\"https:\/\/www.aic-vbc.be\/fr\/nos-services\/transport-et-rapatriement\/\"]}]},{\"@type\":\"ImageObject\",\"inLanguage\":\"fr-FR\",\"@id\":\"https:\/\/www.aic-vbc.be\/fr\/nos-services\/transport-et-rapatriement\/#primaryimage\",\"url\":\"https:\/\/www.aic-vbc.be\/wp-content\/uploads\/2020\/10\/Pompes_funebres_Bruxelles_AIC_Heirbrant_450x210.jpg\",\"contentUrl\":\"https:\/\/www.aic-vbc.be\/wp-content\/uploads\/2020\/10\/Pompes_funebres_Bruxelles_AIC_Heirbrant_450x210.jpg\"},{\"@type\":\"BreadcrumbList\",\"@id\":\"https:\/\/www.aic-vbc.be\/fr\/nos-services\/transport-et-rapatriement\/#breadcrumb\",\"itemListElement\":[{\"@type\":\"ListItem\",\"position\":1,\"name\":\"Home\",\"item\":\"https:\/\/www.aic-vbc.be\/fr\/\"},{\"@type\":\"ListItem\",\"position\":2,\"name\":\"Nos services\",\"item\":\"https:\/\/www.aic-vbc.be\/fr\/nos-services\/\"},{\"@type\":\"ListItem\",\"position\":3,\"name\":\"Transport et rapatriement\"}]},{\"@type\":\"WebSite\",\"@id\":\"\/#website\",\"url\":\"\/\",\"name\":\"AIC VBC\",\"description\":\"\",\"publisher\":{\"@id\":\"\/#organization\"},\"potentialAction\":[{\"@type\":\"SearchAction\",\"target\":{\"@type\":\"EntryPoint\",\"urlTemplate\":\"\/?s={search_term_string}\"},\"query-input\":{\"@type\":\"PropertyValueSpecification\",\"valueRequired\":true,\"valueName\":\"search_term_string\"}}],\"inLanguage\":\"fr-FR\"},{\"@type\":\"Organization\",\"@id\":\"\/#organization\",\"name\":\"AIC - HEIRBRANT - VBC\",\"url\":\"\/\",\"logo\":{\"@type\":\"ImageObject\",\"inLanguage\":\"fr-FR\",\"@id\":\"\/#\/schema\/logo\/image\/\",\"url\":\"https:\/\/www.aic-vbc.be\/wp-content\/uploads\/2020\/08\/AIC_Sfeerbeeld_01.jpg\",\"contentUrl\":\"https:\/\/www.aic-vbc.be\/wp-content\/uploads\/2020\/08\/AIC_Sfeerbeeld_01.jpg\",\"width\":1281,\"height\":854,\"caption\":\"AIC - HEIRBRANT - VBC\"},\"image\":{\"@id\":\"\/#\/schema\/logo\/image\/\"}}]}<\/script>\n<!-- \/ Yoast SEO plugin. -->","yoast_head_json":{"title":"Transport - Rapatriement - D\u00e9c\u00e8s - Fun\u00e9railles AIC Heirbrant","description":"Transport - rapatriement - Thanatopraxie - Fun\u00e9railles AIC Heirbrant - A votre service - 24\/7 - 02\/502.14.24","robots":{"index":"index","follow":"follow","max-snippet":"max-snippet:-1","max-image-preview":"max-image-preview:large","max-video-preview":"max-video-preview:-1"},"canonical":"https:\/\/www.aic-vbc.be\/fr\/nos-services\/transport-et-rapatriement\/","og_locale":"fr_FR","og_type":"article","og_title":"Transport - Rapatriement - D\u00e9c\u00e8s - Fun\u00e9railles AIC Heirbrant","og_description":"Transport - rapatriement - Thanatopraxie - Fun\u00e9railles AIC Heirbrant - A votre service - 24\/7 - 02\/502.14.24","og_url":"https:\/\/www.aic-vbc.be\/fr\/nos-services\/transport-et-rapatriement\/","og_site_name":"AIC HEIRBRANT VBC","article_modified_time":"2024-05-11T12:03:27+00:00","og_image":[{"url":"https:\/\/www.aic-vbc.be\/wp-content\/uploads\/2020\/10\/Pompes_funebres_Bruxelles_AIC_Heirbrant_450x210.jpg","type":"","width":"","height":""}],"twitter_card":"summary_large_image","twitter_misc":{"Dur\u00e9e de lecture estim\u00e9e":"3 minutes"},"schema":{"@context":"https:\/\/schema.org","@graph":[{"@type":"WebPage","@id":"https:\/\/www.aic-vbc.be\/fr\/nos-services\/transport-et-rapatriement\/","url":"https:\/\/www.aic-vbc.be\/fr\/nos-services\/transport-et-rapatriement\/","name":"Transport - Rapatriement - D\u00e9c\u00e8s - Fun\u00e9railles AIC Heirbrant","isPartOf":{"@id":"\/#website"},"primaryImageOfPage":{"@id":"https:\/\/www.aic-vbc.be\/fr\/nos-services\/transport-et-rapatriement\/#primaryimage"},"image":{"@id":"https:\/\/www.aic-vbc.be\/fr\/nos-services\/transport-et-rapatriement\/#primaryimage"},"thumbnailUrl":"https:\/\/www.aic-vbc.be\/wp-content\/uploads\/2020\/10\/Pompes_funebres_Bruxelles_AIC_Heirbrant_450x210.jpg","datePublished":"2020-08-03T13:12:58+00:00","dateModified":"2024-05-11T12:03:27+00:00","description":"Transport - rapatriement - Thanatopraxie - Fun\u00e9railles AIC Heirbrant - A votre service - 24\/7 - 02\/502.14.24","breadcrumb":{"@id":"https:\/\/www.aic-vbc.be\/fr\/nos-services\/transport-et-rapatriement\/#breadcrumb"},"inLanguage":"fr-FR","potentialAction":[{"@type":"ReadAction","target":["https:\/\/www.aic-vbc.be\/fr\/nos-services\/transport-et-rapatriement\/"]}]},{"@type":"ImageObject","inLanguage":"fr-FR","@id":"https:\/\/www.aic-vbc.be\/fr\/nos-services\/transport-et-rapatriement\/#primaryimage","url":"https:\/\/www.aic-vbc.be\/wp-content\/uploads\/2020\/10\/Pompes_funebres_Bruxelles_AIC_Heirbrant_450x210.jpg","contentUrl":"https:\/\/www.aic-vbc.be\/wp-content\/uploads\/2020\/10\/Pompes_funebres_Bruxelles_AIC_Heirbrant_450x210.jpg"},{"@type":"BreadcrumbList","@id":"https:\/\/www.aic-vbc.be\/fr\/nos-services\/transport-et-rapatriement\/#breadcrumb","itemListElement":[{"@type":"ListItem","position":1,"name":"Home","item":"https:\/\/www.aic-vbc.be\/fr\/"},{"@type":"ListItem","position":2,"name":"Nos services","item":"https:\/\/www.aic-vbc.be\/fr\/nos-services\/"},{"@type":"ListItem","position":3,"name":"Transport et rapatriement"}]},{"@type":"WebSite","@id":"\/#website","url":"\/","name":"AIC VBC","description":"","publisher":{"@id":"\/#organization"},"potentialAction":[{"@type":"SearchAction","target":{"@type":"EntryPoint","urlTemplate":"\/?s={search_term_string}"},"query-input":{"@type":"PropertyValueSpecification","valueRequired":true,"valueName":"search_term_string"}}],"inLanguage":"fr-FR"},{"@type":"Organization","@id":"\/#organization","name":"AIC - HEIRBRANT - VBC","url":"\/","logo":{"@type":"ImageObject","inLanguage":"fr-FR","@id":"\/#\/schema\/logo\/image\/","url":"https:\/\/www.aic-vbc.be\/wp-content\/uploads\/2020\/08\/AIC_Sfeerbeeld_01.jpg","contentUrl":"https:\/\/www.aic-vbc.be\/wp-content\/uploads\/2020\/08\/AIC_Sfeerbeeld_01.jpg","width":1281,"height":854,"caption":"AIC - HEIRBRANT - VBC"},"image":{"@id":"\/#\/schema\/logo\/image\/"}}]}},"_links":{"self":[{"href":"https:\/\/www.aic-vbc.be\/fr\/wp-json\/wp\/v2\/pages\/840","targetHints":{"allow":["GET"]}}],"collection":[{"href":"https:\/\/www.aic-vbc.be\/fr\/wp-json\/wp\/v2\/pages"}],"about":[{"href":"https:\/\/www.aic-vbc.be\/fr\/wp-json\/wp\/v2\/types\/page"}],"author":[{"embeddable":true,"href":"https:\/\/www.aic-vbc.be\/fr\/wp-json\/wp\/v2\/users\/1"}],"replies":[{"embeddable":true,"href":"https:\/\/www.aic-vbc.be\/fr\/wp-json\/wp\/v2\/comments?post=840"}],"version-history":[{"count":65,"href":"https:\/\/www.aic-vbc.be\/fr\/wp-json\/wp\/v2\/pages\/840\/revisions"}],"predecessor-version":[{"id":16042,"href":"https:\/\/www.aic-vbc.be\/fr\/wp-json\/wp\/v2\/pages\/840\/revisions\/16042"}],"up":[{"embeddable":true,"href":"https:\/\/www.aic-vbc.be\/fr\/wp-json\/wp\/v2\/pages\/852"}],"wp:attachment":[{"href":"https:\/\/www.aic-vbc.be\/fr\/wp-json\/wp\/v2\/media?parent=840"}],"curies":[{"name":"wp","href":"https:\/\/api.w.org\/{rel}","templated":true}]}}