{"id":2315,"date":"2021-03-15T17:39:51","date_gmt":"2021-03-15T15:39:51","guid":{"rendered":"https:\/\/aic-vbc.be\/?page_id=2315"},"modified":"2024-05-02T15:32:45","modified_gmt":"2024-05-02T13:32:45","slug":"funerarium","status":"publish","type":"page","link":"https:\/\/www.aic-vbc.be\/fr\/services-funeraires\/funerarium\/","title":{"rendered":"Fun\u00e9rarium"},"content":{"rendered":"\t\t<div data-elementor-type=\"wp-page\" data-elementor-id=\"2315\" class=\"elementor elementor-2315 elementor-2314\" data-elementor-post-type=\"page\">\n\t\t\t\t\t\t<section class=\"elementor-section elementor-top-section elementor-element elementor-element-714e25a5 elementor-section-stretched elementor-section-height-min-height elementor-section-boxed elementor-section-height-default elementor-section-items-middle\" data-id=\"714e25a5\" data-element_type=\"section\" data-settings=\"{&quot;stretch_section&quot;:&quot;section-stretched&quot;,&quot;jet_parallax_layout_list&quot;:[{&quot;jet_parallax_layout_image&quot;:{&quot;url&quot;:&quot;&quot;,&quot;id&quot;:&quot;&quot;,&quot;size&quot;:&quot;&quot;},&quot;_id&quot;:&quot;121a7f6&quot;,&quot;jet_parallax_layout_speed&quot;:{&quot;unit&quot;:&quot;%&quot;,&quot;size&quot;:&quot;50&quot;,&quot;sizes&quot;:[]},&quot;jet_parallax_layout_bg_x&quot;:&quot;50&quot;,&quot;jet_parallax_layout_bg_y&quot;:&quot;50&quot;,&quot;jet_parallax_layout_image_tablet&quot;:{&quot;url&quot;:&quot;&quot;,&quot;id&quot;:&quot;&quot;,&quot;size&quot;:&quot;&quot;},&quot;jet_parallax_layout_image_mobile&quot;:{&quot;url&quot;:&quot;&quot;,&quot;id&quot;:&quot;&quot;,&quot;size&quot;:&quot;&quot;},&quot;jet_parallax_layout_type&quot;:&quot;scroll&quot;,&quot;jet_parallax_layout_direction&quot;:null,&quot;jet_parallax_layout_fx_direction&quot;:null,&quot;jet_parallax_layout_z_index&quot;:&quot;&quot;,&quot;jet_parallax_layout_bg_x_tablet&quot;:&quot;&quot;,&quot;jet_parallax_layout_bg_x_mobile&quot;:&quot;&quot;,&quot;jet_parallax_layout_bg_y_tablet&quot;:&quot;&quot;,&quot;jet_parallax_layout_bg_y_mobile&quot;:&quot;&quot;,&quot;jet_parallax_layout_bg_size&quot;:&quot;auto&quot;,&quot;jet_parallax_layout_bg_size_tablet&quot;:&quot;&quot;,&quot;jet_parallax_layout_bg_size_mobile&quot;:&quot;&quot;,&quot;jet_parallax_layout_animation_prop&quot;:&quot;transform&quot;,&quot;jet_parallax_layout_on&quot;:[&quot;desktop&quot;,&quot;tablet&quot;]}],&quot;background_background&quot;:&quot;classic&quot;}\">\n\t\t\t\t\t\t\t<div class=\"elementor-background-overlay\"><\/div>\n\t\t\t\t\t\t\t<div class=\"elementor-container elementor-column-gap-default\">\n\t\t\t\t\t<div class=\"elementor-column elementor-col-100 elementor-top-column elementor-element elementor-element-74df0945\" data-id=\"74df0945\" data-element_type=\"column\">\n\t\t\t<div class=\"elementor-widget-wrap elementor-element-populated\">\n\t\t\t\t\t\t<div class=\"elementor-element elementor-element-35c50d1c elementor-align-left elementor-widget elementor-widget-raven-heading\" data-id=\"35c50d1c\" data-element_type=\"widget\" data-widget_type=\"raven-heading.default\">\n\t\t\t\t<div class=\"elementor-widget-container\">\n\t\t\t\t\t\t\t<div class=\"raven-widget-wrapper\"><h1 class=\"raven-heading raven-heading-h1\"><span class=\"raven-heading-title\">Fun\u00e9rarium<\/span><\/h1><\/div>\n\t\t\t\t\t\t<\/div>\n\t\t\t\t<\/div>\n\t\t\t\t<div class=\"elementor-element elementor-element-bd59e4f elementor-align-left elementor-widget elementor-widget-raven-breadcrumbs\" data-id=\"bd59e4f\" data-element_type=\"widget\" data-widget_type=\"raven-breadcrumbs.default\">\n\t\t\t\t<div class=\"elementor-widget-container\">\n\t\t\t\t\t<div class=\"raven-breadcrumbs raven-breadcrumbs-default\"><ol class=\"breadcrumb\">\t\t\t\t<li class=\"breadcrumb-item active\" aria-current=\"page\"><span>Home<\/span><\/li>\n\n\t\t\t\t<\/ol><\/div>\t\t\t\t<\/div>\n\t\t\t\t<\/div>\n\t\t\t\t\t<\/div>\n\t\t<\/div>\n\t\t\t\t\t<\/div>\n\t\t<\/section>\n\t\t\t\t<section class=\"elementor-section elementor-top-section elementor-element elementor-element-2c8ba445 elementor-section-boxed elementor-section-height-default elementor-section-height-default\" data-id=\"2c8ba445\" data-element_type=\"section\" data-settings=\"{&quot;jet_parallax_layout_list&quot;:[{&quot;jet_parallax_layout_image&quot;:{&quot;url&quot;:&quot;&quot;,&quot;id&quot;:&quot;&quot;,&quot;size&quot;:&quot;&quot;},&quot;_id&quot;:&quot;967bb1b&quot;,&quot;jet_parallax_layout_speed&quot;:{&quot;unit&quot;:&quot;%&quot;,&quot;size&quot;:&quot;50&quot;,&quot;sizes&quot;:[]},&quot;jet_parallax_layout_bg_x&quot;:&quot;50&quot;,&quot;jet_parallax_layout_bg_y&quot;:&quot;50&quot;,&quot;jet_parallax_layout_image_tablet&quot;:{&quot;url&quot;:&quot;&quot;,&quot;id&quot;:&quot;&quot;,&quot;size&quot;:&quot;&quot;},&quot;jet_parallax_layout_image_mobile&quot;:{&quot;url&quot;:&quot;&quot;,&quot;id&quot;:&quot;&quot;,&quot;size&quot;:&quot;&quot;},&quot;jet_parallax_layout_type&quot;:&quot;scroll&quot;,&quot;jet_parallax_layout_direction&quot;:null,&quot;jet_parallax_layout_fx_direction&quot;:null,&quot;jet_parallax_layout_z_index&quot;:&quot;&quot;,&quot;jet_parallax_layout_bg_x_tablet&quot;:&quot;&quot;,&quot;jet_parallax_layout_bg_x_mobile&quot;:&quot;&quot;,&quot;jet_parallax_layout_bg_y_tablet&quot;:&quot;&quot;,&quot;jet_parallax_layout_bg_y_mobile&quot;:&quot;&quot;,&quot;jet_parallax_layout_bg_size&quot;:&quot;auto&quot;,&quot;jet_parallax_layout_bg_size_tablet&quot;:&quot;&quot;,&quot;jet_parallax_layout_bg_size_mobile&quot;:&quot;&quot;,&quot;jet_parallax_layout_animation_prop&quot;:&quot;transform&quot;,&quot;jet_parallax_layout_on&quot;:[&quot;desktop&quot;,&quot;tablet&quot;]}]}\">\n\t\t\t\t\t\t<div class=\"elementor-container elementor-column-gap-default\">\n\t\t\t\t\t<div class=\"elementor-column elementor-col-100 elementor-top-column elementor-element elementor-element-893cf85\" data-id=\"893cf85\" data-element_type=\"column\">\n\t\t\t<div class=\"elementor-widget-wrap elementor-element-populated\">\n\t\t\t\t\t\t<div class=\"elementor-element elementor-element-402999a3 elementor-align-left elementor-widget elementor-widget-raven-heading\" data-id=\"402999a3\" data-element_type=\"widget\" data-widget_type=\"raven-heading.default\">\n\t\t\t\t<div class=\"elementor-widget-container\">\n\t\t\t\t\t\t\t<div class=\"raven-widget-wrapper\"><h3 class=\"raven-heading raven-heading-h3\"><span class=\"raven-heading-title\">Le receuillement<\/span><\/h3><\/div>\n\t\t\t\t\t\t<\/div>\n\t\t\t\t<\/div>\n\t\t\t\t<div class=\"elementor-element elementor-element-72b1d86d elementor-align-left elementor-widget elementor-widget-raven-heading\" data-id=\"72b1d86d\" data-element_type=\"widget\" data-widget_type=\"raven-heading.default\">\n\t\t\t\t<div class=\"elementor-widget-container\">\n\t\t\t\t\t\t\t<div class=\"raven-widget-wrapper\"><h2 class=\"raven-heading raven-heading-h2\"><span class=\"raven-heading-title\">Fun\u00e9rarium<\/span><\/h2><\/div>\n\t\t\t\t\t\t<\/div>\n\t\t\t\t<\/div>\n\t\t\t\t<div class=\"elementor-element elementor-element-24aa6aa0 elementor-widget elementor-widget-text-editor\" data-id=\"24aa6aa0\" data-element_type=\"widget\" data-widget_type=\"text-editor.default\">\n\t\t\t\t<div class=\"elementor-widget-container\">\n\t\t\t\t\t\t\t\t\t<p>Notre fun\u00e9rarium est un lieu de recueillement et de paix. Cela offre \u00e0 la famille et aux amis la possibilit\u00e9 de rendre un dernier hommage \u00e0 leur cher d\u00e9funt apr\u00e8s le d\u00e9c\u00e8s.\u00a0<\/p>\t\t\t\t\t\t\t\t<\/div>\n\t\t\t\t<\/div>\n\t\t\t\t<div class=\"elementor-element elementor-element-19a00c6 elementor-widget elementor-widget-text-editor\" data-id=\"19a00c6\" data-element_type=\"widget\" data-widget_type=\"text-editor.default\">\n\t\t\t\t<div class=\"elementor-widget-container\">\n\t\t\t\t\t\t\t\t\t<h2>Pour vivre votre deuil en toute s\u00e9r\u00e9nit\u00e9.<\/h2><p>Notre infrastructure a \u00e9t\u00e9 construit et \u00e9quip\u00e9 en respectant les normes les plus strictes. Il vous offre un \u00e9quipement moderne, confortable et accessible pour accueillir votre d\u00e9funt et vos proches dans la dignit\u00e9 et le recueillement.<\/p><p>Les caract\u00e9ristiques:<\/p><ul><li>Parking\u00a0<\/li><li>Acc\u00e8s pour personnes \u00e0 mobilit\u00e9 r\u00e9duite<\/li><li>Plusieurs salons de recueillement<\/li><li>Possibilit\u00e9s de personnalisation (<a href=\"https:\/\/aic-vbc.be\/categories-de-nos-articles\/\">fleurs<\/a>, photos,\u2026)<\/li><li>Climatisation<\/li><li>Selon les techniques les plus modernes<\/li><\/ul><h3>Accueil<\/h3><p>Vous serez accueilli par un de nos collaborateurs et accompagner jusqu&rsquo;\u00e0 la famille du d\u00e9funt.<\/p><h3>Salons<\/h3><p>Nous mettons \u00e0 votre disposition plusieurs salons pour vous permettre de rendre un dernier hommage en toute tranquillit\u00e9. Le d\u00e9funt repose au fun\u00e9rarium jusqu&rsquo;aux obs\u00e8ques.<\/p><h2>Condol\u00e9ances<\/h2><p>Le registre de condol\u00e9ances est le support id\u00e9al pour recueillir l\u2019ensemble des t\u00e9moignages des familles et proches qui viennent rendre hommage au d\u00e9funt. Faire preuve de compassion et partager des souvenirs chaleureux peut aider la personne en deuil \u00e0 se sentir soutenue et comprise. En offrant un soutien concret et en partageant des souvenirs affectueux, vous pouvez transmettre un puissant message de r\u00e9confort.<\/p>\t\t\t\t\t\t\t\t<\/div>\n\t\t\t\t<\/div>\n\t\t\t\t<div class=\"elementor-element elementor-element-b289a36 btn_contact elementor-align-center elementor-widget elementor-widget-button\" data-id=\"b289a36\" data-element_type=\"widget\" data-widget_type=\"button.default\">\n\t\t\t\t<div class=\"elementor-widget-container\">\n\t\t\t\t\t\t\t\t\t<div class=\"elementor-button-wrapper\">\n\t\t\t\t\t<a class=\"elementor-button elementor-button-link elementor-size-sm\" href=\"https:\/\/aic-vbc.be\/wp-content\/uploads\/2023\/11\/Textes-de-condoleances-pour-cartes-de-deuil-SITE-2.pdf\">\n\t\t\t\t\t\t<span class=\"elementor-button-content-wrapper\">\n\t\t\t\t\t\t\t\t\t<span class=\"elementor-button-text\">Textes condol\u00e9ances<\/span>\n\t\t\t\t\t<\/span>\n\t\t\t\t\t<\/a>\n\t\t\t\t<\/div>\n\t\t\t\t\t\t\t\t<\/div>\n\t\t\t\t<\/div>\n\t\t\t\t<div class=\"elementor-element elementor-element-60617c8 elementor-widget elementor-widget-text-editor\" data-id=\"60617c8\" data-element_type=\"widget\" data-widget_type=\"text-editor.default\">\n\t\t\t\t<div class=\"elementor-widget-container\">\n\t\t\t\t\t\t\t\t\t<h2>Transfert du d\u00e9funt\u00a0<\/h2><p>Nous sommes toujours disponibles pour transf\u00e9rer votre \u00eatre cher \u00e0 notre centre fun\u00e9raire (<a href=\"https:\/\/aic-vbc.be\/nos-services\/transport-et-rapatriement\/\">transport<\/a>).<\/p><h2>Heures d&rsquo;ouvertures<\/h2><p>Du lundi au vendredi: sur rendez-vous.<\/p><p>Samedi et dimanche: sur rendez-vous.<\/p><p>En concertation avec la famille. Consulter le faire-part.<\/p>\t\t\t\t\t\t\t\t<\/div>\n\t\t\t\t<\/div>\n\t\t\t\t<div class=\"elementor-element elementor-element-eb420d0 btn_contact elementor-align-center elementor-widget elementor-widget-button\" data-id=\"eb420d0\" data-element_type=\"widget\" data-widget_type=\"button.default\">\n\t\t\t\t<div class=\"elementor-widget-container\">\n\t\t\t\t\t\t\t\t\t<div class=\"elementor-button-wrapper\">\n\t\t\t\t\t<a class=\"elementor-button elementor-button-link elementor-size-sm\" href=\"\/fr\/contact\">\n\t\t\t\t\t\t<span class=\"elementor-button-content-wrapper\">\n\t\t\t\t\t\t\t\t\t<span class=\"elementor-button-text\">Une question? Contactez-nous<\/span>\n\t\t\t\t\t<\/span>\n\t\t\t\t\t<\/a>\n\t\t\t\t<\/div>\n\t\t\t\t\t\t\t\t<\/div>\n\t\t\t\t<\/div>\n\t\t\t\t\t<\/div>\n\t\t<\/div>\n\t\t\t\t\t<\/div>\n\t\t<\/section>\n\t\t\t\t<section class=\"elementor-section elementor-top-section elementor-element elementor-element-8e315ef elementor-section-boxed elementor-section-height-default elementor-section-height-default\" data-id=\"8e315ef\" data-element_type=\"section\" data-settings=\"{&quot;jet_parallax_layout_list&quot;:[{&quot;jet_parallax_layout_image&quot;:{&quot;url&quot;:&quot;&quot;,&quot;id&quot;:&quot;&quot;,&quot;size&quot;:&quot;&quot;},&quot;_id&quot;:&quot;d8f36c4&quot;,&quot;jet_parallax_layout_image_tablet&quot;:{&quot;url&quot;:&quot;&quot;,&quot;id&quot;:&quot;&quot;,&quot;size&quot;:&quot;&quot;},&quot;jet_parallax_layout_image_mobile&quot;:{&quot;url&quot;:&quot;&quot;,&quot;id&quot;:&quot;&quot;,&quot;size&quot;:&quot;&quot;},&quot;jet_parallax_layout_speed&quot;:{&quot;unit&quot;:&quot;%&quot;,&quot;size&quot;:50,&quot;sizes&quot;:[]},&quot;jet_parallax_layout_type&quot;:&quot;scroll&quot;,&quot;jet_parallax_layout_direction&quot;:null,&quot;jet_parallax_layout_fx_direction&quot;:null,&quot;jet_parallax_layout_z_index&quot;:&quot;&quot;,&quot;jet_parallax_layout_bg_x&quot;:50,&quot;jet_parallax_layout_bg_x_tablet&quot;:&quot;&quot;,&quot;jet_parallax_layout_bg_x_mobile&quot;:&quot;&quot;,&quot;jet_parallax_layout_bg_y&quot;:50,&quot;jet_parallax_layout_bg_y_tablet&quot;:&quot;&quot;,&quot;jet_parallax_layout_bg_y_mobile&quot;:&quot;&quot;,&quot;jet_parallax_layout_bg_size&quot;:&quot;auto&quot;,&quot;jet_parallax_layout_bg_size_tablet&quot;:&quot;&quot;,&quot;jet_parallax_layout_bg_size_mobile&quot;:&quot;&quot;,&quot;jet_parallax_layout_animation_prop&quot;:&quot;transform&quot;,&quot;jet_parallax_layout_on&quot;:[&quot;desktop&quot;,&quot;tablet&quot;]}]}\">\n\t\t\t\t\t\t<div class=\"elementor-container elementor-column-gap-default\">\n\t\t\t\t\t<div class=\"elementor-column elementor-col-100 elementor-top-column elementor-element elementor-element-b9e4f9d\" data-id=\"b9e4f9d\" data-element_type=\"column\">\n\t\t\t<div class=\"elementor-widget-wrap elementor-element-populated\">\n\t\t\t\t\t\t<div class=\"elementor-element elementor-element-7886ee3 elementor-widget elementor-widget-image\" data-id=\"7886ee3\" data-element_type=\"widget\" data-widget_type=\"image.default\">\n\t\t\t\t<div class=\"elementor-widget-container\">\n\t\t\t\t\t\t\t\t\t\t\t\t\t\t\t<img fetchpriority=\"high\" decoding=\"async\" width=\"400\" height=\"266\" src=\"https:\/\/www.aic-vbc.be\/wp-content\/uploads\/2020\/09\/fc34f61d23b74be53ee07d469bd32064_M.jpg\" class=\"attachment-medium_large size-medium_large wp-image-1383\" alt=\"fun\u00e9rarium transfert paix recueillement AIC Heirbrant Pompes fun\u00e8bres Bruxelles strombeek laeken\" srcset=\"https:\/\/www.aic-vbc.be\/wp-content\/uploads\/2020\/09\/fc34f61d23b74be53ee07d469bd32064_M.jpg 400w, https:\/\/www.aic-vbc.be\/wp-content\/uploads\/2020\/09\/fc34f61d23b74be53ee07d469bd32064_M-300x200.jpg 300w\" sizes=\"(max-width: 400px) 100vw, 400px\" \/>\t\t\t\t\t\t\t\t\t\t\t\t\t\t\t<\/div>\n\t\t\t\t<\/div>\n\t\t\t\t<div class=\"elementor-element elementor-element-be10679 elementor-widget elementor-widget-text-editor\" data-id=\"be10679\" data-element_type=\"widget\" data-widget_type=\"text-editor.default\">\n\t\t\t\t<div class=\"elementor-widget-container\">\n\t\t\t\t\t\t\t\t\t<h2>Diff\u00e9rences entre fun\u00e9rarium et mortuarium<\/h2><h3>Fun\u00e9rarium<\/h3><p>Est une initiative priv\u00e9e de l\u2019entreprise de pompes fun\u00e8bres. Ici, vous pouvez faire transf\u00e9rer un proche en cas de d\u00e9c\u00e8s. Il y sera pris en charge par des collaborateurs experimenter. Le d\u00e9funt restera sur place jusqu&rsquo;au jour des fun\u00e9railles.<\/p><p>La famille et les proches peuvent se recueillir et rendre un dernier hommage \u00e0 leur cher d\u00e9funt dans un cadre adapt\u00e9. En concertation, la salon fun\u00e9raire peut \u00eatre am\u00e9nag\u00e9e en harmonie avec le d\u00e9funt.<\/p><p>Les heures d&rsquo;ouverture ou les veill\u00e9es peuvent \u00eatre discut\u00e9es avec l&rsquo;entrepreneur.<\/p><p>L\u2019entreprise de pompes fun\u00e8bres abrite parfois aussi l&rsquo;auditorium pour l&rsquo;organisation de la c\u00e9r\u00e9monie. Cela laisse plus de choix pour l&rsquo;organisation de la c\u00e9r\u00e9monie et limite les d\u00e9placements parfois difficiles.<\/p><h3>Mortuarium<\/h3><p>Ce lieu est situ\u00e9 directement dans les \u00e9tablissements de sant\u00e9 tels que les h\u00f4pitaux ou les cliniques. C&rsquo;est l\u00e0 que le d\u00e9funt est emmen\u00e9 en cas de d\u00e9c\u00e8s dans ces \u00e9tablissements publics.<\/p><p>On peut toujours choisir de faire transf\u00e9rer le d\u00e9funt vers un fun\u00e9rarium d\u2019une entreprise de pompes fun\u00e8bres.<\/p><p>Les horaires d&rsquo;ouverture et les possibilit\u00e9s de rencontres ou de visites sont souvent moins flexibles.<\/p>\t\t\t\t\t\t\t\t<\/div>\n\t\t\t\t<\/div>\n\t\t\t\t<div class=\"elementor-element elementor-element-2a3cd7b btn_contact elementor-align-center elementor-widget elementor-widget-button\" data-id=\"2a3cd7b\" data-element_type=\"widget\" data-widget_type=\"button.default\">\n\t\t\t\t<div class=\"elementor-widget-container\">\n\t\t\t\t\t\t\t\t\t<div class=\"elementor-button-wrapper\">\n\t\t\t\t\t<a class=\"elementor-button elementor-button-link elementor-size-sm\" href=\"\/fr\/contact\">\n\t\t\t\t\t\t<span class=\"elementor-button-content-wrapper\">\n\t\t\t\t\t\t\t\t\t<span class=\"elementor-button-text\">Une question? Contactez-nous<\/span>\n\t\t\t\t\t<\/span>\n\t\t\t\t\t<\/a>\n\t\t\t\t<\/div>\n\t\t\t\t\t\t\t\t<\/div>\n\t\t\t\t<\/div>\n\t\t\t\t\t<\/div>\n\t\t<\/div>\n\t\t\t\t\t<\/div>\n\t\t<\/section>\n\t\t\t\t<\/div>\n\t\t","protected":false},"excerpt":{"rendered":"<p>Fun\u00e9rarium Home Le receuillement Fun\u00e9rarium Notre fun\u00e9rarium est un lieu de recueillement et de paix. Cela offre \u00e0 la famille et aux amis la possibilit\u00e9 de rendre un dernier hommage \u00e0 leur cher d\u00e9funt apr\u00e8s le d\u00e9c\u00e8s. Pour vivre votre deuil en toute s\u00e9r\u00e9nit\u00e9. Notre infrastructure a \u00e9t\u00e9 construit et \u00e9quip\u00e9 en respectant les normes [&hellip;]<\/p>\n","protected":false},"author":1,"featured_media":0,"parent":852,"menu_order":0,"comment_status":"closed","ping_status":"closed","template":"elementor_header_footer","meta":{"_acf_changed":false,"inline_featured_image":false,"_exactmetrics_skip_tracking":false,"_exactmetrics_sitenote_active":false,"_exactmetrics_sitenote_note":"","_exactmetrics_sitenote_category":0,"footnotes":""},"class_list":["post-2315","page","type-page","status-publish","hentry"],"acf":[],"yoast_head":"<!-- This site is optimized with the Yoast SEO plugin v27.0 - https:\/\/yoast.com\/product\/yoast-seo-wordpress\/ -->\n<title>Fun\u00e9rarium - Condol\u00e9ances - Fun\u00e9railles AIC Heirbrant<\/title>\n<meta name=\"description\" content=\"Fun\u00e9rarium - Lieu de receuillement et de paix - Plusieurs salons discret - Condol\u00e9ances textes - 02\/502.14.24\" \/>\n<meta name=\"robots\" content=\"index, follow, max-snippet:-1, max-image-preview:large, max-video-preview:-1\" \/>\n<link rel=\"canonical\" href=\"https:\/\/www.aic-vbc.be\/fr\/services-funeraires\/funerarium\/\" \/>\n<meta property=\"og:locale\" content=\"fr_FR\" \/>\n<meta property=\"og:type\" content=\"article\" \/>\n<meta property=\"og:title\" content=\"Fun\u00e9rarium - Condol\u00e9ances - Fun\u00e9railles AIC Heirbrant\" \/>\n<meta property=\"og:description\" content=\"Fun\u00e9rarium - Lieu de receuillement et de paix - Plusieurs salons discret - Condol\u00e9ances textes - 02\/502.14.24\" \/>\n<meta property=\"og:url\" content=\"https:\/\/www.aic-vbc.be\/fr\/services-funeraires\/funerarium\/\" \/>\n<meta property=\"og:site_name\" content=\"AIC HEIRBRANT VBC\" \/>\n<meta property=\"article:modified_time\" content=\"2024-05-02T13:32:45+00:00\" \/>\n<meta property=\"og:image\" content=\"https:\/\/www.aic-vbc.be\/wp-content\/uploads\/2020\/09\/fc34f61d23b74be53ee07d469bd32064_M.jpg\" \/>\n<meta name=\"twitter:card\" content=\"summary_large_image\" \/>\n<meta name=\"twitter:label1\" content=\"Dur\u00e9e de lecture estim\u00e9e\" \/>\n\t<meta name=\"twitter:data1\" content=\"3 minutes\" \/>\n<script type=\"application\/ld+json\" class=\"yoast-schema-graph\">{\"@context\":\"https:\/\/schema.org\",\"@graph\":[{\"@type\":\"WebPage\",\"@id\":\"https:\/\/www.aic-vbc.be\/fr\/services-funeraires\/funerarium\/\",\"url\":\"https:\/\/www.aic-vbc.be\/fr\/services-funeraires\/funerarium\/\",\"name\":\"Fun\u00e9rarium - Condol\u00e9ances - Fun\u00e9railles AIC Heirbrant\",\"isPartOf\":{\"@id\":\"\/#website\"},\"primaryImageOfPage\":{\"@id\":\"https:\/\/www.aic-vbc.be\/fr\/services-funeraires\/funerarium\/#primaryimage\"},\"image\":{\"@id\":\"https:\/\/www.aic-vbc.be\/fr\/services-funeraires\/funerarium\/#primaryimage\"},\"thumbnailUrl\":\"https:\/\/www.aic-vbc.be\/wp-content\/uploads\/2020\/09\/fc34f61d23b74be53ee07d469bd32064_M.jpg\",\"datePublished\":\"2021-03-15T15:39:51+00:00\",\"dateModified\":\"2024-05-02T13:32:45+00:00\",\"description\":\"Fun\u00e9rarium - Lieu de receuillement et de paix - Plusieurs salons discret - Condol\u00e9ances textes - 02\/502.14.24\",\"breadcrumb\":{\"@id\":\"https:\/\/www.aic-vbc.be\/fr\/services-funeraires\/funerarium\/#breadcrumb\"},\"inLanguage\":\"fr-FR\",\"potentialAction\":[{\"@type\":\"ReadAction\",\"target\":[\"https:\/\/www.aic-vbc.be\/fr\/services-funeraires\/funerarium\/\"]}]},{\"@type\":\"ImageObject\",\"inLanguage\":\"fr-FR\",\"@id\":\"https:\/\/www.aic-vbc.be\/fr\/services-funeraires\/funerarium\/#primaryimage\",\"url\":\"https:\/\/www.aic-vbc.be\/wp-content\/uploads\/2020\/09\/fc34f61d23b74be53ee07d469bd32064_M.jpg\",\"contentUrl\":\"https:\/\/www.aic-vbc.be\/wp-content\/uploads\/2020\/09\/fc34f61d23b74be53ee07d469bd32064_M.jpg\"},{\"@type\":\"BreadcrumbList\",\"@id\":\"https:\/\/www.aic-vbc.be\/fr\/services-funeraires\/funerarium\/#breadcrumb\",\"itemListElement\":[{\"@type\":\"ListItem\",\"position\":1,\"name\":\"Home\",\"item\":\"https:\/\/www.aic-vbc.be\/fr\/\"},{\"@type\":\"ListItem\",\"position\":2,\"name\":\"Services fun\u00e9raires\",\"item\":\"https:\/\/www.aic-vbc.be\/fr\/services-funeraires\/\"},{\"@type\":\"ListItem\",\"position\":3,\"name\":\"Fun\u00e9rarium\"}]},{\"@type\":\"WebSite\",\"@id\":\"\/#website\",\"url\":\"\/\",\"name\":\"AIC VBC\",\"description\":\"\",\"publisher\":{\"@id\":\"\/#organization\"},\"potentialAction\":[{\"@type\":\"SearchAction\",\"target\":{\"@type\":\"EntryPoint\",\"urlTemplate\":\"\/?s={search_term_string}\"},\"query-input\":{\"@type\":\"PropertyValueSpecification\",\"valueRequired\":true,\"valueName\":\"search_term_string\"}}],\"inLanguage\":\"fr-FR\"},{\"@type\":\"Organization\",\"@id\":\"\/#organization\",\"name\":\"AIC - HEIRBRANT - VBC\",\"url\":\"\/\",\"logo\":{\"@type\":\"ImageObject\",\"inLanguage\":\"fr-FR\",\"@id\":\"\/#\/schema\/logo\/image\/\",\"url\":\"https:\/\/www.aic-vbc.be\/wp-content\/uploads\/2020\/08\/AIC_Sfeerbeeld_01.jpg\",\"contentUrl\":\"https:\/\/www.aic-vbc.be\/wp-content\/uploads\/2020\/08\/AIC_Sfeerbeeld_01.jpg\",\"width\":1281,\"height\":854,\"caption\":\"AIC - HEIRBRANT - VBC\"},\"image\":{\"@id\":\"\/#\/schema\/logo\/image\/\"}}]}<\/script>\n<!-- \/ Yoast SEO plugin. -->","yoast_head_json":{"title":"Fun\u00e9rarium - Condol\u00e9ances - Fun\u00e9railles AIC Heirbrant","description":"Fun\u00e9rarium - Lieu de receuillement et de paix - Plusieurs salons discret - Condol\u00e9ances textes - 02\/502.14.24","robots":{"index":"index","follow":"follow","max-snippet":"max-snippet:-1","max-image-preview":"max-image-preview:large","max-video-preview":"max-video-preview:-1"},"canonical":"https:\/\/www.aic-vbc.be\/fr\/services-funeraires\/funerarium\/","og_locale":"fr_FR","og_type":"article","og_title":"Fun\u00e9rarium - Condol\u00e9ances - Fun\u00e9railles AIC Heirbrant","og_description":"Fun\u00e9rarium - Lieu de receuillement et de paix - Plusieurs salons discret - Condol\u00e9ances textes - 02\/502.14.24","og_url":"https:\/\/www.aic-vbc.be\/fr\/services-funeraires\/funerarium\/","og_site_name":"AIC HEIRBRANT VBC","article_modified_time":"2024-05-02T13:32:45+00:00","og_image":[{"url":"https:\/\/www.aic-vbc.be\/wp-content\/uploads\/2020\/09\/fc34f61d23b74be53ee07d469bd32064_M.jpg","type":"","width":"","height":""}],"twitter_card":"summary_large_image","twitter_misc":{"Dur\u00e9e de lecture estim\u00e9e":"3 minutes"},"schema":{"@context":"https:\/\/schema.org","@graph":[{"@type":"WebPage","@id":"https:\/\/www.aic-vbc.be\/fr\/services-funeraires\/funerarium\/","url":"https:\/\/www.aic-vbc.be\/fr\/services-funeraires\/funerarium\/","name":"Fun\u00e9rarium - Condol\u00e9ances - Fun\u00e9railles AIC Heirbrant","isPartOf":{"@id":"\/#website"},"primaryImageOfPage":{"@id":"https:\/\/www.aic-vbc.be\/fr\/services-funeraires\/funerarium\/#primaryimage"},"image":{"@id":"https:\/\/www.aic-vbc.be\/fr\/services-funeraires\/funerarium\/#primaryimage"},"thumbnailUrl":"https:\/\/www.aic-vbc.be\/wp-content\/uploads\/2020\/09\/fc34f61d23b74be53ee07d469bd32064_M.jpg","datePublished":"2021-03-15T15:39:51+00:00","dateModified":"2024-05-02T13:32:45+00:00","description":"Fun\u00e9rarium - Lieu de receuillement et de paix - Plusieurs salons discret - Condol\u00e9ances textes - 02\/502.14.24","breadcrumb":{"@id":"https:\/\/www.aic-vbc.be\/fr\/services-funeraires\/funerarium\/#breadcrumb"},"inLanguage":"fr-FR","potentialAction":[{"@type":"ReadAction","target":["https:\/\/www.aic-vbc.be\/fr\/services-funeraires\/funerarium\/"]}]},{"@type":"ImageObject","inLanguage":"fr-FR","@id":"https:\/\/www.aic-vbc.be\/fr\/services-funeraires\/funerarium\/#primaryimage","url":"https:\/\/www.aic-vbc.be\/wp-content\/uploads\/2020\/09\/fc34f61d23b74be53ee07d469bd32064_M.jpg","contentUrl":"https:\/\/www.aic-vbc.be\/wp-content\/uploads\/2020\/09\/fc34f61d23b74be53ee07d469bd32064_M.jpg"},{"@type":"BreadcrumbList","@id":"https:\/\/www.aic-vbc.be\/fr\/services-funeraires\/funerarium\/#breadcrumb","itemListElement":[{"@type":"ListItem","position":1,"name":"Home","item":"https:\/\/www.aic-vbc.be\/fr\/"},{"@type":"ListItem","position":2,"name":"Services fun\u00e9raires","item":"https:\/\/www.aic-vbc.be\/fr\/services-funeraires\/"},{"@type":"ListItem","position":3,"name":"Fun\u00e9rarium"}]},{"@type":"WebSite","@id":"\/#website","url":"\/","name":"AIC VBC","description":"","publisher":{"@id":"\/#organization"},"potentialAction":[{"@type":"SearchAction","target":{"@type":"EntryPoint","urlTemplate":"\/?s={search_term_string}"},"query-input":{"@type":"PropertyValueSpecification","valueRequired":true,"valueName":"search_term_string"}}],"inLanguage":"fr-FR"},{"@type":"Organization","@id":"\/#organization","name":"AIC - HEIRBRANT - VBC","url":"\/","logo":{"@type":"ImageObject","inLanguage":"fr-FR","@id":"\/#\/schema\/logo\/image\/","url":"https:\/\/www.aic-vbc.be\/wp-content\/uploads\/2020\/08\/AIC_Sfeerbeeld_01.jpg","contentUrl":"https:\/\/www.aic-vbc.be\/wp-content\/uploads\/2020\/08\/AIC_Sfeerbeeld_01.jpg","width":1281,"height":854,"caption":"AIC - HEIRBRANT - VBC"},"image":{"@id":"\/#\/schema\/logo\/image\/"}}]}},"_links":{"self":[{"href":"https:\/\/www.aic-vbc.be\/fr\/wp-json\/wp\/v2\/pages\/2315","targetHints":{"allow":["GET"]}}],"collection":[{"href":"https:\/\/www.aic-vbc.be\/fr\/wp-json\/wp\/v2\/pages"}],"about":[{"href":"https:\/\/www.aic-vbc.be\/fr\/wp-json\/wp\/v2\/types\/page"}],"author":[{"embeddable":true,"href":"https:\/\/www.aic-vbc.be\/fr\/wp-json\/wp\/v2\/users\/1"}],"replies":[{"embeddable":true,"href":"https:\/\/www.aic-vbc.be\/fr\/wp-json\/wp\/v2\/comments?post=2315"}],"version-history":[{"count":70,"href":"https:\/\/www.aic-vbc.be\/fr\/wp-json\/wp\/v2\/pages\/2315\/revisions"}],"predecessor-version":[{"id":15838,"href":"https:\/\/www.aic-vbc.be\/fr\/wp-json\/wp\/v2\/pages\/2315\/revisions\/15838"}],"up":[{"embeddable":true,"href":"https:\/\/www.aic-vbc.be\/fr\/wp-json\/wp\/v2\/pages\/852"}],"wp:attachment":[{"href":"https:\/\/www.aic-vbc.be\/fr\/wp-json\/wp\/v2\/media?parent=2315"}],"curies":[{"name":"wp","href":"https:\/\/api.w.org\/{rel}","templated":true}]}}