{"id":1961,"date":"2020-10-14T12:20:36","date_gmt":"2020-10-14T10:20:36","guid":{"rendered":"https:\/\/aic-vbc.be\/?page_id=1961"},"modified":"2023-05-17T16:40:31","modified_gmt":"2023-05-17T14:40:31","slug":"categories-de-nos-articles","status":"publish","type":"page","link":"https:\/\/www.aic-vbc.be\/fr\/categories-de-nos-articles\/","title":{"rendered":"Cat\u00e9gories de nos articles"},"content":{"rendered":"\t\t<div data-elementor-type=\"wp-page\" data-elementor-id=\"1961\" class=\"elementor elementor-1961\" data-elementor-post-type=\"page\">\n\t\t\t\t\t\t<section class=\"elementor-section elementor-top-section elementor-element elementor-element-ded1157 elementor-section-boxed elementor-section-height-default elementor-section-height-default\" data-id=\"ded1157\" data-element_type=\"section\" data-settings=\"{&quot;jet_parallax_layout_list&quot;:[{&quot;jet_parallax_layout_image&quot;:{&quot;url&quot;:&quot;&quot;,&quot;id&quot;:&quot;&quot;,&quot;size&quot;:&quot;&quot;},&quot;_id&quot;:&quot;b0aa9ac&quot;,&quot;jet_parallax_layout_image_tablet&quot;:{&quot;url&quot;:&quot;&quot;,&quot;id&quot;:&quot;&quot;,&quot;size&quot;:&quot;&quot;},&quot;jet_parallax_layout_image_mobile&quot;:{&quot;url&quot;:&quot;&quot;,&quot;id&quot;:&quot;&quot;,&quot;size&quot;:&quot;&quot;},&quot;jet_parallax_layout_speed&quot;:{&quot;unit&quot;:&quot;%&quot;,&quot;size&quot;:50,&quot;sizes&quot;:[]},&quot;jet_parallax_layout_type&quot;:&quot;scroll&quot;,&quot;jet_parallax_layout_direction&quot;:null,&quot;jet_parallax_layout_fx_direction&quot;:null,&quot;jet_parallax_layout_z_index&quot;:&quot;&quot;,&quot;jet_parallax_layout_bg_x&quot;:50,&quot;jet_parallax_layout_bg_x_tablet&quot;:&quot;&quot;,&quot;jet_parallax_layout_bg_x_mobile&quot;:&quot;&quot;,&quot;jet_parallax_layout_bg_y&quot;:50,&quot;jet_parallax_layout_bg_y_tablet&quot;:&quot;&quot;,&quot;jet_parallax_layout_bg_y_mobile&quot;:&quot;&quot;,&quot;jet_parallax_layout_bg_size&quot;:&quot;auto&quot;,&quot;jet_parallax_layout_bg_size_tablet&quot;:&quot;&quot;,&quot;jet_parallax_layout_bg_size_mobile&quot;:&quot;&quot;,&quot;jet_parallax_layout_animation_prop&quot;:&quot;transform&quot;,&quot;jet_parallax_layout_on&quot;:[&quot;desktop&quot;,&quot;tablet&quot;]}]}\">\n\t\t\t\t\t\t<div class=\"elementor-container elementor-column-gap-default\">\n\t\t\t\t\t<div class=\"elementor-column elementor-col-100 elementor-top-column elementor-element elementor-element-e81d390\" data-id=\"e81d390\" data-element_type=\"column\">\n\t\t\t<div class=\"elementor-widget-wrap elementor-element-populated\">\n\t\t\t\t\t\t<div class=\"elementor-element elementor-element-ed83316 elementor-widget elementor-widget-heading\" data-id=\"ed83316\" data-element_type=\"widget\" data-widget_type=\"heading.default\">\n\t\t\t\t<div class=\"elementor-widget-container\">\n\t\t\t\t\t<h1 class=\"elementor-heading-title elementor-size-default\">Cat\u00e9gories de nos articles\n<\/h1>\t\t\t\t<\/div>\n\t\t\t\t<\/div>\n\t\t\t\t\t<\/div>\n\t\t<\/div>\n\t\t\t\t\t<\/div>\n\t\t<\/section>\n\t\t\t\t<section class=\"elementor-section elementor-top-section elementor-element elementor-element-b4a6776 elementor-section-boxed elementor-section-height-default elementor-section-height-default\" data-id=\"b4a6776\" data-element_type=\"section\" data-settings=\"{&quot;jet_parallax_layout_list&quot;:[{&quot;jet_parallax_layout_image&quot;:{&quot;url&quot;:&quot;&quot;,&quot;id&quot;:&quot;&quot;,&quot;size&quot;:&quot;&quot;},&quot;_id&quot;:&quot;1b18ca8&quot;,&quot;jet_parallax_layout_image_tablet&quot;:{&quot;url&quot;:&quot;&quot;,&quot;id&quot;:&quot;&quot;,&quot;size&quot;:&quot;&quot;},&quot;jet_parallax_layout_image_mobile&quot;:{&quot;url&quot;:&quot;&quot;,&quot;id&quot;:&quot;&quot;,&quot;size&quot;:&quot;&quot;},&quot;jet_parallax_layout_speed&quot;:{&quot;unit&quot;:&quot;%&quot;,&quot;size&quot;:50,&quot;sizes&quot;:[]},&quot;jet_parallax_layout_type&quot;:&quot;scroll&quot;,&quot;jet_parallax_layout_direction&quot;:null,&quot;jet_parallax_layout_fx_direction&quot;:null,&quot;jet_parallax_layout_z_index&quot;:&quot;&quot;,&quot;jet_parallax_layout_bg_x&quot;:50,&quot;jet_parallax_layout_bg_x_tablet&quot;:&quot;&quot;,&quot;jet_parallax_layout_bg_x_mobile&quot;:&quot;&quot;,&quot;jet_parallax_layout_bg_y&quot;:50,&quot;jet_parallax_layout_bg_y_tablet&quot;:&quot;&quot;,&quot;jet_parallax_layout_bg_y_mobile&quot;:&quot;&quot;,&quot;jet_parallax_layout_bg_size&quot;:&quot;auto&quot;,&quot;jet_parallax_layout_bg_size_tablet&quot;:&quot;&quot;,&quot;jet_parallax_layout_bg_size_mobile&quot;:&quot;&quot;,&quot;jet_parallax_layout_animation_prop&quot;:&quot;transform&quot;,&quot;jet_parallax_layout_on&quot;:[&quot;desktop&quot;,&quot;tablet&quot;]}]}\">\n\t\t\t\t\t\t<div class=\"elementor-container elementor-column-gap-default\">\n\t\t\t\t\t<div class=\"elementor-column elementor-col-100 elementor-top-column elementor-element elementor-element-0e90614\" data-id=\"0e90614\" data-element_type=\"column\">\n\t\t\t<div class=\"elementor-widget-wrap elementor-element-populated\">\n\t\t\t\t\t\t<div class=\"elementor-element elementor-element-83a87b3 elementor-widget elementor-widget-text-editor\" data-id=\"83a87b3\" data-element_type=\"widget\" data-widget_type=\"text-editor.default\">\n\t\t\t\t<div class=\"elementor-widget-container\">\n\t\t\t\t\t\t\t\t\t<p><strong>Cat\u00e9gories de nos articles est une page o\u00f9 nous vous informons sur diff\u00e9rents produits fun\u00e9raire. <\/strong><\/p><p><strong>Vous pouvez trouver encore plus d&rsquo;articles concernant le secteur fun\u00e9raire sur notre page <a href=\"https:\/\/aic-vbc.be\/nos-services\/articles-funeraires\/\">articles fun\u00e9raires<\/a><\/strong><\/p>\t\t\t\t\t\t\t\t<\/div>\n\t\t\t\t<\/div>\n\t\t\t\t\t<\/div>\n\t\t<\/div>\n\t\t\t\t\t<\/div>\n\t\t<\/section>\n\t\t\t\t<section class=\"elementor-section elementor-top-section elementor-element elementor-element-131365ad elementor-section-boxed elementor-section-height-default elementor-section-height-default\" data-id=\"131365ad\" data-element_type=\"section\" data-settings=\"{&quot;jet_parallax_layout_list&quot;:[{&quot;jet_parallax_layout_image&quot;:{&quot;url&quot;:&quot;&quot;,&quot;id&quot;:&quot;&quot;,&quot;size&quot;:&quot;&quot;},&quot;_id&quot;:&quot;c82928a&quot;,&quot;jet_parallax_layout_image_tablet&quot;:{&quot;url&quot;:&quot;&quot;,&quot;id&quot;:&quot;&quot;,&quot;size&quot;:&quot;&quot;},&quot;jet_parallax_layout_image_mobile&quot;:{&quot;url&quot;:&quot;&quot;,&quot;id&quot;:&quot;&quot;,&quot;size&quot;:&quot;&quot;},&quot;jet_parallax_layout_speed&quot;:{&quot;unit&quot;:&quot;%&quot;,&quot;size&quot;:50,&quot;sizes&quot;:[]},&quot;jet_parallax_layout_type&quot;:&quot;scroll&quot;,&quot;jet_parallax_layout_direction&quot;:null,&quot;jet_parallax_layout_fx_direction&quot;:null,&quot;jet_parallax_layout_z_index&quot;:&quot;&quot;,&quot;jet_parallax_layout_bg_x&quot;:50,&quot;jet_parallax_layout_bg_x_tablet&quot;:&quot;&quot;,&quot;jet_parallax_layout_bg_x_mobile&quot;:&quot;&quot;,&quot;jet_parallax_layout_bg_y&quot;:50,&quot;jet_parallax_layout_bg_y_tablet&quot;:&quot;&quot;,&quot;jet_parallax_layout_bg_y_mobile&quot;:&quot;&quot;,&quot;jet_parallax_layout_bg_size&quot;:&quot;auto&quot;,&quot;jet_parallax_layout_bg_size_tablet&quot;:&quot;&quot;,&quot;jet_parallax_layout_bg_size_mobile&quot;:&quot;&quot;,&quot;jet_parallax_layout_animation_prop&quot;:&quot;transform&quot;,&quot;jet_parallax_layout_on&quot;:[&quot;desktop&quot;,&quot;tablet&quot;]}]}\">\n\t\t\t\t\t\t<div class=\"elementor-container elementor-column-gap-default\">\n\t\t\t\t\t<div class=\"elementor-column elementor-col-100 elementor-top-column elementor-element elementor-element-590190e8\" data-id=\"590190e8\" data-element_type=\"column\">\n\t\t\t<div class=\"elementor-widget-wrap elementor-element-populated\">\n\t\t\t\t\t\t<div class=\"elementor-element elementor-element-7e99a6c9 elementor-widget elementor-widget-raven-categories\" data-id=\"7e99a6c9\" data-element_type=\"widget\" data-settings=\"{&quot;_skin&quot;:&quot;inner_content&quot;,&quot;source&quot;:&quot;product&quot;,&quot;inner_content_layout&quot;:&quot;grid&quot;,&quot;inner_content_columns&quot;:&quot;3&quot;,&quot;inner_content_columns_tablet&quot;:&quot;2&quot;,&quot;inner_content_columns_mobile&quot;:&quot;1&quot;}\" data-widget_type=\"raven-categories.inner_content\">\n\t\t\t\t<div class=\"elementor-widget-container\">\n\t\t\t\t\t\t\t<div class=\"raven-categories-grid raven-categories-skin-inner_content\">\n\t\t\t\t\t<article class=\"raven-categories-item elementor-animation-grow post-1961 page type-page status-publish hentry\">\n\t\t\t\t\t<div class=\"raven-categories-img\" style=\"background-image: url('https:\/\/www.aic-vbc.be\/wp-content\/uploads\/2020\/10\/999999999.20200921203011987.999999999.20200921203011987K9rvE.jpg')\"><\/div>\n\t\t\t\t\t<div class=\"raven-categories-content\">\n\t\t\t<h3 class=\"raven-categories-title\"><a href=\"https:\/\/www.aic-vbc.be\/fr\/shop\/fleurs-naturelles\/\">Fleurs naturelles<\/a><\/h3>\t\t\t<\/div>\n\t\t<\/article>\n\t\t\t\t<article class=\"raven-categories-item elementor-animation-grow post-1961 page type-page status-publish hentry\">\n\t\t\t\t\t<div class=\"raven-categories-img\" style=\"background-image: url('https:\/\/www.aic-vbc.be\/wp-content\/uploads\/2022\/12\/2022-08-03-1024x768.jpg')\"><\/div>\n\t\t\t\t\t<div class=\"raven-categories-content\">\n\t\t\t<h3 class=\"raven-categories-title\"><a href=\"https:\/\/www.aic-vbc.be\/fr\/shop\/fleurs-en-soie-2\/\">Fleurs en soie<\/a><\/h3>\t\t\t<\/div>\n\t\t<\/article>\n\t\t\t\t<article class=\"raven-categories-item elementor-animation-grow post-1961 page type-page status-publish hentry\">\n\t\t\t\t\t<div class=\"raven-categories-img\" style=\"background-image: url('https:\/\/www.aic-vbc.be\/wp-content\/uploads\/2023\/05\/2023-04-19-1024x724.jpg')\"><\/div>\n\t\t\t\t\t<div class=\"raven-categories-content\">\n\t\t\t<h3 class=\"raven-categories-title\"><a href=\"https:\/\/www.aic-vbc.be\/fr\/shop\/pendentifs-funeraire-memorial\/\">Pendentifs fun\u00e9raire MEMORIAL<\/a><\/h3>\t\t\t<\/div>\n\t\t<\/article>\n\t\t\t\t<article class=\"raven-categories-item elementor-animation-grow post-1961 page type-page status-publish hentry\">\n\t\t\t\t\t<div class=\"raven-categories-img\" style=\"background-image: url('https:\/\/www.aic-vbc.be\/wp-content\/uploads\/2023\/03\/Porte-cles-Pompes-funebres-AIC-Heirbrant.jpg')\"><\/div>\n\t\t\t\t\t<div class=\"raven-categories-content\">\n\t\t\t<h3 class=\"raven-categories-title\"><a href=\"https:\/\/www.aic-vbc.be\/fr\/shop\/porte-cles-souvenir\/\">Porte cl\u00e9s souvenir<\/a><\/h3>\t\t\t<\/div>\n\t\t<\/article>\n\t\t\t\t<\/div>\n\t\t\t\t\t\t<\/div>\n\t\t\t\t<\/div>\n\t\t\t\t\t<\/div>\n\t\t<\/div>\n\t\t\t\t\t<\/div>\n\t\t<\/section>\n\t\t\t\t<section class=\"elementor-section elementor-top-section elementor-element elementor-element-c7b474a elementor-section-boxed elementor-section-height-default elementor-section-height-default\" data-id=\"c7b474a\" data-element_type=\"section\" data-settings=\"{&quot;jet_parallax_layout_list&quot;:[{&quot;jet_parallax_layout_image&quot;:{&quot;url&quot;:&quot;&quot;,&quot;id&quot;:&quot;&quot;,&quot;size&quot;:&quot;&quot;},&quot;_id&quot;:&quot;698093b&quot;,&quot;jet_parallax_layout_image_tablet&quot;:{&quot;url&quot;:&quot;&quot;,&quot;id&quot;:&quot;&quot;,&quot;size&quot;:&quot;&quot;},&quot;jet_parallax_layout_image_mobile&quot;:{&quot;url&quot;:&quot;&quot;,&quot;id&quot;:&quot;&quot;,&quot;size&quot;:&quot;&quot;},&quot;jet_parallax_layout_speed&quot;:{&quot;unit&quot;:&quot;%&quot;,&quot;size&quot;:50,&quot;sizes&quot;:[]},&quot;jet_parallax_layout_type&quot;:&quot;scroll&quot;,&quot;jet_parallax_layout_direction&quot;:null,&quot;jet_parallax_layout_fx_direction&quot;:null,&quot;jet_parallax_layout_z_index&quot;:&quot;&quot;,&quot;jet_parallax_layout_bg_x&quot;:50,&quot;jet_parallax_layout_bg_x_tablet&quot;:&quot;&quot;,&quot;jet_parallax_layout_bg_x_mobile&quot;:&quot;&quot;,&quot;jet_parallax_layout_bg_y&quot;:50,&quot;jet_parallax_layout_bg_y_tablet&quot;:&quot;&quot;,&quot;jet_parallax_layout_bg_y_mobile&quot;:&quot;&quot;,&quot;jet_parallax_layout_bg_size&quot;:&quot;auto&quot;,&quot;jet_parallax_layout_bg_size_tablet&quot;:&quot;&quot;,&quot;jet_parallax_layout_bg_size_mobile&quot;:&quot;&quot;,&quot;jet_parallax_layout_animation_prop&quot;:&quot;transform&quot;,&quot;jet_parallax_layout_on&quot;:[&quot;desktop&quot;,&quot;tablet&quot;]}]}\">\n\t\t\t\t\t\t<div class=\"elementor-container elementor-column-gap-default\">\n\t\t\t\t\t<div class=\"elementor-column elementor-col-100 elementor-top-column elementor-element elementor-element-512503f\" data-id=\"512503f\" data-element_type=\"column\">\n\t\t\t<div class=\"elementor-widget-wrap elementor-element-populated\">\n\t\t\t\t\t\t<div class=\"elementor-element elementor-element-77c6714 elementor-align-center elementor-widget elementor-widget-raven-button\" data-id=\"77c6714\" data-element_type=\"widget\" data-widget_type=\"raven-button.default\">\n\t\t\t\t<div class=\"elementor-widget-container\">\n\t\t\t\t\t\t\t<div class=\"raven-widget-wrapper\">\n\t\t\t<a class=\"raven-button raven-button-link\" href=\"https:\/\/aic-vbc.be\/contact\/\" target=\"_blank\">\n\t\t\t\t<span class=\"raven-button-content\">\n\t\t\t\t\t\t\t\t\t\t\t<span class=\"raven-button-icon raven-button-align-icon-left\">\n\t\t\t\t\t\t<i aria-hidden=\"true\" class=\"far fa-folder-open\"><\/i>\t\t\t\t\t\t<\/span>\n\t\t\t\t\t\t\t\t\t\t<span class=\"raven-button-text\">\n\t\t\t\t\t\tContact\t\t\t\t\t\t\t\t\t\t\t<\/span>\n\t\t\t\t<\/span>\n\t\t\t<\/a>\n\t\t<\/div>\n\t\t\t\t\t\t<\/div>\n\t\t\t\t<\/div>\n\t\t\t\t<div class=\"elementor-element elementor-element-416c9cf elementor-widget elementor-widget-image\" data-id=\"416c9cf\" data-element_type=\"widget\" data-widget_type=\"image.default\">\n\t\t\t\t<div class=\"elementor-widget-container\">\n\t\t\t\t\t\t\t\t\t\t\t\t\t\t\t<img decoding=\"async\" width=\"150\" height=\"150\" src=\"https:\/\/www.aic-vbc.be\/wp-content\/uploads\/2020\/10\/A.I.C-150x150.png\" class=\"attachment-thumbnail size-thumbnail wp-image-2453\" alt=\"Articles fun\u00e9raire Fun\u00e9railles AIC Heirbrant Bruxelles et environs\" srcset=\"https:\/\/www.aic-vbc.be\/wp-content\/uploads\/2020\/10\/A.I.C-150x150.png 150w, https:\/\/www.aic-vbc.be\/wp-content\/uploads\/2020\/10\/A.I.C-100x100.png 100w, https:\/\/www.aic-vbc.be\/wp-content\/uploads\/2020\/10\/A.I.C.png 237w\" sizes=\"(max-width: 150px) 100vw, 150px\" \/>\t\t\t\t\t\t\t\t\t\t\t\t\t\t\t<\/div>\n\t\t\t\t<\/div>\n\t\t\t\t\t<\/div>\n\t\t<\/div>\n\t\t\t\t\t<\/div>\n\t\t<\/section>\n\t\t\t\t<section class=\"elementor-section elementor-top-section elementor-element elementor-element-9e1fafe elementor-section-boxed elementor-section-height-default elementor-section-height-default\" data-id=\"9e1fafe\" data-element_type=\"section\" data-settings=\"{&quot;jet_parallax_layout_list&quot;:[]}\">\n\t\t\t\t\t\t<div class=\"elementor-container elementor-column-gap-default\">\n\t\t\t\t\t<div class=\"elementor-column elementor-col-100 elementor-top-column elementor-element elementor-element-5160fcb\" data-id=\"5160fcb\" data-element_type=\"column\">\n\t\t\t<div class=\"elementor-widget-wrap\">\n\t\t\t\t\t\t\t<\/div>\n\t\t<\/div>\n\t\t\t\t\t<\/div>\n\t\t<\/section>\n\t\t\t\t<\/div>\n\t\t","protected":false},"excerpt":{"rendered":"<p>Cat\u00e9gories de nos articles Cat\u00e9gories de nos articles est une page o\u00f9 nous vous informons sur diff\u00e9rents produits fun\u00e9raire. Vous pouvez trouver encore plus d&rsquo;articles concernant le secteur fun\u00e9raire sur notre page articles fun\u00e9raires Fleurs naturelles Fleurs en soie Porte cl\u00e9s souvenir Urnes exclusives et artisanales Bijoux fun\u00e9raire Belgique &#8211; HOMMAGE &#8211; Faites \u00e0 la [&hellip;]<\/p>\n","protected":false},"author":1,"featured_media":0,"parent":0,"menu_order":0,"comment_status":"closed","ping_status":"closed","template":"","meta":{"_acf_changed":false,"inline_featured_image":false,"_exactmetrics_skip_tracking":false,"_exactmetrics_sitenote_active":false,"_exactmetrics_sitenote_note":"","_exactmetrics_sitenote_category":0,"footnotes":""},"class_list":["post-1961","page","type-page","status-publish","hentry"],"acf":[],"yoast_head":"<!-- This site is optimized with the Yoast SEO plugin v27.0 - https:\/\/yoast.com\/product\/yoast-seo-wordpress\/ -->\n<title>Cat\u00e9gories de nos articles - Articles fun\u00e9raires AIC Heirbrant<\/title>\n<meta name=\"description\" content=\"Cat\u00e9gories de nos articles - Pompes fun\u00e8bres AIC Heirbrant - Fleurs naturelles ou soie - Pierres tombale - Bijoux pour cendres - 02\/502.14.24\" \/>\n<meta name=\"robots\" content=\"index, follow, max-snippet:-1, max-image-preview:large, max-video-preview:-1\" \/>\n<link rel=\"canonical\" href=\"https:\/\/www.aic-vbc.be\/fr\/categories-de-nos-articles\/\" \/>\n<meta property=\"og:locale\" content=\"fr_FR\" \/>\n<meta property=\"og:type\" content=\"article\" \/>\n<meta property=\"og:title\" content=\"Cat\u00e9gories de nos articles - Articles fun\u00e9raires AIC Heirbrant\" \/>\n<meta property=\"og:description\" content=\"Cat\u00e9gories de nos articles - Pompes fun\u00e8bres AIC Heirbrant - Fleurs naturelles ou soie - Pierres tombale - Bijoux pour cendres - 02\/502.14.24\" \/>\n<meta property=\"og:url\" content=\"https:\/\/www.aic-vbc.be\/fr\/categories-de-nos-articles\/\" \/>\n<meta property=\"og:site_name\" content=\"AIC HEIRBRANT VBC\" \/>\n<meta property=\"article:modified_time\" content=\"2023-05-17T14:40:31+00:00\" \/>\n<meta property=\"og:image\" content=\"https:\/\/aic-vbc.be\/wp-content\/uploads\/2020\/10\/A.I.C-150x150.png\" \/>\n<meta name=\"twitter:card\" content=\"summary_large_image\" \/>\n<meta name=\"twitter:label1\" content=\"Dur\u00e9e de lecture estim\u00e9e\" \/>\n\t<meta name=\"twitter:data1\" content=\"1 minute\" \/>\n<script type=\"application\/ld+json\" class=\"yoast-schema-graph\">{\"@context\":\"https:\/\/schema.org\",\"@graph\":[{\"@type\":\"WebPage\",\"@id\":\"https:\/\/www.aic-vbc.be\/fr\/categories-de-nos-articles\/\",\"url\":\"https:\/\/www.aic-vbc.be\/fr\/categories-de-nos-articles\/\",\"name\":\"Cat\u00e9gories de nos articles - Articles fun\u00e9raires AIC Heirbrant\",\"isPartOf\":{\"@id\":\"\/#website\"},\"primaryImageOfPage\":{\"@id\":\"https:\/\/www.aic-vbc.be\/fr\/categories-de-nos-articles\/#primaryimage\"},\"image\":{\"@id\":\"https:\/\/www.aic-vbc.be\/fr\/categories-de-nos-articles\/#primaryimage\"},\"thumbnailUrl\":\"https:\/\/aic-vbc.be\/wp-content\/uploads\/2020\/10\/A.I.C-150x150.png\",\"datePublished\":\"2020-10-14T10:20:36+00:00\",\"dateModified\":\"2023-05-17T14:40:31+00:00\",\"description\":\"Cat\u00e9gories de nos articles - Pompes fun\u00e8bres AIC Heirbrant - Fleurs naturelles ou soie - Pierres tombale - Bijoux pour cendres - 02\/502.14.24\",\"breadcrumb\":{\"@id\":\"https:\/\/www.aic-vbc.be\/fr\/categories-de-nos-articles\/#breadcrumb\"},\"inLanguage\":\"fr-FR\",\"potentialAction\":[{\"@type\":\"ReadAction\",\"target\":[\"https:\/\/www.aic-vbc.be\/fr\/categories-de-nos-articles\/\"]}]},{\"@type\":\"ImageObject\",\"inLanguage\":\"fr-FR\",\"@id\":\"https:\/\/www.aic-vbc.be\/fr\/categories-de-nos-articles\/#primaryimage\",\"url\":\"https:\/\/aic-vbc.be\/wp-content\/uploads\/2020\/10\/A.I.C-150x150.png\",\"contentUrl\":\"https:\/\/aic-vbc.be\/wp-content\/uploads\/2020\/10\/A.I.C-150x150.png\"},{\"@type\":\"BreadcrumbList\",\"@id\":\"https:\/\/www.aic-vbc.be\/fr\/categories-de-nos-articles\/#breadcrumb\",\"itemListElement\":[{\"@type\":\"ListItem\",\"position\":1,\"name\":\"Home\",\"item\":\"https:\/\/www.aic-vbc.be\/fr\/\"},{\"@type\":\"ListItem\",\"position\":2,\"name\":\"Cat\u00e9gories de nos articles\"}]},{\"@type\":\"WebSite\",\"@id\":\"\/#website\",\"url\":\"\/\",\"name\":\"AIC VBC\",\"description\":\"\",\"publisher\":{\"@id\":\"\/#organization\"},\"potentialAction\":[{\"@type\":\"SearchAction\",\"target\":{\"@type\":\"EntryPoint\",\"urlTemplate\":\"\/?s={search_term_string}\"},\"query-input\":{\"@type\":\"PropertyValueSpecification\",\"valueRequired\":true,\"valueName\":\"search_term_string\"}}],\"inLanguage\":\"fr-FR\"},{\"@type\":\"Organization\",\"@id\":\"\/#organization\",\"name\":\"AIC - HEIRBRANT - VBC\",\"url\":\"\/\",\"logo\":{\"@type\":\"ImageObject\",\"inLanguage\":\"fr-FR\",\"@id\":\"\/#\/schema\/logo\/image\/\",\"url\":\"https:\/\/www.aic-vbc.be\/wp-content\/uploads\/2020\/08\/AIC_Sfeerbeeld_01.jpg\",\"contentUrl\":\"https:\/\/www.aic-vbc.be\/wp-content\/uploads\/2020\/08\/AIC_Sfeerbeeld_01.jpg\",\"width\":1281,\"height\":854,\"caption\":\"AIC - HEIRBRANT - VBC\"},\"image\":{\"@id\":\"\/#\/schema\/logo\/image\/\"}}]}<\/script>\n<!-- \/ Yoast SEO plugin. -->","yoast_head_json":{"title":"Cat\u00e9gories de nos articles - Articles fun\u00e9raires AIC Heirbrant","description":"Cat\u00e9gories de nos articles - Pompes fun\u00e8bres AIC Heirbrant - Fleurs naturelles ou soie - Pierres tombale - Bijoux pour cendres - 02\/502.14.24","robots":{"index":"index","follow":"follow","max-snippet":"max-snippet:-1","max-image-preview":"max-image-preview:large","max-video-preview":"max-video-preview:-1"},"canonical":"https:\/\/www.aic-vbc.be\/fr\/categories-de-nos-articles\/","og_locale":"fr_FR","og_type":"article","og_title":"Cat\u00e9gories de nos articles - Articles fun\u00e9raires AIC Heirbrant","og_description":"Cat\u00e9gories de nos articles - Pompes fun\u00e8bres AIC Heirbrant - Fleurs naturelles ou soie - Pierres tombale - Bijoux pour cendres - 02\/502.14.24","og_url":"https:\/\/www.aic-vbc.be\/fr\/categories-de-nos-articles\/","og_site_name":"AIC HEIRBRANT VBC","article_modified_time":"2023-05-17T14:40:31+00:00","og_image":[{"url":"https:\/\/aic-vbc.be\/wp-content\/uploads\/2020\/10\/A.I.C-150x150.png","type":"","width":"","height":""}],"twitter_card":"summary_large_image","twitter_misc":{"Dur\u00e9e de lecture estim\u00e9e":"1 minute"},"schema":{"@context":"https:\/\/schema.org","@graph":[{"@type":"WebPage","@id":"https:\/\/www.aic-vbc.be\/fr\/categories-de-nos-articles\/","url":"https:\/\/www.aic-vbc.be\/fr\/categories-de-nos-articles\/","name":"Cat\u00e9gories de nos articles - Articles fun\u00e9raires AIC Heirbrant","isPartOf":{"@id":"\/#website"},"primaryImageOfPage":{"@id":"https:\/\/www.aic-vbc.be\/fr\/categories-de-nos-articles\/#primaryimage"},"image":{"@id":"https:\/\/www.aic-vbc.be\/fr\/categories-de-nos-articles\/#primaryimage"},"thumbnailUrl":"https:\/\/aic-vbc.be\/wp-content\/uploads\/2020\/10\/A.I.C-150x150.png","datePublished":"2020-10-14T10:20:36+00:00","dateModified":"2023-05-17T14:40:31+00:00","description":"Cat\u00e9gories de nos articles - Pompes fun\u00e8bres AIC Heirbrant - Fleurs naturelles ou soie - Pierres tombale - Bijoux pour cendres - 02\/502.14.24","breadcrumb":{"@id":"https:\/\/www.aic-vbc.be\/fr\/categories-de-nos-articles\/#breadcrumb"},"inLanguage":"fr-FR","potentialAction":[{"@type":"ReadAction","target":["https:\/\/www.aic-vbc.be\/fr\/categories-de-nos-articles\/"]}]},{"@type":"ImageObject","inLanguage":"fr-FR","@id":"https:\/\/www.aic-vbc.be\/fr\/categories-de-nos-articles\/#primaryimage","url":"https:\/\/aic-vbc.be\/wp-content\/uploads\/2020\/10\/A.I.C-150x150.png","contentUrl":"https:\/\/aic-vbc.be\/wp-content\/uploads\/2020\/10\/A.I.C-150x150.png"},{"@type":"BreadcrumbList","@id":"https:\/\/www.aic-vbc.be\/fr\/categories-de-nos-articles\/#breadcrumb","itemListElement":[{"@type":"ListItem","position":1,"name":"Home","item":"https:\/\/www.aic-vbc.be\/fr\/"},{"@type":"ListItem","position":2,"name":"Cat\u00e9gories de nos articles"}]},{"@type":"WebSite","@id":"\/#website","url":"\/","name":"AIC VBC","description":"","publisher":{"@id":"\/#organization"},"potentialAction":[{"@type":"SearchAction","target":{"@type":"EntryPoint","urlTemplate":"\/?s={search_term_string}"},"query-input":{"@type":"PropertyValueSpecification","valueRequired":true,"valueName":"search_term_string"}}],"inLanguage":"fr-FR"},{"@type":"Organization","@id":"\/#organization","name":"AIC - HEIRBRANT - VBC","url":"\/","logo":{"@type":"ImageObject","inLanguage":"fr-FR","@id":"\/#\/schema\/logo\/image\/","url":"https:\/\/www.aic-vbc.be\/wp-content\/uploads\/2020\/08\/AIC_Sfeerbeeld_01.jpg","contentUrl":"https:\/\/www.aic-vbc.be\/wp-content\/uploads\/2020\/08\/AIC_Sfeerbeeld_01.jpg","width":1281,"height":854,"caption":"AIC - HEIRBRANT - VBC"},"image":{"@id":"\/#\/schema\/logo\/image\/"}}]}},"_links":{"self":[{"href":"https:\/\/www.aic-vbc.be\/fr\/wp-json\/wp\/v2\/pages\/1961","targetHints":{"allow":["GET"]}}],"collection":[{"href":"https:\/\/www.aic-vbc.be\/fr\/wp-json\/wp\/v2\/pages"}],"about":[{"href":"https:\/\/www.aic-vbc.be\/fr\/wp-json\/wp\/v2\/types\/page"}],"author":[{"embeddable":true,"href":"https:\/\/www.aic-vbc.be\/fr\/wp-json\/wp\/v2\/users\/1"}],"replies":[{"embeddable":true,"href":"https:\/\/www.aic-vbc.be\/fr\/wp-json\/wp\/v2\/comments?post=1961"}],"version-history":[{"count":28,"href":"https:\/\/www.aic-vbc.be\/fr\/wp-json\/wp\/v2\/pages\/1961\/revisions"}],"predecessor-version":[{"id":12126,"href":"https:\/\/www.aic-vbc.be\/fr\/wp-json\/wp\/v2\/pages\/1961\/revisions\/12126"}],"wp:attachment":[{"href":"https:\/\/www.aic-vbc.be\/fr\/wp-json\/wp\/v2\/media?parent=1961"}],"curies":[{"name":"wp","href":"https:\/\/api.w.org\/{rel}","templated":true}]}}