{"id":18257,"date":"2026-04-01T16:41:18","date_gmt":"2026-04-01T14:41:18","guid":{"rendered":"https:\/\/www.aic-vbc.be\/?page_id=18257"},"modified":"2026-04-01T16:54:23","modified_gmt":"2026-04-01T14:54:23","slug":"pompes-funebres-bruxelles","status":"publish","type":"page","link":"https:\/\/www.aic-vbc.be\/fr\/pompes-funebres-bruxelles\/","title":{"rendered":"Pompes fun\u00e8bres Bruxelles"},"content":{"rendered":"\t\t<div data-elementor-type=\"wp-page\" data-elementor-id=\"18257\" class=\"elementor elementor-18257\" data-elementor-post-type=\"page\">\n\t\t\t\t\t\t<section class=\"elementor-section elementor-top-section elementor-element elementor-element-7227fa1 elementor-section-boxed elementor-section-height-default elementor-section-height-default\" data-id=\"7227fa1\" data-element_type=\"section\" data-settings=\"{&quot;jet_parallax_layout_list&quot;:[]}\">\n\t\t\t\t\t\t<div class=\"elementor-container elementor-column-gap-default\">\n\t\t\t\t\t<div class=\"elementor-column elementor-col-100 elementor-top-column elementor-element elementor-element-ee76531\" data-id=\"ee76531\" data-element_type=\"column\">\n\t\t\t<div class=\"elementor-widget-wrap elementor-element-populated\">\n\t\t\t\t\t\t<div class=\"elementor-element elementor-element-8f1b0aa elementor-widget elementor-widget-text-editor\" data-id=\"8f1b0aa\" data-element_type=\"widget\" data-widget_type=\"text-editor.default\">\n\t\t\t\t<div class=\"elementor-widget-container\">\n\t\t\t\t\t\t\t\t\t<h1>Pompes fun\u00e8bres \u00e0 Bruxelles \u2013 Intervention imm\u00e9diate 24h\/24<\/h1>\n<h3>Assistance urgente en cas de d\u00e9c\u00e8s \u00e0 Bruxelles<\/h3>\n<p class=\"isSelectedEnd\">Un d\u00e9c\u00e8s est une situation difficile qui n\u00e9cessite une prise en charge imm\u00e9diate.<br>Notre entreprise de pompes fun\u00e8bres \u00e0 Bruxelles intervient <strong>24h\/24 et 7j\/7<\/strong> pour vous accompagner avec respect, dignit\u00e9 et discr\u00e9tion.<\/p>\n<p class=\"isSelectedEnd\"><img decoding=\"async\" draggable=\"false\" role=\"img\" class=\"emoji\" alt=\"\ud83d\udcde\" src=\"https:\/\/s.w.org\/images\/core\/emoji\/16.0.1\/svg\/1f4de.svg\"> <strong>Appelez-nous imm\u00e9diatement \u2013 intervention rapide \u00e0 Bruxelles<\/strong><\/p>\n<div contenteditable=\"false\">\n<hr>\n<\/div>\n<h2>Que faire en cas de d\u00e9c\u00e8s \u00e0 Bruxelles ?<\/h2>\n<p class=\"isSelectedEnd\">Voici les premi\u00e8res d\u00e9marches essentielles :<\/p>\n<ol start=\"1\" data-spread=\"false\">\n<li>Faire constater le d\u00e9c\u00e8s par un m\u00e9decin<\/li>\n<li>Contacter une entreprise de pompes fun\u00e8bres<\/li>\n<li>Organiser les obs\u00e8ques<\/li>\n<\/ol>\n<p class=\"isSelectedEnd\"><img decoding=\"async\" draggable=\"false\" role=\"img\" class=\"emoji\" alt=\"\ud83d\udc49\" src=\"https:\/\/s.w.org\/images\/core\/emoji\/16.0.1\/svg\/1f449.svg\"> D\u00e8s votre appel, nous prenons en charge <strong>100% des d\u00e9marches<\/strong>.<\/p>\n<div contenteditable=\"false\">\n<hr>\n<\/div>\n<h2>Organisation compl\u00e8te des obs\u00e8ques \u00e0 Bruxelles<\/h2>\n<p class=\"isSelectedEnd\">Nous organisons des fun\u00e9railles personnalis\u00e9es dans toutes les communes de Bruxelles :<\/p>\n<ul data-spread=\"false\">\n<li>Organisation compl\u00e8te des obs\u00e8ques<\/li>\n<li>Cr\u00e9mation \u00e0 Bruxelles<\/li>\n<li>Inhumation<\/li>\n<li>Fun\u00e9rarium<\/li>\n<li>Rapatriement international<\/li>\n<li>Pr\u00e9voyance fun\u00e9raire<\/li>\n<\/ul>\n<p class=\"isSelectedEnd\"><img decoding=\"async\" draggable=\"false\" role=\"img\" class=\"emoji\" alt=\"\ud83d\udc49\" src=\"https:\/\/s.w.org\/images\/core\/emoji\/16.0.1\/svg\/1f449.svg\"> Chaque c\u00e9r\u00e9monie est adapt\u00e9e aux volont\u00e9s du d\u00e9funt.<\/p>\n<div contenteditable=\"false\">\n<hr>\n<\/div>\n<h2>Intervention dans toutes les communes de Bruxelles<\/h2>\n<p class=\"isSelectedEnd\">Nous intervenons rapidement dans :<\/p>\n<ul data-spread=\"false\">\n<li>Schaerbeek<\/li>\n<li>Anderlecht<\/li>\n<li>Ixelles<\/li>\n<li>Uccle<\/li>\n<li>Jette<\/li>\n<li>Evere<\/li>\n<li>Woluwe<\/li>\n<li>Laeken<\/li>\n<\/ul>\n<p class=\"isSelectedEnd\"><img decoding=\"async\" draggable=\"false\" role=\"img\" class=\"emoji\" alt=\"\ud83d\udc49\" src=\"https:\/\/s.w.org\/images\/core\/emoji\/16.0.1\/svg\/1f449.svg\"> Notre proximit\u00e9 garantit une intervention rapide en moins de 60 minutes.<\/p>\n<div contenteditable=\"false\">\n<hr>\n<\/div>\n<h2>Prix des fun\u00e9railles \u00e0 Bruxelles<\/h2>\n<p class=\"isSelectedEnd\">Le prix d\u00e9pend de plusieurs \u00e9l\u00e9ments :<\/p>\n<ul data-spread=\"false\">\n<li>type de c\u00e9r\u00e9monie<\/li>\n<li>cr\u00e9mation ou inhumation<\/li>\n<li>prestations choisies<\/li>\n<\/ul>\n<p class=\"isSelectedEnd\"><img decoding=\"async\" draggable=\"false\" role=\"img\" class=\"emoji\" alt=\"\ud83d\udc49\" src=\"https:\/\/s.w.org\/images\/core\/emoji\/16.0.1\/svg\/1f449.svg\"> <strong>Prix indicatif : \u00e0 partir de 2.000,00 \u20ac<\/strong><\/p>\n<p class=\"isSelectedEnd\">Demandez un devis gratuit et transparent<\/p>\n<div contenteditable=\"false\">\n<hr>\n<\/div>\n<h2>Pourquoi choisir notre entreprise de pompes fun\u00e8bres \u00e0 Bruxelles ?<\/h2>\n<p class=\"isSelectedEnd\"><img decoding=\"async\" draggable=\"false\" role=\"img\" class=\"emoji\" alt=\"\u2714\" src=\"https:\/\/s.w.org\/images\/core\/emoji\/16.0.1\/svg\/2714.svg\"> Disponible 24h\/24<br><img decoding=\"async\" draggable=\"false\" role=\"img\" class=\"emoji\" alt=\"\u2714\" src=\"https:\/\/s.w.org\/images\/core\/emoji\/16.0.1\/svg\/2714.svg\"> Intervention rapide<br><img decoding=\"async\" draggable=\"false\" role=\"img\" class=\"emoji\" alt=\"\u2714\" src=\"https:\/\/s.w.org\/images\/core\/emoji\/16.0.1\/svg\/2714.svg\"> Accompagnement humain<br><img decoding=\"async\" draggable=\"false\" role=\"img\" class=\"emoji\" alt=\"\u2714\" src=\"https:\/\/s.w.org\/images\/core\/emoji\/16.0.1\/svg\/2714.svg\"> Transparence totale<br><img decoding=\"async\" draggable=\"false\" role=\"img\" class=\"emoji\" alt=\"\u2714\" src=\"https:\/\/s.w.org\/images\/core\/emoji\/16.0.1\/svg\/2714.svg\"> Exp\u00e9rience professionnelle<\/p>\n<p class=\"isSelectedEnd\"><img decoding=\"async\" draggable=\"false\" role=\"img\" class=\"emoji\" alt=\"\ud83d\udc49\" src=\"https:\/\/s.w.org\/images\/core\/emoji\/16.0.1\/svg\/1f449.svg\"> Nous vous accompagnons \u00e0 chaque \u00e9tape.<\/p>\n<div contenteditable=\"false\">\n<hr>\n<\/div>\n<h2>Nos services fun\u00e9raires d\u00e9taill\u00e9s<\/h2>\n<h3>Cr\u00e9mation \u00e0 Bruxelles<\/h3>\n<p class=\"isSelectedEnd\">Organisation compl\u00e8te avec les cr\u00e9matoriums d\u2019Uccle et d\u2019Evere.<\/p>\n<h3>Inhumation<\/h3>\n<p class=\"isSelectedEnd\">Organisation de l\u2019enterrement dans tous les cimeti\u00e8res de Bruxelles.<\/p>\n<h3>Fun\u00e9rarium<\/h3>\n<p class=\"isSelectedEnd\">Accueil des familles dans un espace calme et respectueux.<\/p>\n<h3>Rapatriement<\/h3>\n<p class=\"isSelectedEnd\">Transport du d\u00e9funt en Belgique et \u00e0 l\u2019\u00e9tranger.<\/p>\n<div contenteditable=\"false\">\n<hr>\n<\/div>\n<h2>T\u00e9moignages de familles<\/h2>\n<p class=\"isSelectedEnd\">\u201cUne \u00e9quipe exceptionnelle, pr\u00e9sente \u00e0 chaque \u00e9tape avec beaucoup d\u2019humanit\u00e9.\u201d<\/p>\n<p class=\"isSelectedEnd\">\u201cPrise en charge rapide et professionnelle, nous recommandons fortement.\u201d<\/p>\n<div contenteditable=\"false\">\n<hr>\n<\/div>\n<h2>Questions fr\u00e9quentes (FAQ SEO)<\/h2>\n<h3>Combien de temps pour organiser des obs\u00e8ques ?<\/h3>\n<p class=\"isSelectedEnd\">Entre 3 et 6 jours selon la l\u00e9gislation belge.<\/p>\n<h3>Peut-on organiser une cr\u00e9mation rapidement ?<\/h3>\n<p class=\"isSelectedEnd\">Oui, sous r\u00e9serve des autorisations administratives.<\/p>\n<h3>Intervenez-vous la nuit ?<\/h3>\n<p class=\"isSelectedEnd\">Oui, nous sommes disponibles 24h\/24.<\/p>\n<div contenteditable=\"false\">\n<hr>\n<\/div>\n<h2>Contact urgent \u2013 Pompes fun\u00e8bres Bruxelles<\/h2>\n<p class=\"isSelectedEnd\"><img decoding=\"async\" draggable=\"false\" role=\"img\" class=\"emoji\" alt=\"\ud83d\udcde\" src=\"https:\/\/s.w.org\/images\/core\/emoji\/16.0.1\/svg\/1f4de.svg\"> Disponible 24h\/24<br><img decoding=\"async\" draggable=\"false\" role=\"img\" class=\"emoji\" alt=\"\ud83d\udccd\" src=\"https:\/\/s.w.org\/images\/core\/emoji\/16.0.1\/svg\/1f4cd.svg\"> Intervention dans toute la r\u00e9gion<\/p>\n<p><img decoding=\"async\" draggable=\"false\" role=\"img\" class=\"emoji\" alt=\"\ud83d\udc49\" src=\"https:\/\/s.w.org\/images\/core\/emoji\/16.0.1\/svg\/1f449.svg\"> <strong>Appelez-nous maintenant pour une prise en charge imm\u00e9diate<\/strong><\/p>\t\t\t\t\t\t\t\t<\/div>\n\t\t\t\t<\/div>\n\t\t\t\t\t<\/div>\n\t\t<\/div>\n\t\t\t\t\t<\/div>\n\t\t<\/section>\n\t\t\t\t<\/div>\n\t\t","protected":false},"excerpt":{"rendered":"<p>Pompes fun\u00e8bres \u00e0 Bruxelles \u2013 Intervention imm\u00e9diate 24h\/24 Assistance urgente en cas de d\u00e9c\u00e8s \u00e0 Bruxelles Un d\u00e9c\u00e8s est une situation difficile qui n\u00e9cessite une prise en charge imm\u00e9diate.Notre entreprise de pompes fun\u00e8bres \u00e0 Bruxelles intervient 24h\/24 et 7j\/7 pour vous accompagner avec respect, dignit\u00e9 et discr\u00e9tion. Appelez-nous imm\u00e9diatement \u2013 intervention rapide \u00e0 Bruxelles Que [&hellip;]<\/p>\n","protected":false},"author":3,"featured_media":0,"parent":0,"menu_order":0,"comment_status":"closed","ping_status":"closed","template":"","meta":{"_acf_changed":false,"inline_featured_image":false,"_exactmetrics_skip_tracking":false,"_exactmetrics_sitenote_active":false,"_exactmetrics_sitenote_note":"","_exactmetrics_sitenote_category":0,"footnotes":""},"class_list":["post-18257","page","type-page","status-publish","hentry"],"acf":[],"yoast_head":"<!-- This site is optimized with the Yoast SEO plugin v27.0 - https:\/\/yoast.com\/product\/yoast-seo-wordpress\/ -->\n<title>Pompes fun\u00e8bres Bruxelles - AIC HEIRBRANT VBC<\/title>\n<meta name=\"description\" content=\"Pompes fun\u00e8bres Bruxelles - Disponibles 24h\/24 - Organisation compl\u00e8te des obs\u00e8ques. Intervention rapide - Appelez-nous 02\/502.14.24\" \/>\n<meta name=\"robots\" content=\"index, follow, max-snippet:-1, max-image-preview:large, max-video-preview:-1\" \/>\n<link rel=\"canonical\" href=\"https:\/\/www.aic-vbc.be\/fr\/pompes-funebres-bruxelles\/\" \/>\n<meta property=\"og:locale\" content=\"fr_FR\" \/>\n<meta property=\"og:type\" content=\"article\" \/>\n<meta property=\"og:title\" content=\"Pompes fun\u00e8bres Bruxelles - AIC HEIRBRANT VBC\" \/>\n<meta property=\"og:description\" content=\"Pompes fun\u00e8bres Bruxelles - Disponibles 24h\/24 - Organisation compl\u00e8te des obs\u00e8ques. Intervention rapide - Appelez-nous 02\/502.14.24\" \/>\n<meta property=\"og:url\" content=\"https:\/\/www.aic-vbc.be\/fr\/pompes-funebres-bruxelles\/\" \/>\n<meta property=\"og:site_name\" content=\"AIC HEIRBRANT VBC\" \/>\n<meta property=\"article:modified_time\" content=\"2026-04-01T14:54:23+00:00\" \/>\n<meta property=\"og:image\" content=\"https:\/\/s.w.org\/images\/core\/emoji\/16.0.1\/svg\/1f4de.svg\" \/>\n<meta name=\"twitter:card\" content=\"summary_large_image\" \/>\n<meta name=\"twitter:label1\" content=\"Dur\u00e9e de lecture estim\u00e9e\" \/>\n\t<meta name=\"twitter:data1\" content=\"5 minutes\" \/>\n<script type=\"application\/ld+json\" class=\"yoast-schema-graph\">{\"@context\":\"https:\/\/schema.org\",\"@graph\":[{\"@type\":\"WebPage\",\"@id\":\"https:\/\/www.aic-vbc.be\/fr\/pompes-funebres-bruxelles\/\",\"url\":\"https:\/\/www.aic-vbc.be\/fr\/pompes-funebres-bruxelles\/\",\"name\":\"Pompes fun\u00e8bres Bruxelles - AIC HEIRBRANT VBC\",\"isPartOf\":{\"@id\":\"\/#website\"},\"primaryImageOfPage\":{\"@id\":\"https:\/\/www.aic-vbc.be\/fr\/pompes-funebres-bruxelles\/#primaryimage\"},\"image\":{\"@id\":\"https:\/\/www.aic-vbc.be\/fr\/pompes-funebres-bruxelles\/#primaryimage\"},\"thumbnailUrl\":\"https:\/\/s.w.org\/images\/core\/emoji\/16.0.1\/svg\/1f4de.svg\",\"datePublished\":\"2026-04-01T14:41:18+00:00\",\"dateModified\":\"2026-04-01T14:54:23+00:00\",\"description\":\"Pompes fun\u00e8bres Bruxelles - Disponibles 24h\/24 - Organisation compl\u00e8te des obs\u00e8ques. Intervention rapide - Appelez-nous 02\/502.14.24\",\"breadcrumb\":{\"@id\":\"https:\/\/www.aic-vbc.be\/fr\/pompes-funebres-bruxelles\/#breadcrumb\"},\"inLanguage\":\"fr-FR\",\"potentialAction\":[{\"@type\":\"ReadAction\",\"target\":[\"https:\/\/www.aic-vbc.be\/fr\/pompes-funebres-bruxelles\/\"]}]},{\"@type\":\"ImageObject\",\"inLanguage\":\"fr-FR\",\"@id\":\"https:\/\/www.aic-vbc.be\/fr\/pompes-funebres-bruxelles\/#primaryimage\",\"url\":\"https:\/\/s.w.org\/images\/core\/emoji\/16.0.1\/svg\/1f4de.svg\",\"contentUrl\":\"https:\/\/s.w.org\/images\/core\/emoji\/16.0.1\/svg\/1f4de.svg\"},{\"@type\":\"BreadcrumbList\",\"@id\":\"https:\/\/www.aic-vbc.be\/fr\/pompes-funebres-bruxelles\/#breadcrumb\",\"itemListElement\":[{\"@type\":\"ListItem\",\"position\":1,\"name\":\"Home\",\"item\":\"https:\/\/www.aic-vbc.be\/fr\/\"},{\"@type\":\"ListItem\",\"position\":2,\"name\":\"Pompes fun\u00e8bres Bruxelles\"}]},{\"@type\":\"WebSite\",\"@id\":\"\/#website\",\"url\":\"\/\",\"name\":\"AIC VBC\",\"description\":\"\",\"publisher\":{\"@id\":\"\/#organization\"},\"potentialAction\":[{\"@type\":\"SearchAction\",\"target\":{\"@type\":\"EntryPoint\",\"urlTemplate\":\"\/?s={search_term_string}\"},\"query-input\":{\"@type\":\"PropertyValueSpecification\",\"valueRequired\":true,\"valueName\":\"search_term_string\"}}],\"inLanguage\":\"fr-FR\"},{\"@type\":\"Organization\",\"@id\":\"\/#organization\",\"name\":\"AIC - HEIRBRANT - VBC\",\"url\":\"\/\",\"logo\":{\"@type\":\"ImageObject\",\"inLanguage\":\"fr-FR\",\"@id\":\"\/#\/schema\/logo\/image\/\",\"url\":\"https:\/\/www.aic-vbc.be\/wp-content\/uploads\/2020\/08\/AIC_Sfeerbeeld_01.jpg\",\"contentUrl\":\"https:\/\/www.aic-vbc.be\/wp-content\/uploads\/2020\/08\/AIC_Sfeerbeeld_01.jpg\",\"width\":1281,\"height\":854,\"caption\":\"AIC - HEIRBRANT - VBC\"},\"image\":{\"@id\":\"\/#\/schema\/logo\/image\/\"}}]}<\/script>\n<!-- \/ Yoast SEO plugin. -->","yoast_head_json":{"title":"Pompes fun\u00e8bres Bruxelles - AIC HEIRBRANT VBC","description":"Pompes fun\u00e8bres Bruxelles - Disponibles 24h\/24 - Organisation compl\u00e8te des obs\u00e8ques. Intervention rapide - Appelez-nous 02\/502.14.24","robots":{"index":"index","follow":"follow","max-snippet":"max-snippet:-1","max-image-preview":"max-image-preview:large","max-video-preview":"max-video-preview:-1"},"canonical":"https:\/\/www.aic-vbc.be\/fr\/pompes-funebres-bruxelles\/","og_locale":"fr_FR","og_type":"article","og_title":"Pompes fun\u00e8bres Bruxelles - AIC HEIRBRANT VBC","og_description":"Pompes fun\u00e8bres Bruxelles - Disponibles 24h\/24 - Organisation compl\u00e8te des obs\u00e8ques. Intervention rapide - Appelez-nous 02\/502.14.24","og_url":"https:\/\/www.aic-vbc.be\/fr\/pompes-funebres-bruxelles\/","og_site_name":"AIC HEIRBRANT VBC","article_modified_time":"2026-04-01T14:54:23+00:00","og_image":[{"url":"https:\/\/s.w.org\/images\/core\/emoji\/16.0.1\/svg\/1f4de.svg","type":"","width":"","height":""}],"twitter_card":"summary_large_image","twitter_misc":{"Dur\u00e9e de lecture estim\u00e9e":"5 minutes"},"schema":{"@context":"https:\/\/schema.org","@graph":[{"@type":"WebPage","@id":"https:\/\/www.aic-vbc.be\/fr\/pompes-funebres-bruxelles\/","url":"https:\/\/www.aic-vbc.be\/fr\/pompes-funebres-bruxelles\/","name":"Pompes fun\u00e8bres Bruxelles - AIC HEIRBRANT VBC","isPartOf":{"@id":"\/#website"},"primaryImageOfPage":{"@id":"https:\/\/www.aic-vbc.be\/fr\/pompes-funebres-bruxelles\/#primaryimage"},"image":{"@id":"https:\/\/www.aic-vbc.be\/fr\/pompes-funebres-bruxelles\/#primaryimage"},"thumbnailUrl":"https:\/\/s.w.org\/images\/core\/emoji\/16.0.1\/svg\/1f4de.svg","datePublished":"2026-04-01T14:41:18+00:00","dateModified":"2026-04-01T14:54:23+00:00","description":"Pompes fun\u00e8bres Bruxelles - Disponibles 24h\/24 - Organisation compl\u00e8te des obs\u00e8ques. Intervention rapide - Appelez-nous 02\/502.14.24","breadcrumb":{"@id":"https:\/\/www.aic-vbc.be\/fr\/pompes-funebres-bruxelles\/#breadcrumb"},"inLanguage":"fr-FR","potentialAction":[{"@type":"ReadAction","target":["https:\/\/www.aic-vbc.be\/fr\/pompes-funebres-bruxelles\/"]}]},{"@type":"ImageObject","inLanguage":"fr-FR","@id":"https:\/\/www.aic-vbc.be\/fr\/pompes-funebres-bruxelles\/#primaryimage","url":"https:\/\/s.w.org\/images\/core\/emoji\/16.0.1\/svg\/1f4de.svg","contentUrl":"https:\/\/s.w.org\/images\/core\/emoji\/16.0.1\/svg\/1f4de.svg"},{"@type":"BreadcrumbList","@id":"https:\/\/www.aic-vbc.be\/fr\/pompes-funebres-bruxelles\/#breadcrumb","itemListElement":[{"@type":"ListItem","position":1,"name":"Home","item":"https:\/\/www.aic-vbc.be\/fr\/"},{"@type":"ListItem","position":2,"name":"Pompes fun\u00e8bres Bruxelles"}]},{"@type":"WebSite","@id":"\/#website","url":"\/","name":"AIC VBC","description":"","publisher":{"@id":"\/#organization"},"potentialAction":[{"@type":"SearchAction","target":{"@type":"EntryPoint","urlTemplate":"\/?s={search_term_string}"},"query-input":{"@type":"PropertyValueSpecification","valueRequired":true,"valueName":"search_term_string"}}],"inLanguage":"fr-FR"},{"@type":"Organization","@id":"\/#organization","name":"AIC - HEIRBRANT - VBC","url":"\/","logo":{"@type":"ImageObject","inLanguage":"fr-FR","@id":"\/#\/schema\/logo\/image\/","url":"https:\/\/www.aic-vbc.be\/wp-content\/uploads\/2020\/08\/AIC_Sfeerbeeld_01.jpg","contentUrl":"https:\/\/www.aic-vbc.be\/wp-content\/uploads\/2020\/08\/AIC_Sfeerbeeld_01.jpg","width":1281,"height":854,"caption":"AIC - HEIRBRANT - VBC"},"image":{"@id":"\/#\/schema\/logo\/image\/"}}]}},"_links":{"self":[{"href":"https:\/\/www.aic-vbc.be\/fr\/wp-json\/wp\/v2\/pages\/18257","targetHints":{"allow":["GET"]}}],"collection":[{"href":"https:\/\/www.aic-vbc.be\/fr\/wp-json\/wp\/v2\/pages"}],"about":[{"href":"https:\/\/www.aic-vbc.be\/fr\/wp-json\/wp\/v2\/types\/page"}],"author":[{"embeddable":true,"href":"https:\/\/www.aic-vbc.be\/fr\/wp-json\/wp\/v2\/users\/3"}],"replies":[{"embeddable":true,"href":"https:\/\/www.aic-vbc.be\/fr\/wp-json\/wp\/v2\/comments?post=18257"}],"version-history":[{"count":4,"href":"https:\/\/www.aic-vbc.be\/fr\/wp-json\/wp\/v2\/pages\/18257\/revisions"}],"predecessor-version":[{"id":18262,"href":"https:\/\/www.aic-vbc.be\/fr\/wp-json\/wp\/v2\/pages\/18257\/revisions\/18262"}],"wp:attachment":[{"href":"https:\/\/www.aic-vbc.be\/fr\/wp-json\/wp\/v2\/media?parent=18257"}],"curies":[{"name":"wp","href":"https:\/\/api.w.org\/{rel}","templated":true}]}}