{"id":1070,"date":"2020-09-16T07:26:31","date_gmt":"2020-09-16T05:26:31","guid":{"rendered":"https:\/\/aic-vbc.be\/rouwregister\/"},"modified":"2026-03-14T01:59:16","modified_gmt":"2026-03-13T23:59:16","slug":"avis-de-deces","status":"publish","type":"page","link":"https:\/\/www.aic-vbc.be\/fr\/avis-de-deces\/","title":{"rendered":"Avis de d\u00e9c\u00e8s"},"content":{"rendered":"\t\t<div data-elementor-type=\"wp-page\" data-elementor-id=\"1070\" class=\"elementor elementor-1070\" data-elementor-post-type=\"page\">\n\t\t\t\t\t\t<section class=\"elementor-section elementor-top-section elementor-element elementor-element-6e290ef elementor-section-boxed elementor-section-height-default elementor-section-height-default\" data-id=\"6e290ef\" data-element_type=\"section\" data-settings=\"{&quot;jet_parallax_layout_list&quot;:[{&quot;jet_parallax_layout_image&quot;:{&quot;url&quot;:&quot;&quot;,&quot;id&quot;:&quot;&quot;,&quot;size&quot;:&quot;&quot;},&quot;_id&quot;:&quot;9fbe087&quot;,&quot;jet_parallax_layout_image_tablet&quot;:{&quot;url&quot;:&quot;&quot;,&quot;id&quot;:&quot;&quot;,&quot;size&quot;:&quot;&quot;},&quot;jet_parallax_layout_image_mobile&quot;:{&quot;url&quot;:&quot;&quot;,&quot;id&quot;:&quot;&quot;,&quot;size&quot;:&quot;&quot;},&quot;jet_parallax_layout_speed&quot;:{&quot;unit&quot;:&quot;%&quot;,&quot;size&quot;:50,&quot;sizes&quot;:[]},&quot;jet_parallax_layout_type&quot;:&quot;scroll&quot;,&quot;jet_parallax_layout_direction&quot;:null,&quot;jet_parallax_layout_fx_direction&quot;:null,&quot;jet_parallax_layout_z_index&quot;:&quot;&quot;,&quot;jet_parallax_layout_bg_x&quot;:50,&quot;jet_parallax_layout_bg_x_tablet&quot;:&quot;&quot;,&quot;jet_parallax_layout_bg_x_mobile&quot;:&quot;&quot;,&quot;jet_parallax_layout_bg_y&quot;:50,&quot;jet_parallax_layout_bg_y_tablet&quot;:&quot;&quot;,&quot;jet_parallax_layout_bg_y_mobile&quot;:&quot;&quot;,&quot;jet_parallax_layout_bg_size&quot;:&quot;auto&quot;,&quot;jet_parallax_layout_bg_size_tablet&quot;:&quot;&quot;,&quot;jet_parallax_layout_bg_size_mobile&quot;:&quot;&quot;,&quot;jet_parallax_layout_animation_prop&quot;:&quot;transform&quot;,&quot;jet_parallax_layout_on&quot;:[&quot;desktop&quot;,&quot;tablet&quot;]}]}\">\n\t\t\t\t\t\t<div class=\"elementor-container elementor-column-gap-default\">\n\t\t\t\t\t<div class=\"elementor-column elementor-col-100 elementor-top-column elementor-element elementor-element-2116ffa\" data-id=\"2116ffa\" data-element_type=\"column\">\n\t\t\t<div class=\"elementor-widget-wrap elementor-element-populated\">\n\t\t\t\t\t\t<div class=\"elementor-element elementor-element-f42af7a elementor-align-center elementor-widget elementor-widget-raven-heading\" data-id=\"f42af7a\" data-element_type=\"widget\" data-widget_type=\"raven-heading.default\">\n\t\t\t\t<div class=\"elementor-widget-container\">\n\t\t\t\t\t\t\t<div class=\"raven-widget-wrapper\"><h1 class=\"raven-heading raven-heading-h1\"><span class=\"raven-heading-title\">Avis de d\u00e9c\u00e8s<\/span><\/h1><\/div>\n\t\t\t\t\t\t<\/div>\n\t\t\t\t<\/div>\n\t\t\t\t<div class=\"elementor-element elementor-element-ab1e203 elementor-widget elementor-widget-text-editor\" data-id=\"ab1e203\" data-element_type=\"widget\" data-widget_type=\"text-editor.default\">\n\t\t\t\t<div class=\"elementor-widget-container\">\n\t\t\t\t\t\t\t\t\t<h3>Ici vous pouvez t\u00e9moigner votre soutien aupr\u00e8s de la famille ainsi que de leurs proches<\/h3>\t\t\t\t\t\t\t\t<\/div>\n\t\t\t\t<\/div>\n\t\t\t\t<div class=\"elementor-element elementor-element-b786b21 elementor-grid-4 elementor-grid-tablet-2 elementor-grid-mobile-1 elementor-posts--thumbnail-top elementor-card-shadow-yes elementor-posts__hover-gradient elementor-widget elementor-widget-posts\" data-id=\"b786b21\" data-element_type=\"widget\" data-settings=\"{&quot;cards_columns&quot;:&quot;4&quot;,&quot;pagination_type&quot;:&quot;numbers&quot;,&quot;cards_columns_tablet&quot;:&quot;2&quot;,&quot;cards_columns_mobile&quot;:&quot;1&quot;,&quot;cards_row_gap&quot;:{&quot;unit&quot;:&quot;px&quot;,&quot;size&quot;:35,&quot;sizes&quot;:[]},&quot;cards_row_gap_tablet&quot;:{&quot;unit&quot;:&quot;px&quot;,&quot;size&quot;:&quot;&quot;,&quot;sizes&quot;:[]},&quot;cards_row_gap_mobile&quot;:{&quot;unit&quot;:&quot;px&quot;,&quot;size&quot;:&quot;&quot;,&quot;sizes&quot;:[]}}\" data-widget_type=\"posts.cards\">\n\t\t\t\t<div class=\"elementor-widget-container\">\n\t\t\t\t\t\t\t<div class=\"elementor-posts-container elementor-posts elementor-posts--skin-cards elementor-grid\">\n\t\t\t\t<article class=\"elementor-post elementor-grid-item post-17527 condoleren type-condoleren status-publish has-post-thumbnail hentry\">\n\t\t\t<div class=\"elementor-post__card\">\n\t\t\t\t<a class=\"elementor-post__thumbnail__link\" href=\"https:\/\/www.aic-vbc.be\/fr\/condoleances\/monsieur-frans-nijs\/\" tabindex=\"-1\" ><div class=\"elementor-post__thumbnail\"><img fetchpriority=\"high\" decoding=\"async\" width=\"300\" height=\"264\" src=\"https:\/\/www.aic-vbc.be\/wp-content\/uploads\/2026\/01\/Frans-Nijs-Funerarium-AIC-HEIRBRANT-1-300x264.jpg\" class=\"attachment-medium size-medium wp-image-17525\" alt=\"Frans Nijs Funerarium AIC HEIRBRANT\" srcset=\"https:\/\/www.aic-vbc.be\/wp-content\/uploads\/2026\/01\/Frans-Nijs-Funerarium-AIC-HEIRBRANT-1-300x264.jpg 300w, https:\/\/www.aic-vbc.be\/wp-content\/uploads\/2026\/01\/Frans-Nijs-Funerarium-AIC-HEIRBRANT-1-1024x901.jpg 1024w, https:\/\/www.aic-vbc.be\/wp-content\/uploads\/2026\/01\/Frans-Nijs-Funerarium-AIC-HEIRBRANT-1-768x676.jpg 768w, https:\/\/www.aic-vbc.be\/wp-content\/uploads\/2026\/01\/Frans-Nijs-Funerarium-AIC-HEIRBRANT-1-600x528.jpg 600w, https:\/\/www.aic-vbc.be\/wp-content\/uploads\/2026\/01\/Frans-Nijs-Funerarium-AIC-HEIRBRANT-1.jpg 1164w\" sizes=\"(max-width: 300px) 100vw, 300px\" \/><\/div><\/a>\n\t\t\t\t<div class=\"elementor-post__text\">\n\t\t\t\t<h3 class=\"elementor-post__title\">\n\t\t\t<a href=\"https:\/\/www.aic-vbc.be\/fr\/condoleances\/monsieur-frans-nijs\/\" >\n\t\t\t\tMonsieur Frans Nijs\t\t\t<\/a>\n\t\t<\/h3>\n\t\t\n\t\t<a class=\"elementor-post__read-more\" href=\"https:\/\/www.aic-vbc.be\/fr\/condoleances\/monsieur-frans-nijs\/\" aria-label=\"En savoir plus sur Monsieur Frans Nijs\" tabindex=\"-1\" >\n\t\t\tLire plus\t\t<\/a>\n\n\t\t\t\t<\/div>\n\t\t\t\t\t<\/div>\n\t\t<\/article>\n\t\t\t\t<article class=\"elementor-post elementor-grid-item post-17490 condoleren type-condoleren status-publish has-post-thumbnail hentry\">\n\t\t\t<div class=\"elementor-post__card\">\n\t\t\t\t<a class=\"elementor-post__thumbnail__link\" href=\"https:\/\/www.aic-vbc.be\/fr\/condoleances\/madame-josee-van-isterdael\/\" tabindex=\"-1\" ><div class=\"elementor-post__thumbnail\"><img decoding=\"async\" width=\"300\" height=\"292\" src=\"https:\/\/www.aic-vbc.be\/wp-content\/uploads\/2025\/12\/Van-Isterdael-Josee-bewerkt-1-300x292.jpg\" class=\"attachment-medium size-medium wp-image-17513\" alt=\"Fun\u00e9railles Jos\u00e9e Van Isterdael AIC HEIRBRANT\" srcset=\"https:\/\/www.aic-vbc.be\/wp-content\/uploads\/2025\/12\/Van-Isterdael-Josee-bewerkt-1-300x292.jpg 300w, https:\/\/www.aic-vbc.be\/wp-content\/uploads\/2025\/12\/Van-Isterdael-Josee-bewerkt-1-1024x995.jpg 1024w, https:\/\/www.aic-vbc.be\/wp-content\/uploads\/2025\/12\/Van-Isterdael-Josee-bewerkt-1-768x746.jpg 768w, https:\/\/www.aic-vbc.be\/wp-content\/uploads\/2025\/12\/Van-Isterdael-Josee-bewerkt-1-1536x1493.jpg 1536w, https:\/\/www.aic-vbc.be\/wp-content\/uploads\/2025\/12\/Van-Isterdael-Josee-bewerkt-1-2048x1990.jpg 2048w, https:\/\/www.aic-vbc.be\/wp-content\/uploads\/2025\/12\/Van-Isterdael-Josee-bewerkt-1-600x583.jpg 600w\" sizes=\"(max-width: 300px) 100vw, 300px\" \/><\/div><\/a>\n\t\t\t\t<div class=\"elementor-post__text\">\n\t\t\t\t<h3 class=\"elementor-post__title\">\n\t\t\t<a href=\"https:\/\/www.aic-vbc.be\/fr\/condoleances\/madame-josee-van-isterdael\/\" >\n\t\t\t\tMadame Jos\u00e9e Van Isterdael\t\t\t<\/a>\n\t\t<\/h3>\n\t\t\n\t\t<a class=\"elementor-post__read-more\" href=\"https:\/\/www.aic-vbc.be\/fr\/condoleances\/madame-josee-van-isterdael\/\" aria-label=\"En savoir plus sur Madame Jos\u00e9e Van Isterdael\" tabindex=\"-1\" >\n\t\t\tLire plus\t\t<\/a>\n\n\t\t\t\t<\/div>\n\t\t\t\t\t<\/div>\n\t\t<\/article>\n\t\t\t\t<article class=\"elementor-post elementor-grid-item post-17474 condoleren type-condoleren status-publish has-post-thumbnail hentry\">\n\t\t\t<div class=\"elementor-post__card\">\n\t\t\t\t<a class=\"elementor-post__thumbnail__link\" href=\"https:\/\/www.aic-vbc.be\/fr\/condoleances\/madame-nicole-de-ridder\/\" tabindex=\"-1\" ><div class=\"elementor-post__thumbnail\"><img decoding=\"async\" width=\"213\" height=\"300\" src=\"https:\/\/www.aic-vbc.be\/wp-content\/uploads\/2025\/12\/Funerailles-AIC-HEIRBRANT-madame-De-Nicole-De-Ridder-213x300.jpg\" class=\"attachment-medium size-medium wp-image-17475\" alt=\"Funerailles-AIC-HEIRBRANT-madame-De-Nicole-De-Ridder\" srcset=\"https:\/\/www.aic-vbc.be\/wp-content\/uploads\/2025\/12\/Funerailles-AIC-HEIRBRANT-madame-De-Nicole-De-Ridder-213x300.jpg 213w, https:\/\/www.aic-vbc.be\/wp-content\/uploads\/2025\/12\/Funerailles-AIC-HEIRBRANT-madame-De-Nicole-De-Ridder.jpg 563w\" sizes=\"(max-width: 213px) 100vw, 213px\" \/><\/div><\/a>\n\t\t\t\t<div class=\"elementor-post__text\">\n\t\t\t\t<h3 class=\"elementor-post__title\">\n\t\t\t<a href=\"https:\/\/www.aic-vbc.be\/fr\/condoleances\/madame-nicole-de-ridder\/\" >\n\t\t\t\tMadame Nicole De Ridder\t\t\t<\/a>\n\t\t<\/h3>\n\t\t\n\t\t<a class=\"elementor-post__read-more\" href=\"https:\/\/www.aic-vbc.be\/fr\/condoleances\/madame-nicole-de-ridder\/\" aria-label=\"En savoir plus sur Madame Nicole De Ridder\" tabindex=\"-1\" >\n\t\t\tLire plus\t\t<\/a>\n\n\t\t\t\t<\/div>\n\t\t\t\t\t<\/div>\n\t\t<\/article>\n\t\t\t\t<article class=\"elementor-post elementor-grid-item post-17443 condoleren type-condoleren status-publish has-post-thumbnail hentry\">\n\t\t\t<div class=\"elementor-post__card\">\n\t\t\t\t<a class=\"elementor-post__thumbnail__link\" href=\"https:\/\/www.aic-vbc.be\/fr\/condoleances\/madame-marthe-verhasselt\/\" tabindex=\"-1\" ><div class=\"elementor-post__thumbnail\"><img loading=\"lazy\" decoding=\"async\" width=\"217\" height=\"300\" src=\"https:\/\/www.aic-vbc.be\/wp-content\/uploads\/2025\/12\/Funerarium-AIC-HEIRBRANT-Marthe-Verhasselt-217x300.jpg\" class=\"attachment-medium size-medium wp-image-17478\" alt=\"Fun\u00e9rarium - AIC HEIRBRANT - Condol\u00e9ances\" srcset=\"https:\/\/www.aic-vbc.be\/wp-content\/uploads\/2025\/12\/Funerarium-AIC-HEIRBRANT-Marthe-Verhasselt-217x300.jpg 217w, https:\/\/www.aic-vbc.be\/wp-content\/uploads\/2025\/12\/Funerarium-AIC-HEIRBRANT-Marthe-Verhasselt-742x1024.jpg 742w, https:\/\/www.aic-vbc.be\/wp-content\/uploads\/2025\/12\/Funerarium-AIC-HEIRBRANT-Marthe-Verhasselt-768x1060.jpg 768w, https:\/\/www.aic-vbc.be\/wp-content\/uploads\/2025\/12\/Funerarium-AIC-HEIRBRANT-Marthe-Verhasselt-600x828.jpg 600w, https:\/\/www.aic-vbc.be\/wp-content\/uploads\/2025\/12\/Funerarium-AIC-HEIRBRANT-Marthe-Verhasselt.jpg 1024w\" sizes=\"(max-width: 217px) 100vw, 217px\" \/><\/div><\/a>\n\t\t\t\t<div class=\"elementor-post__text\">\n\t\t\t\t<h3 class=\"elementor-post__title\">\n\t\t\t<a href=\"https:\/\/www.aic-vbc.be\/fr\/condoleances\/madame-marthe-verhasselt\/\" >\n\t\t\t\tMadame Marthe Verhasselt\t\t\t<\/a>\n\t\t<\/h3>\n\t\t\n\t\t<a class=\"elementor-post__read-more\" href=\"https:\/\/www.aic-vbc.be\/fr\/condoleances\/madame-marthe-verhasselt\/\" aria-label=\"En savoir plus sur Madame Marthe Verhasselt\" tabindex=\"-1\" >\n\t\t\tLire plus\t\t<\/a>\n\n\t\t\t\t<\/div>\n\t\t\t\t\t<\/div>\n\t\t<\/article>\n\t\t\t\t<article class=\"elementor-post elementor-grid-item post-17423 condoleren type-condoleren status-publish has-post-thumbnail hentry\">\n\t\t\t<div class=\"elementor-post__card\">\n\t\t\t\t<a class=\"elementor-post__thumbnail__link\" href=\"https:\/\/www.aic-vbc.be\/fr\/condoleances\/monsieur-alain-fonteyn\/\" tabindex=\"-1\" ><div class=\"elementor-post__thumbnail\"><img loading=\"lazy\" decoding=\"async\" width=\"240\" height=\"300\" src=\"https:\/\/www.aic-vbc.be\/wp-content\/uploads\/2025\/06\/Alain-Pierre-Fonteyn-AIC-HEIRBRANT-240x300.jpg\" class=\"attachment-medium size-medium wp-image-17424\" alt=\"Alain Pierre Fonteyn AIC HEIRBRANT\" srcset=\"https:\/\/www.aic-vbc.be\/wp-content\/uploads\/2025\/06\/Alain-Pierre-Fonteyn-AIC-HEIRBRANT-240x300.jpg 240w, https:\/\/www.aic-vbc.be\/wp-content\/uploads\/2025\/06\/Alain-Pierre-Fonteyn-AIC-HEIRBRANT-600x749.jpg 600w, https:\/\/www.aic-vbc.be\/wp-content\/uploads\/2025\/06\/Alain-Pierre-Fonteyn-AIC-HEIRBRANT.jpg 766w\" sizes=\"(max-width: 240px) 100vw, 240px\" \/><\/div><\/a>\n\t\t\t\t<div class=\"elementor-post__text\">\n\t\t\t\t<h3 class=\"elementor-post__title\">\n\t\t\t<a href=\"https:\/\/www.aic-vbc.be\/fr\/condoleances\/monsieur-alain-fonteyn\/\" >\n\t\t\t\tMonsieur Alain Fonteyn\t\t\t<\/a>\n\t\t<\/h3>\n\t\t\n\t\t<a class=\"elementor-post__read-more\" href=\"https:\/\/www.aic-vbc.be\/fr\/condoleances\/monsieur-alain-fonteyn\/\" aria-label=\"En savoir plus sur Monsieur Alain Fonteyn\" tabindex=\"-1\" >\n\t\t\tLire plus\t\t<\/a>\n\n\t\t\t\t<\/div>\n\t\t\t\t\t<\/div>\n\t\t<\/article>\n\t\t\t\t<article class=\"elementor-post elementor-grid-item post-17398 condoleren type-condoleren status-publish has-post-thumbnail hentry\">\n\t\t\t<div class=\"elementor-post__card\">\n\t\t\t\t<a class=\"elementor-post__thumbnail__link\" href=\"https:\/\/www.aic-vbc.be\/fr\/condoleances\/monsieur-daniel-van-loon\/\" tabindex=\"-1\" ><div class=\"elementor-post__thumbnail\"><img loading=\"lazy\" decoding=\"async\" width=\"243\" height=\"300\" src=\"https:\/\/www.aic-vbc.be\/wp-content\/uploads\/2025\/05\/Foto--243x300.jpg\" class=\"attachment-medium size-medium wp-image-17399\" alt=\"van Loon Dani\u00ebl - AIC HEIRBRANT VBC\" srcset=\"https:\/\/www.aic-vbc.be\/wp-content\/uploads\/2025\/05\/Foto--243x300.jpg 243w, https:\/\/www.aic-vbc.be\/wp-content\/uploads\/2025\/05\/Foto--829x1024.jpg 829w, https:\/\/www.aic-vbc.be\/wp-content\/uploads\/2025\/05\/Foto--768x948.jpg 768w, https:\/\/www.aic-vbc.be\/wp-content\/uploads\/2025\/05\/Foto--1244x1536.jpg 1244w, https:\/\/www.aic-vbc.be\/wp-content\/uploads\/2025\/05\/Foto--600x741.jpg 600w, https:\/\/www.aic-vbc.be\/wp-content\/uploads\/2025\/05\/Foto-.jpg 1315w\" sizes=\"(max-width: 243px) 100vw, 243px\" \/><\/div><\/a>\n\t\t\t\t<div class=\"elementor-post__text\">\n\t\t\t\t<h3 class=\"elementor-post__title\">\n\t\t\t<a href=\"https:\/\/www.aic-vbc.be\/fr\/condoleances\/monsieur-daniel-van-loon\/\" >\n\t\t\t\tMonsieur Dani\u00ebl van Loon\t\t\t<\/a>\n\t\t<\/h3>\n\t\t\n\t\t<a class=\"elementor-post__read-more\" href=\"https:\/\/www.aic-vbc.be\/fr\/condoleances\/monsieur-daniel-van-loon\/\" aria-label=\"En savoir plus sur Monsieur Dani\u00ebl van Loon\" tabindex=\"-1\" >\n\t\t\tLire plus\t\t<\/a>\n\n\t\t\t\t<\/div>\n\t\t\t\t\t<\/div>\n\t\t<\/article>\n\t\t\t\t<article class=\"elementor-post elementor-grid-item post-17388 condoleren type-condoleren status-publish has-post-thumbnail hentry\">\n\t\t\t<div class=\"elementor-post__card\">\n\t\t\t\t<a class=\"elementor-post__thumbnail__link\" href=\"https:\/\/www.aic-vbc.be\/fr\/condoleances\/monsieur-louis-van-reysen-funerarium\/\" tabindex=\"-1\" ><div class=\"elementor-post__thumbnail\"><img loading=\"lazy\" decoding=\"async\" width=\"276\" height=\"300\" src=\"https:\/\/www.aic-vbc.be\/wp-content\/uploads\/2025\/05\/70-Ans-Dede-280106-039-276x300.jpg\" class=\"attachment-medium size-medium wp-image-17396\" alt=\"Louis van Reysen - Pompes fun\u00e8bres AIC HEIRBRANT Bruxelles\" srcset=\"https:\/\/www.aic-vbc.be\/wp-content\/uploads\/2025\/05\/70-Ans-Dede-280106-039-276x300.jpg 276w, https:\/\/www.aic-vbc.be\/wp-content\/uploads\/2025\/05\/70-Ans-Dede-280106-039-942x1024.jpg 942w, https:\/\/www.aic-vbc.be\/wp-content\/uploads\/2025\/05\/70-Ans-Dede-280106-039-768x835.jpg 768w, https:\/\/www.aic-vbc.be\/wp-content\/uploads\/2025\/05\/70-Ans-Dede-280106-039-1413x1536.jpg 1413w, https:\/\/www.aic-vbc.be\/wp-content\/uploads\/2025\/05\/70-Ans-Dede-280106-039-600x652.jpg 600w, https:\/\/www.aic-vbc.be\/wp-content\/uploads\/2025\/05\/70-Ans-Dede-280106-039.jpg 1840w\" sizes=\"(max-width: 276px) 100vw, 276px\" \/><\/div><\/a>\n\t\t\t\t<div class=\"elementor-post__text\">\n\t\t\t\t<h3 class=\"elementor-post__title\">\n\t\t\t<a href=\"https:\/\/www.aic-vbc.be\/fr\/condoleances\/monsieur-louis-van-reysen-funerarium\/\" >\n\t\t\t\tMonsieur Louis van Reysen\t\t\t<\/a>\n\t\t<\/h3>\n\t\t\n\t\t<a class=\"elementor-post__read-more\" href=\"https:\/\/www.aic-vbc.be\/fr\/condoleances\/monsieur-louis-van-reysen-funerarium\/\" aria-label=\"En savoir plus sur Monsieur Louis van Reysen\" tabindex=\"-1\" >\n\t\t\tLire plus\t\t<\/a>\n\n\t\t\t\t<\/div>\n\t\t\t\t\t<\/div>\n\t\t<\/article>\n\t\t\t\t<article class=\"elementor-post elementor-grid-item post-17204 condoleren type-condoleren status-publish has-post-thumbnail hentry\">\n\t\t\t<div class=\"elementor-post__card\">\n\t\t\t\t<a class=\"elementor-post__thumbnail__link\" href=\"https:\/\/www.aic-vbc.be\/fr\/condoleances\/monsieur-felicien-vanderheyde\/\" tabindex=\"-1\" ><div class=\"elementor-post__thumbnail\"><img loading=\"lazy\" decoding=\"async\" width=\"212\" height=\"300\" src=\"https:\/\/www.aic-vbc.be\/wp-content\/uploads\/2025\/02\/Felicien-Vanderheyde--212x300.jpg\" class=\"attachment-medium size-medium wp-image-17205\" alt=\"F\u00e9licien Vanderheyde - AIC HEIRBRANT Fun\u00e9railles - Uitvaartzorg\" srcset=\"https:\/\/www.aic-vbc.be\/wp-content\/uploads\/2025\/02\/Felicien-Vanderheyde--212x300.jpg 212w, https:\/\/www.aic-vbc.be\/wp-content\/uploads\/2025\/02\/Felicien-Vanderheyde--723x1024.jpg 723w, https:\/\/www.aic-vbc.be\/wp-content\/uploads\/2025\/02\/Felicien-Vanderheyde--768x1088.jpg 768w, https:\/\/www.aic-vbc.be\/wp-content\/uploads\/2025\/02\/Felicien-Vanderheyde--1085x1536.jpg 1085w, https:\/\/www.aic-vbc.be\/wp-content\/uploads\/2025\/02\/Felicien-Vanderheyde--600x850.jpg 600w, https:\/\/www.aic-vbc.be\/wp-content\/uploads\/2025\/02\/Felicien-Vanderheyde-.jpg 1264w\" sizes=\"(max-width: 212px) 100vw, 212px\" \/><\/div><\/a>\n\t\t\t\t<div class=\"elementor-post__text\">\n\t\t\t\t<h3 class=\"elementor-post__title\">\n\t\t\t<a href=\"https:\/\/www.aic-vbc.be\/fr\/condoleances\/monsieur-felicien-vanderheyde\/\" >\n\t\t\t\tMonsieur F\u00e9licien Vanderheyde\t\t\t<\/a>\n\t\t<\/h3>\n\t\t\n\t\t<a class=\"elementor-post__read-more\" href=\"https:\/\/www.aic-vbc.be\/fr\/condoleances\/monsieur-felicien-vanderheyde\/\" aria-label=\"En savoir plus sur Monsieur F\u00e9licien Vanderheyde\" tabindex=\"-1\" >\n\t\t\tLire plus\t\t<\/a>\n\n\t\t\t\t<\/div>\n\t\t\t\t\t<\/div>\n\t\t<\/article>\n\t\t\t\t<\/div>\n\t\t\n\t\t\t\t<div class=\"e-load-more-anchor\" data-page=\"1\" data-max-page=\"3\" data-next-page=\"https:\/\/www.aic-vbc.be\/fr\/wp-json\/wp\/v2\/pages\/1070\/page\/2\/\"><\/div>\n\t\t\t\t<nav class=\"elementor-pagination\" aria-label=\"Pagination\">\n\t\t\t<span aria-current=\"page\" class=\"page-numbers current\"><span class=\"elementor-screen-only\">Page<\/span>1<\/span>\n<a class=\"page-numbers\" href=\"https:\/\/www.aic-vbc.be\/fr\/wp-json\/wp\/v2\/pages\/1070\/page\/2\/\"><span class=\"elementor-screen-only\">Page<\/span>2<\/a>\n<a class=\"page-numbers\" href=\"https:\/\/www.aic-vbc.be\/fr\/wp-json\/wp\/v2\/pages\/1070\/page\/3\/\"><span class=\"elementor-screen-only\">Page<\/span>3<\/a>\t\t<\/nav>\n\t\t\t\t\t\t<\/div>\n\t\t\t\t<\/div>\n\t\t\t\t\t<\/div>\n\t\t<\/div>\n\t\t\t\t\t<\/div>\n\t\t<\/section>\n\t\t\t\t<\/div>\n\t\t","protected":false},"excerpt":{"rendered":"<p>Avis de d\u00e9c\u00e8s Ici vous pouvez t\u00e9moigner votre soutien aupr\u00e8s de la famille ainsi que de leurs proches<\/p>\n","protected":false},"author":1,"featured_media":0,"parent":0,"menu_order":0,"comment_status":"closed","ping_status":"closed","template":"","meta":{"_acf_changed":false,"inline_featured_image":false,"_exactmetrics_skip_tracking":false,"_exactmetrics_sitenote_active":false,"_exactmetrics_sitenote_note":"","_exactmetrics_sitenote_category":0,"footnotes":""},"class_list":["post-1070","page","type-page","status-publish","hentry"],"acf":[],"yoast_head":"<!-- This site is optimized with the Yoast SEO plugin v27.0 - https:\/\/yoast.com\/product\/yoast-seo-wordpress\/ -->\n<title>Avis de d\u00e9c\u00e8s - Fun\u00e9railles \u00e0 Bruxelles - Pompes fun\u00e9bres AIC<\/title>\n<meta name=\"description\" content=\"Avis de d\u00e9c\u00e8s - Pompes fun\u00e8bres AIC Heirbrant - Un soutien \u00e0 la famille - Hommages et condol\u00e9ances - www.aic-vbc.be - 02\/502.14.24\" \/>\n<meta name=\"robots\" content=\"index, follow, max-snippet:-1, max-image-preview:large, max-video-preview:-1\" \/>\n<link rel=\"canonical\" href=\"https:\/\/www.aic-vbc.be\/fr\/avis-de-deces\/\" \/>\n<meta property=\"og:locale\" content=\"fr_FR\" \/>\n<meta property=\"og:type\" content=\"article\" \/>\n<meta property=\"og:title\" content=\"Avis de d\u00e9c\u00e8s - Fun\u00e9railles \u00e0 Bruxelles - Pompes fun\u00e9bres AIC\" \/>\n<meta property=\"og:description\" content=\"Avis de d\u00e9c\u00e8s - Pompes fun\u00e8bres AIC Heirbrant - Un soutien \u00e0 la famille - Hommages et condol\u00e9ances - www.aic-vbc.be - 02\/502.14.24\" \/>\n<meta property=\"og:url\" content=\"https:\/\/www.aic-vbc.be\/fr\/avis-de-deces\/\" \/>\n<meta property=\"og:site_name\" content=\"AIC HEIRBRANT VBC\" \/>\n<meta property=\"article:modified_time\" content=\"2026-03-13T23:59:16+00:00\" \/>\n<meta name=\"twitter:card\" content=\"summary_large_image\" \/>\n<meta name=\"twitter:label1\" content=\"Dur\u00e9e de lecture estim\u00e9e\" \/>\n\t<meta name=\"twitter:data1\" content=\"1 minute\" \/>\n<script type=\"application\/ld+json\" class=\"yoast-schema-graph\">{\"@context\":\"https:\/\/schema.org\",\"@graph\":[{\"@type\":\"WebPage\",\"@id\":\"https:\/\/www.aic-vbc.be\/fr\/avis-de-deces\/\",\"url\":\"https:\/\/www.aic-vbc.be\/fr\/avis-de-deces\/\",\"name\":\"Avis de d\u00e9c\u00e8s - Fun\u00e9railles \u00e0 Bruxelles - Pompes fun\u00e9bres AIC\",\"isPartOf\":{\"@id\":\"\/#website\"},\"datePublished\":\"2020-09-16T05:26:31+00:00\",\"dateModified\":\"2026-03-13T23:59:16+00:00\",\"description\":\"Avis de d\u00e9c\u00e8s - Pompes fun\u00e8bres AIC Heirbrant - Un soutien \u00e0 la famille - Hommages et condol\u00e9ances - www.aic-vbc.be - 02\/502.14.24\",\"breadcrumb\":{\"@id\":\"https:\/\/www.aic-vbc.be\/fr\/avis-de-deces\/#breadcrumb\"},\"inLanguage\":\"fr-FR\",\"potentialAction\":[{\"@type\":\"ReadAction\",\"target\":[\"https:\/\/www.aic-vbc.be\/fr\/avis-de-deces\/\"]}]},{\"@type\":\"BreadcrumbList\",\"@id\":\"https:\/\/www.aic-vbc.be\/fr\/avis-de-deces\/#breadcrumb\",\"itemListElement\":[{\"@type\":\"ListItem\",\"position\":1,\"name\":\"Home\",\"item\":\"https:\/\/www.aic-vbc.be\/fr\/\"},{\"@type\":\"ListItem\",\"position\":2,\"name\":\"Avis de d\u00e9c\u00e8s\"}]},{\"@type\":\"WebSite\",\"@id\":\"\/#website\",\"url\":\"\/\",\"name\":\"AIC VBC\",\"description\":\"\",\"publisher\":{\"@id\":\"\/#organization\"},\"potentialAction\":[{\"@type\":\"SearchAction\",\"target\":{\"@type\":\"EntryPoint\",\"urlTemplate\":\"\/?s={search_term_string}\"},\"query-input\":{\"@type\":\"PropertyValueSpecification\",\"valueRequired\":true,\"valueName\":\"search_term_string\"}}],\"inLanguage\":\"fr-FR\"},{\"@type\":\"Organization\",\"@id\":\"\/#organization\",\"name\":\"AIC - HEIRBRANT - VBC\",\"url\":\"\/\",\"logo\":{\"@type\":\"ImageObject\",\"inLanguage\":\"fr-FR\",\"@id\":\"\/#\/schema\/logo\/image\/\",\"url\":\"https:\/\/www.aic-vbc.be\/wp-content\/uploads\/2020\/08\/AIC_Sfeerbeeld_01.jpg\",\"contentUrl\":\"https:\/\/www.aic-vbc.be\/wp-content\/uploads\/2020\/08\/AIC_Sfeerbeeld_01.jpg\",\"width\":1281,\"height\":854,\"caption\":\"AIC - HEIRBRANT - VBC\"},\"image\":{\"@id\":\"\/#\/schema\/logo\/image\/\"}}]}<\/script>\n<!-- \/ Yoast SEO plugin. -->","yoast_head_json":{"title":"Avis de d\u00e9c\u00e8s - Fun\u00e9railles \u00e0 Bruxelles - Pompes fun\u00e9bres AIC","description":"Avis de d\u00e9c\u00e8s - Pompes fun\u00e8bres AIC Heirbrant - Un soutien \u00e0 la famille - Hommages et condol\u00e9ances - www.aic-vbc.be - 02\/502.14.24","robots":{"index":"index","follow":"follow","max-snippet":"max-snippet:-1","max-image-preview":"max-image-preview:large","max-video-preview":"max-video-preview:-1"},"canonical":"https:\/\/www.aic-vbc.be\/fr\/avis-de-deces\/","og_locale":"fr_FR","og_type":"article","og_title":"Avis de d\u00e9c\u00e8s - Fun\u00e9railles \u00e0 Bruxelles - Pompes fun\u00e9bres AIC","og_description":"Avis de d\u00e9c\u00e8s - Pompes fun\u00e8bres AIC Heirbrant - Un soutien \u00e0 la famille - Hommages et condol\u00e9ances - www.aic-vbc.be - 02\/502.14.24","og_url":"https:\/\/www.aic-vbc.be\/fr\/avis-de-deces\/","og_site_name":"AIC HEIRBRANT VBC","article_modified_time":"2026-03-13T23:59:16+00:00","twitter_card":"summary_large_image","twitter_misc":{"Dur\u00e9e de lecture estim\u00e9e":"1 minute"},"schema":{"@context":"https:\/\/schema.org","@graph":[{"@type":"WebPage","@id":"https:\/\/www.aic-vbc.be\/fr\/avis-de-deces\/","url":"https:\/\/www.aic-vbc.be\/fr\/avis-de-deces\/","name":"Avis de d\u00e9c\u00e8s - Fun\u00e9railles \u00e0 Bruxelles - Pompes fun\u00e9bres AIC","isPartOf":{"@id":"\/#website"},"datePublished":"2020-09-16T05:26:31+00:00","dateModified":"2026-03-13T23:59:16+00:00","description":"Avis de d\u00e9c\u00e8s - Pompes fun\u00e8bres AIC Heirbrant - Un soutien \u00e0 la famille - Hommages et condol\u00e9ances - www.aic-vbc.be - 02\/502.14.24","breadcrumb":{"@id":"https:\/\/www.aic-vbc.be\/fr\/avis-de-deces\/#breadcrumb"},"inLanguage":"fr-FR","potentialAction":[{"@type":"ReadAction","target":["https:\/\/www.aic-vbc.be\/fr\/avis-de-deces\/"]}]},{"@type":"BreadcrumbList","@id":"https:\/\/www.aic-vbc.be\/fr\/avis-de-deces\/#breadcrumb","itemListElement":[{"@type":"ListItem","position":1,"name":"Home","item":"https:\/\/www.aic-vbc.be\/fr\/"},{"@type":"ListItem","position":2,"name":"Avis de d\u00e9c\u00e8s"}]},{"@type":"WebSite","@id":"\/#website","url":"\/","name":"AIC VBC","description":"","publisher":{"@id":"\/#organization"},"potentialAction":[{"@type":"SearchAction","target":{"@type":"EntryPoint","urlTemplate":"\/?s={search_term_string}"},"query-input":{"@type":"PropertyValueSpecification","valueRequired":true,"valueName":"search_term_string"}}],"inLanguage":"fr-FR"},{"@type":"Organization","@id":"\/#organization","name":"AIC - HEIRBRANT - VBC","url":"\/","logo":{"@type":"ImageObject","inLanguage":"fr-FR","@id":"\/#\/schema\/logo\/image\/","url":"https:\/\/www.aic-vbc.be\/wp-content\/uploads\/2020\/08\/AIC_Sfeerbeeld_01.jpg","contentUrl":"https:\/\/www.aic-vbc.be\/wp-content\/uploads\/2020\/08\/AIC_Sfeerbeeld_01.jpg","width":1281,"height":854,"caption":"AIC - HEIRBRANT - VBC"},"image":{"@id":"\/#\/schema\/logo\/image\/"}}]}},"_links":{"self":[{"href":"https:\/\/www.aic-vbc.be\/fr\/wp-json\/wp\/v2\/pages\/1070","targetHints":{"allow":["GET"]}}],"collection":[{"href":"https:\/\/www.aic-vbc.be\/fr\/wp-json\/wp\/v2\/pages"}],"about":[{"href":"https:\/\/www.aic-vbc.be\/fr\/wp-json\/wp\/v2\/types\/page"}],"author":[{"embeddable":true,"href":"https:\/\/www.aic-vbc.be\/fr\/wp-json\/wp\/v2\/users\/1"}],"replies":[{"embeddable":true,"href":"https:\/\/www.aic-vbc.be\/fr\/wp-json\/wp\/v2\/comments?post=1070"}],"version-history":[{"count":26,"href":"https:\/\/www.aic-vbc.be\/fr\/wp-json\/wp\/v2\/pages\/1070\/revisions"}],"predecessor-version":[{"id":17798,"href":"https:\/\/www.aic-vbc.be\/fr\/wp-json\/wp\/v2\/pages\/1070\/revisions\/17798"}],"wp:attachment":[{"href":"https:\/\/www.aic-vbc.be\/fr\/wp-json\/wp\/v2\/media?parent=1070"}],"curies":[{"name":"wp","href":"https:\/\/api.w.org\/{rel}","templated":true}]}}